{"id":93,"date":"2014-10-06T22:58:39","date_gmt":"2014-10-06T20:58:39","guid":{"rendered":"http:\/\/singbergschule-woelfersheim.de\/wordpress\/?page_id=93"},"modified":"2015-03-31T17:40:23","modified_gmt":"2015-03-31T15:40:23","slug":"schulgeschichte","status":"publish","type":"page","link":"https:\/\/singbergschule-woelfersheim.de\/?page_id=93","title":{"rendered":"Schulgeschichte"},"content":{"rendered":"<p><img loading=\"lazy\" decoding=\"async\" class=\"aligncenter wp-image-4391 size-full\" src=\"http:\/\/singbergschule-woelfersheim.de\/wp-content\/uploads\/EinladungKommers.jpg\" alt=\"EinladungKommers.indd\" width=\"612\" height=\"300\" srcset=\"https:\/\/singbergschule-woelfersheim.de\/wp-content\/uploads\/EinladungKommers.jpg 612w, https:\/\/singbergschule-woelfersheim.de\/wp-content\/uploads\/EinladungKommers-300x147.jpg 300w\" sizes=\"auto, (max-width: 612px) 100vw, 612px\" \/><\/p>\n<p>&nbsp;<\/p>\n<p>Wer sich ausf\u00fchrlich \u00fcber die 50-j\u00e4hrige Entwicklung der Singbergschule informieren m\u00f6chte, kann gern unsere Festschrift zum 50-j\u00e4hrigen Jubil\u00e4um f\u00fcr 5 \u20ac erwerben. Hier findet man in einem ausf\u00fchrlichen, bebilderten Teil viele R\u00fcckblicke, Geschichten und Ereignisse der vergangenen 5 Jahrzehnte. Unsere Sekret\u00e4rinnen senden Ihnen die Festschrift auch gern zu.<\/p>\n<p>&nbsp;<\/p>\n<p><a title=\"Live on stage - 50 Jahre Schulgeschichte\" href=\"http:\/\/singbergschule-woelfersheim.de\/wp-content\/uploads\/on-stage-50-Jahre-Schulgeschichte.pdf\" target=\"_blank\">Live on stage &#8211; 50 Jahre Schulgeschichte<\/a><\/p>\n<p>&nbsp;<\/p>\n<p><img loading=\"lazy\" decoding=\"async\" class=\"aligncenter wp-image-4395 size-full\" src=\"http:\/\/singbergschule-woelfersheim.de\/wp-content\/uploads\/Festschrift.jpg\" alt=\"Festschrift\" width=\"495\" height=\"700\" srcset=\"https:\/\/singbergschule-woelfersheim.de\/wp-content\/uploads\/Festschrift.jpg 495w, https:\/\/singbergschule-woelfersheim.de\/wp-content\/uploads\/Festschrift-300x424.jpg 300w\" sizes=\"auto, (max-width: 495px) 100vw, 495px\" \/><\/p>\n","protected":false},"excerpt":{"rendered":"<p>&nbsp; Wer sich ausf\u00fchrlich \u00fcber die 50-j\u00e4hrige Entwicklung der Singbergschule informieren m\u00f6chte, kann gern unsere Festschrift zum 50-j\u00e4hrigen Jubil\u00e4um f\u00fcr 5 \u20ac erwerben. Hier findet man in einem ausf\u00fchrlichen, bebilderten Teil viele R\u00fcckblicke, Geschichten und Ereignisse der vergangenen 5 Jahrzehnte. Unsere Sekret\u00e4rinnen senden Ihnen die Festschrift auch gern zu. &nbsp; Live on stage &#8211; 50 Jahre Schulgeschichte &nbsp;<\/p>\n","protected":false},"author":2,"featured_media":0,"parent":0,"menu_order":0,"comment_status":"closed","ping_status":"open","template":"","meta":{"footnotes":""},"class_list":["post-93","page","type-page","status-publish","hentry"],"_links":{"self":[{"href":"https:\/\/singbergschule-woelfersheim.de\/index.php?rest_route=\/wp\/v2\/pages\/93","targetHints":{"allow":["GET"]}}],"collection":[{"href":"https:\/\/singbergschule-woelfersheim.de\/index.php?rest_route=\/wp\/v2\/pages"}],"about":[{"href":"https:\/\/singbergschule-woelfersheim.de\/index.php?rest_route=\/wp\/v2\/types\/page"}],"author":[{"embeddable":true,"href":"https:\/\/singbergschule-woelfersheim.de\/index.php?rest_route=\/wp\/v2\/users\/2"}],"replies":[{"embeddable":true,"href":"https:\/\/singbergschule-woelfersheim.de\/index.php?rest_route=%2Fwp%2Fv2%2Fcomments&post=93"}],"version-history":[{"count":9,"href":"https:\/\/singbergschule-woelfersheim.de\/index.php?rest_route=\/wp\/v2\/pages\/93\/revisions"}],"predecessor-version":[{"id":5344,"href":"https:\/\/singbergschule-woelfersheim.de\/index.php?rest_route=\/wp\/v2\/pages\/93\/revisions\/5344"}],"wp:attachment":[{"href":"https:\/\/singbergschule-woelfersheim.de\/index.php?rest_route=%2Fwp%2Fv2%2Fmedia&parent=93"}],"curies":[{"name":"wp","href":"https:\/\/api.w.org\/{rel}","templated":true}]}}