{"id":9048383,"date":"2023-05-17T20:14:27","date_gmt":"2023-05-17T18:14:27","guid":{"rendered":"https:\/\/singbergschule-woelfersheim.de\/?page_id=9048383"},"modified":"2024-06-16T16:07:38","modified_gmt":"2024-06-16T14:07:38","slug":"singberg-on-stage","status":"publish","type":"page","link":"https:\/\/singbergschule-woelfersheim.de\/?page_id=9048383","title":{"rendered":"<strong>Singberg on Stage<\/strong>"},"content":{"rendered":"<h1 style=\"text-align: center;\"><span style=\"color: #800000;\"><span style=\"color: #0000ff;\"><strong>Wir zeigen&#8217;s euch!<\/strong><\/span> <\/span><\/h1>\n<h1 style=\"text-align: center;\"><span style=\"color: #800000;\">Vom 17. &#8211; 21. Juni zeigen unsere Sch\u00fclerinnen und Sch\u00fcler ihr musikalisches, k\u00fcnstlerisches und theatralisches K\u00f6nnen!<\/span><\/h1>\n<p><img loading=\"lazy\" decoding=\"async\" class=\"alignleft wp-image-11498769\" src=\"https:\/\/singbergschule-woelfersheim.de\/wp-content\/uploads\/1d866e70-bc81-492f-beb7-eb1fb4a93a02-300x225.jpg\" alt=\"\" width=\"400\" height=\"300\" srcset=\"https:\/\/singbergschule-woelfersheim.de\/wp-content\/uploads\/1d866e70-bc81-492f-beb7-eb1fb4a93a02-300x225.jpg 300w, https:\/\/singbergschule-woelfersheim.de\/wp-content\/uploads\/1d866e70-bc81-492f-beb7-eb1fb4a93a02-1200x900.jpg 1200w, https:\/\/singbergschule-woelfersheim.de\/wp-content\/uploads\/1d866e70-bc81-492f-beb7-eb1fb4a93a02-768x576.jpg 768w, https:\/\/singbergschule-woelfersheim.de\/wp-content\/uploads\/1d866e70-bc81-492f-beb7-eb1fb4a93a02-1536x1152.jpg 1536w, https:\/\/singbergschule-woelfersheim.de\/wp-content\/uploads\/1d866e70-bc81-492f-beb7-eb1fb4a93a02.jpg 1600w\" sizes=\"auto, (max-width: 400px) 100vw, 400px\" \/> <img loading=\"lazy\" decoding=\"async\" class=\"alignright wp-image-11498770\" src=\"https:\/\/singbergschule-woelfersheim.de\/wp-content\/uploads\/7fe52de3-e465-432b-8158-31f2300bec7a-300x225.jpg\" alt=\"\" width=\"400\" height=\"300\" srcset=\"https:\/\/singbergschule-woelfersheim.de\/wp-content\/uploads\/7fe52de3-e465-432b-8158-31f2300bec7a-300x225.jpg 300w, https:\/\/singbergschule-woelfersheim.de\/wp-content\/uploads\/7fe52de3-e465-432b-8158-31f2300bec7a-1200x900.jpg 1200w, https:\/\/singbergschule-woelfersheim.de\/wp-content\/uploads\/7fe52de3-e465-432b-8158-31f2300bec7a-768x576.jpg 768w, https:\/\/singbergschule-woelfersheim.de\/wp-content\/uploads\/7fe52de3-e465-432b-8158-31f2300bec7a-1536x1152.jpg 1536w, https:\/\/singbergschule-woelfersheim.de\/wp-content\/uploads\/7fe52de3-e465-432b-8158-31f2300bec7a.jpg 1600w\" sizes=\"auto, (max-width: 400px) 100vw, 400px\" \/><\/p>\n","protected":false},"excerpt":{"rendered":"<p>Wir zeigen&#8217;s euch! Vom 17. &#8211; 21. Juni zeigen unsere Sch\u00fclerinnen und Sch\u00fcler ihr musikalisches, k\u00fcnstlerisches und theatralisches K\u00f6nnen!<\/p>\n","protected":false},"author":70,"featured_media":0,"parent":0,"menu_order":0,"comment_status":"closed","ping_status":"closed","template":"","meta":{"footnotes":""},"class_list":["post-9048383","page","type-page","status-publish","hentry"],"_links":{"self":[{"href":"https:\/\/singbergschule-woelfersheim.de\/index.php?rest_route=\/wp\/v2\/pages\/9048383","targetHints":{"allow":["GET"]}}],"collection":[{"href":"https:\/\/singbergschule-woelfersheim.de\/index.php?rest_route=\/wp\/v2\/pages"}],"about":[{"href":"https:\/\/singbergschule-woelfersheim.de\/index.php?rest_route=\/wp\/v2\/types\/page"}],"author":[{"embeddable":true,"href":"https:\/\/singbergschule-woelfersheim.de\/index.php?rest_route=\/wp\/v2\/users\/70"}],"replies":[{"embeddable":true,"href":"https:\/\/singbergschule-woelfersheim.de\/index.php?rest_route=%2Fwp%2Fv2%2Fcomments&post=9048383"}],"version-history":[{"count":11,"href":"https:\/\/singbergschule-woelfersheim.de\/index.php?rest_route=\/wp\/v2\/pages\/9048383\/revisions"}],"predecessor-version":[{"id":11498772,"href":"https:\/\/singbergschule-woelfersheim.de\/index.php?rest_route=\/wp\/v2\/pages\/9048383\/revisions\/11498772"}],"wp:attachment":[{"href":"https:\/\/singbergschule-woelfersheim.de\/index.php?rest_route=%2Fwp%2Fv2%2Fmedia&parent=9048383"}],"curies":[{"name":"wp","href":"https:\/\/api.w.org\/{rel}","templated":true}]}}