{"id":7717121,"date":"2022-10-22T14:03:52","date_gmt":"2022-10-22T12:03:52","guid":{"rendered":"https:\/\/singbergschule-woelfersheim.de\/?page_id=7717121"},"modified":"2024-05-21T16:19:04","modified_gmt":"2024-05-21T14:19:04","slug":"podcast-berufsorientierung","status":"publish","type":"page","link":"https:\/\/singbergschule-woelfersheim.de\/?page_id=7717121","title":{"rendered":"Podcast Berufsorientierung"},"content":{"rendered":"<p>Auf dieser Seite kannst du dir Informationen zu verschiedenen Berufen holen. In einem kurzen Podcast werden sehr verschiedene Berufe genauer vorgestellt. H\u00f6r mal rein!<\/p>\n<p>&nbsp;<\/p>\n<p><img loading=\"lazy\" decoding=\"async\" class=\"alignnone wp-image-10972254 size-medium\" src=\"https:\/\/singbergschule-woelfersheim.de\/wp-content\/uploads\/IMG_186k-300x323.jpeg\" alt=\"\" width=\"300\" height=\"323\" srcset=\"https:\/\/singbergschule-woelfersheim.de\/wp-content\/uploads\/IMG_186k-300x323.jpeg 300w, https:\/\/singbergschule-woelfersheim.de\/wp-content\/uploads\/IMG_186k.jpeg 705w\" sizes=\"auto, (max-width: 300px) 100vw, 300px\" \/><\/p>\n<p>Isabell Polzer und Laura Kirchner informieren dar\u00fcber, wie man einen Praktikumsplatz finden kann.<\/p>\n<audio class=\"wp-audio-shortcode\" id=\"audio-7717121-1\" preload=\"none\" style=\"width: 100%;\" controls=\"controls\"><source type=\"audio\/mpeg\" src=\"https:\/\/singbergschule-woelfersheim.de\/wp-content\/uploads\/Praktikum.m4a?_=1\" \/><a href=\"https:\/\/singbergschule-woelfersheim.de\/wp-content\/uploads\/Praktikum.m4a\">https:\/\/singbergschule-woelfersheim.de\/wp-content\/uploads\/Praktikum.m4a<\/a><\/audio>\n<p>&nbsp;<\/p>\n<p>Laura Kirchner und Isabell Polzer informieren \u00fcber die Berufsb\u00f6rse, die jedes Jahr im November stattfindet.<\/p>\n<audio class=\"wp-audio-shortcode\" id=\"audio-7717121-2\" preload=\"none\" style=\"width: 100%;\" controls=\"controls\"><source type=\"audio\/mpeg\" src=\"https:\/\/singbergschule-woelfersheim.de\/wp-content\/uploads\/Berufsboerse.m4a?_=2\" \/><a href=\"https:\/\/singbergschule-woelfersheim.de\/wp-content\/uploads\/Berufsboerse.m4a\">https:\/\/singbergschule-woelfersheim.de\/wp-content\/uploads\/Berufsboerse.m4a<\/a><\/audio>\n<p>&nbsp;<\/p>\n<p>&nbsp;<\/p>\n<p>September 2023 &#8211; Gespr\u00e4ch mit Frau Moos, die f\u00fcr die Berufs- und Studienberatung an der Schule verantwortlich ist.<\/p>\n<audio class=\"wp-audio-shortcode\" id=\"audio-7717121-3\" preload=\"none\" style=\"width: 100%;\" controls=\"controls\"><source type=\"audio\/mpeg\" src=\"https:\/\/singbergschule-woelfersheim.de\/wp-content\/uploads\/AUDIO-2023-09-20-08-56-19.mp3?_=3\" \/><a href=\"https:\/\/singbergschule-woelfersheim.de\/wp-content\/uploads\/AUDIO-2023-09-20-08-56-19.mp3\">https:\/\/singbergschule-woelfersheim.de\/wp-content\/uploads\/AUDIO-2023-09-20-08-56-19.mp3<\/a><\/audio>\n<p><img loading=\"lazy\" decoding=\"async\" class=\"alignleft wp-image-9464994\" src=\"https:\/\/singbergschule-woelfersheim.de\/wp-content\/uploads\/PHOTO-2023-09-20-08-59-08-300x225.jpg\" alt=\"\" width=\"384\" height=\"288\" srcset=\"https:\/\/singbergschule-woelfersheim.de\/wp-content\/uploads\/PHOTO-2023-09-20-08-59-08-300x225.jpg 300w, https:\/\/singbergschule-woelfersheim.de\/wp-content\/uploads\/PHOTO-2023-09-20-08-59-08-1200x900.jpg 1200w, https:\/\/singbergschule-woelfersheim.de\/wp-content\/uploads\/PHOTO-2023-09-20-08-59-08-768x576.jpg 768w, https:\/\/singbergschule-woelfersheim.de\/wp-content\/uploads\/PHOTO-2023-09-20-08-59-08.jpg 1600w\" sizes=\"auto, (max-width: 384px) 100vw, 384px\" \/><\/p>\n<h2><\/h2>\n<h2><span style=\"color: #800000;\">Laura Kirchner und Isabell Polzer im Gespr\u00e4ch mit Frau Moos von der Arbeitsagentur.<\/span><\/h2>\n<p>&nbsp;<\/p>\n<p>&nbsp;<\/p>\n<p>&nbsp;<\/p>\n<p>&nbsp;<\/p>\n<p>&nbsp;<\/p>\n<p>&nbsp;<\/p>\n<p>Mai 2023 &#8211; Gespr\u00e4ch mit den Hochbauingenieren des Wetteraukreises Til Scherer und Mike V\u00f6lker<\/p>\n<audio class=\"wp-audio-shortcode\" id=\"audio-7717121-4\" preload=\"none\" style=\"width: 100%;\" controls=\"controls\"><source type=\"audio\/mpeg\" src=\"https:\/\/singbergschule-woelfersheim.de\/wp-content\/uploads\/Folge-6-Bauingenieur.mp3?_=4\" \/><a href=\"https:\/\/singbergschule-woelfersheim.de\/wp-content\/uploads\/Folge-6-Bauingenieur.mp3\">https:\/\/singbergschule-woelfersheim.de\/wp-content\/uploads\/Folge-6-Bauingenieur.mp3<\/a><\/audio>\n<div id=\"attachment_9048393\" style=\"width: 310px\" class=\"wp-caption alignleft\"><img loading=\"lazy\" decoding=\"async\" aria-describedby=\"caption-attachment-9048393\" class=\"wp-image-9048393 size-medium\" src=\"https:\/\/singbergschule-woelfersheim.de\/wp-content\/uploads\/PHOTO-2023-05-17-12-39-39-300x400.jpg\" alt=\"\" width=\"300\" height=\"400\" srcset=\"https:\/\/singbergschule-woelfersheim.de\/wp-content\/uploads\/PHOTO-2023-05-17-12-39-39-300x400.jpg 300w, https:\/\/singbergschule-woelfersheim.de\/wp-content\/uploads\/PHOTO-2023-05-17-12-39-39-768x1024.jpg 768w, https:\/\/singbergschule-woelfersheim.de\/wp-content\/uploads\/PHOTO-2023-05-17-12-39-39.jpg 1200w\" sizes=\"auto, (max-width: 300px) 100vw, 300px\" \/><p id=\"caption-attachment-9048393\" class=\"wp-caption-text\"><span style=\"color: #000000;\">Laura Kircher, verantwortlich f\u00fcr Studienorientierung im Gespr\u00e4ch<\/span><\/p><\/div>\n<p>&nbsp;<\/p>\n<p>&nbsp;<\/p>\n<p>&nbsp;<\/p>\n<h2><span style=\"color: #800000;\">Beruf: Hochbauingenieur<\/span><\/h2>\n<p>&nbsp;<\/p>\n<p>&nbsp;<\/p>\n<p>&nbsp;<\/p>\n<p>&nbsp;<\/p>\n<p>&nbsp;<\/p>\n<p>&nbsp;<\/p>\n<p>&nbsp;<\/p>\n<p>&nbsp;<\/p>\n<p>&nbsp;<\/p>\n<p>&nbsp;<\/p>\n<p>M\u00e4rz 2023 &#8211; Gespr\u00e4ch mit dem Gesundheits- und Kinderkrankenpfleger Javan Herbert<\/p>\n<audio class=\"wp-audio-shortcode\" id=\"audio-7717121-5\" preload=\"none\" style=\"width: 100%;\" controls=\"controls\"><source type=\"audio\/mpeg\" src=\"https:\/\/singbergschule-woelfersheim.de\/wp-content\/uploads\/AUDIO-2023-03-30-18-57-41.mp3?_=5\" \/><a href=\"https:\/\/singbergschule-woelfersheim.de\/wp-content\/uploads\/AUDIO-2023-03-30-18-57-41.mp3\">https:\/\/singbergschule-woelfersheim.de\/wp-content\/uploads\/AUDIO-2023-03-30-18-57-41.mp3<\/a><\/audio>\n<p><img loading=\"lazy\" decoding=\"async\" class=\"alignleft wp-image-8825211 size-medium\" src=\"https:\/\/singbergschule-woelfersheim.de\/wp-content\/uploads\/PHOTO-2023-03-30-18-58-17-1-300x351.jpg\" alt=\"\" width=\"300\" height=\"351\" srcset=\"https:\/\/singbergschule-woelfersheim.de\/wp-content\/uploads\/PHOTO-2023-03-30-18-58-17-1-300x351.jpg 300w, https:\/\/singbergschule-woelfersheim.de\/wp-content\/uploads\/PHOTO-2023-03-30-18-58-17-1-876x1024.jpg 876w, https:\/\/singbergschule-woelfersheim.de\/wp-content\/uploads\/PHOTO-2023-03-30-18-58-17-1-768x897.jpg 768w, https:\/\/singbergschule-woelfersheim.de\/wp-content\/uploads\/PHOTO-2023-03-30-18-58-17-1.jpg 896w\" sizes=\"auto, (max-width: 300px) 100vw, 300px\" \/><\/p>\n<p>&nbsp;<\/p>\n<h2><span style=\"color: #800000;\">Beruf: Gesundheits- und Kinderkrankenpfleger\/in<\/span><\/h2>\n<p>&nbsp;<\/p>\n<p>&nbsp;<\/p>\n<p>&nbsp;<\/p>\n<p>&nbsp;<\/p>\n<p>&nbsp;<\/p>\n<p>&nbsp;<\/p>\n<p>&nbsp;<\/p>\n<p>&nbsp;<\/p>\n<p>Februar 2022 &#8211; Gespr\u00e4ch mit den Lehramtsreferendaren Fabian Ruppel und Sabrina Zajonz<\/p>\n<audio class=\"wp-audio-shortcode\" id=\"audio-7717121-6\" preload=\"none\" style=\"width: 100%;\" controls=\"controls\"><source type=\"audio\/mpeg\" src=\"https:\/\/singbergschule-woelfersheim.de\/wp-content\/uploads\/Folge-5-Lehramt.mp3?_=6\" \/><a href=\"https:\/\/singbergschule-woelfersheim.de\/wp-content\/uploads\/Folge-5-Lehramt.mp3\">https:\/\/singbergschule-woelfersheim.de\/wp-content\/uploads\/Folge-5-Lehramt.mp3<\/a><\/audio>\n<p><img loading=\"lazy\" decoding=\"async\" class=\"alignleft wp-image-8733704 size-medium\" src=\"https:\/\/singbergschule-woelfersheim.de\/wp-content\/uploads\/PHOTO-2023-03-01-10-43-29-300x400.jpg\" alt=\"\" width=\"300\" height=\"400\" srcset=\"https:\/\/singbergschule-woelfersheim.de\/wp-content\/uploads\/PHOTO-2023-03-01-10-43-29-300x400.jpg 300w, https:\/\/singbergschule-woelfersheim.de\/wp-content\/uploads\/PHOTO-2023-03-01-10-43-29-768x1024.jpg 768w, https:\/\/singbergschule-woelfersheim.de\/wp-content\/uploads\/PHOTO-2023-03-01-10-43-29.jpg 1536w\" sizes=\"auto, (max-width: 300px) 100vw, 300px\" \/><\/p>\n<p>&nbsp;<\/p>\n<p>&nbsp;<\/p>\n<h2><span style=\"color: #800000;\">Beruf: Lehrer\/Lehrerin<\/span><\/h2>\n<p>&nbsp;<\/p>\n<p>&nbsp;<\/p>\n<p>&nbsp;<\/p>\n<p>&nbsp;<\/p>\n<p>&nbsp;<\/p>\n<p>&nbsp;<\/p>\n<p>&nbsp;<\/p>\n<p>&nbsp;<\/p>\n<p>&nbsp;<\/p>\n<p>Dezember 2022 &#8211; Gespr\u00e4ch mit dem Psychologen PD Dr. Kai Hamburger<\/p>\n<audio class=\"wp-audio-shortcode\" id=\"audio-7717121-7\" preload=\"none\" style=\"width: 100%;\" controls=\"controls\"><source type=\"audio\/mpeg\" src=\"https:\/\/singbergschule-woelfersheim.de\/wp-content\/uploads\/Folge-4-Psychologe1.mp3?_=7\" \/><a href=\"https:\/\/singbergschule-woelfersheim.de\/wp-content\/uploads\/Folge-4-Psychologe1.mp3\">https:\/\/singbergschule-woelfersheim.de\/wp-content\/uploads\/Folge-4-Psychologe1.mp3<\/a><\/audio>\n<p><img loading=\"lazy\" decoding=\"async\" class=\"alignleft wp-image-8385002 size-medium\" src=\"https:\/\/singbergschule-woelfersheim.de\/wp-content\/uploads\/PHOTO-2022-12-20-07-04-23-K-300x400.jpg\" alt=\"\" width=\"300\" height=\"400\" srcset=\"https:\/\/singbergschule-woelfersheim.de\/wp-content\/uploads\/PHOTO-2022-12-20-07-04-23-K-300x400.jpg 300w, https:\/\/singbergschule-woelfersheim.de\/wp-content\/uploads\/PHOTO-2022-12-20-07-04-23-K.jpg 680w\" sizes=\"auto, (max-width: 300px) 100vw, 300px\" \/><\/p>\n<p>&nbsp;<\/p>\n<h2><span style=\"color: #800000;\">Beruf: Psychologe\/Psychologin<\/span><\/h2>\n<p>&nbsp;<\/p>\n<p>&nbsp;<\/p>\n<p>&nbsp;<\/p>\n<p>&nbsp;<\/p>\n<p>&nbsp;<\/p>\n<p>&nbsp;<\/p>\n<p>&nbsp;<\/p>\n<p>&nbsp;<\/p>\n<p>&nbsp;<\/p>\n<p>&nbsp;<\/p>\n<p>November 2022 &#8211; Gespr\u00e4ch mit der Richterin Frau Dr. Lorenz<\/p>\n<audio class=\"wp-audio-shortcode\" id=\"audio-7717121-8\" preload=\"none\" style=\"width: 100%;\" controls=\"controls\"><source type=\"audio\/mpeg\" src=\"https:\/\/singbergschule-woelfersheim.de\/wp-content\/uploads\/AUDIO-2022-11-23-07-12-59.mp3?_=8\" \/><a href=\"https:\/\/singbergschule-woelfersheim.de\/wp-content\/uploads\/AUDIO-2022-11-23-07-12-59.mp3\">https:\/\/singbergschule-woelfersheim.de\/wp-content\/uploads\/AUDIO-2022-11-23-07-12-59.mp3<\/a><\/audio>\n<h2 style=\"text-align: left;\"><span style=\"color: #800000;\"><img loading=\"lazy\" decoding=\"async\" class=\"wp-image-8296809 size-medium alignleft\" src=\"https:\/\/singbergschule-woelfersheim.de\/wp-content\/uploads\/PHOTO-2022-11-23-07-13-29-300x400.jpg\" alt=\"\" width=\"300\" height=\"400\" srcset=\"https:\/\/singbergschule-woelfersheim.de\/wp-content\/uploads\/PHOTO-2022-11-23-07-13-29-300x400.jpg 300w, https:\/\/singbergschule-woelfersheim.de\/wp-content\/uploads\/PHOTO-2022-11-23-07-13-29-768x1024.jpg 768w, https:\/\/singbergschule-woelfersheim.de\/wp-content\/uploads\/PHOTO-2022-11-23-07-13-29.jpg 1536w\" sizes=\"auto, (max-width: 300px) 100vw, 300px\" \/><\/span><\/h2>\n<h2><\/h2>\n<h2><span style=\"color: #800000;\">Beruf: Richter\/Richterin<\/span><\/h2>\n<p>&nbsp;<\/p>\n<p>&nbsp;<\/p>\n<p>&nbsp;<\/p>\n<p>&nbsp;<\/p>\n<p>&nbsp;<\/p>\n<p>&nbsp;<\/p>\n<p>&nbsp;<\/p>\n<p>&nbsp;<\/p>\n<p>&nbsp;<\/p>\n<p>&nbsp;<\/p>\n<p>&nbsp;<\/p>\n<p>Oktober 2022 &#8211; Gespr\u00e4ch mit dem Ehepaar Sterle \u00fcber das Fris\u00f6rhandwerk<\/p>\n<audio class=\"wp-audio-shortcode\" id=\"audio-7717121-9\" preload=\"none\" style=\"width: 100%;\" controls=\"controls\"><source type=\"audio\/mpeg\" src=\"https:\/\/singbergschule-woelfersheim.de\/wp-content\/uploads\/Folge-2-Sterle-Friseur.mp3?_=9\" \/><a href=\"https:\/\/singbergschule-woelfersheim.de\/wp-content\/uploads\/Folge-2-Sterle-Friseur.mp3\">https:\/\/singbergschule-woelfersheim.de\/wp-content\/uploads\/Folge-2-Sterle-Friseur.mp3<\/a><\/audio>\n<p><img loading=\"lazy\" decoding=\"async\" class=\"size-medium wp-image-7716826 alignleft\" src=\"https:\/\/singbergschule-woelfersheim.de\/wp-content\/uploads\/Bo-Friseur-300x300.jpg\" alt=\"\" width=\"300\" height=\"300\" srcset=\"https:\/\/singbergschule-woelfersheim.de\/wp-content\/uploads\/Bo-Friseur-300x300.jpg 300w, https:\/\/singbergschule-woelfersheim.de\/wp-content\/uploads\/Bo-Friseur-1024x1024.jpg 1024w, https:\/\/singbergschule-woelfersheim.de\/wp-content\/uploads\/Bo-Friseur-150x150.jpg 150w, https:\/\/singbergschule-woelfersheim.de\/wp-content\/uploads\/Bo-Friseur-768x768.jpg 768w, https:\/\/singbergschule-woelfersheim.de\/wp-content\/uploads\/Bo-Friseur-1536x1536.jpg 1536w, https:\/\/singbergschule-woelfersheim.de\/wp-content\/uploads\/Bo-Friseur.jpg 1600w\" sizes=\"auto, (max-width: 300px) 100vw, 300px\" \/><\/p>\n<p>&nbsp;<\/p>\n<h2><span style=\"color: #800000;\">Beruf: FRIS\u00d6R \/ FRIS\u00d6RIN<\/span><\/h2>\n<p>&nbsp;<\/p>\n<p>&nbsp;<\/p>\n<p>&nbsp;<\/p>\n<p>&nbsp;<\/p>\n<p>&nbsp;<\/p>\n<p>&nbsp;<\/p>\n<p>&nbsp;<\/p>\n<p>&nbsp;<\/p>\n<p>September 2022 &#8211; Gespr\u00e4ch mit der Bankkauffrau K. Bommersheim<\/p>\n<audio class=\"wp-audio-shortcode\" id=\"audio-7717121-10\" preload=\"none\" style=\"width: 100%;\" controls=\"controls\"><source type=\"audio\/mpeg\" src=\"https:\/\/singbergschule-woelfersheim.de\/wp-content\/uploads\/AUDIO-BO-1.mp3?_=10\" \/><a href=\"https:\/\/singbergschule-woelfersheim.de\/wp-content\/uploads\/AUDIO-BO-1.mp3\">https:\/\/singbergschule-woelfersheim.de\/wp-content\/uploads\/AUDIO-BO-1.mp3<\/a><\/audio>\n<p><img loading=\"lazy\" decoding=\"async\" class=\"alignleft wp-image-7041012 size-medium\" src=\"https:\/\/singbergschule-woelfersheim.de\/wp-content\/uploads\/BO-1-296x500.jpg\" alt=\"\" width=\"296\" height=\"500\" srcset=\"https:\/\/singbergschule-woelfersheim.de\/wp-content\/uploads\/BO-1-296x500.jpg 296w, https:\/\/singbergschule-woelfersheim.de\/wp-content\/uploads\/BO-1.jpg 536w\" sizes=\"auto, (max-width: 296px) 100vw, 296px\" \/><\/p>\n<p>&nbsp;<\/p>\n<h2><span style=\"color: #800000;\">Beruf: BANKKAUFMANN \/ BANKKAUFFRAU<\/span><\/h2>\n","protected":false},"excerpt":{"rendered":"<p>Auf dieser Seite kannst du dir Informationen zu verschiedenen Berufen holen. In einem kurzen Podcast werden sehr verschiedene Berufe genauer vorgestellt. H\u00f6r mal rein! &nbsp; Isabell Polzer und Laura Kirchner informieren dar\u00fcber, wie man einen Praktikumsplatz finden kann. &nbsp; Laura Kirchner und Isabell Polzer informieren \u00fcber die Berufsb\u00f6rse, die jedes Jahr im November stattfindet. &nbsp; &nbsp; September 2023 &#8211; Gespr\u00e4ch mit Frau Moos, die f\u00fcr die Berufs- und Studienberatung an der Schule verantwortlich ist. Laura Kirchner und Isabell Polzer im Gespr\u00e4ch mit Frau Moos von der Arbeitsagentur. &nbsp; &nbsp; &nbsp; &nbsp; &nbsp; &nbsp; Mai 2023 &#8211; Gespr\u00e4ch mit den Hochbauingenieren des Wetteraukreises Til Scherer und Mike V\u00f6lker &nbsp; &nbsp; &nbsp; Beruf: Hochbauingenieur &nbsp; &nbsp; &nbsp; &nbsp; &nbsp; &nbsp; &nbsp; &nbsp; &nbsp; &nbsp; M\u00e4rz 2023 &#8211; Gespr\u00e4ch mit dem Gesundheits- und Kinderkrankenpfleger Javan Herbert &nbsp; Beruf: Gesundheits- und Kinderkrankenpfleger\/in &nbsp; &nbsp; &nbsp; &nbsp; &nbsp; &nbsp; &nbsp; &nbsp; Februar 2022 &#8211; Gespr\u00e4ch mit den Lehramtsreferendaren Fabian Ruppel und Sabrina Zajonz &nbsp; &nbsp; Beruf: Lehrer\/Lehrerin &nbsp; &nbsp; &nbsp; &nbsp; &nbsp; &nbsp; &nbsp; &nbsp; &nbsp; Dezember 2022 &#8211; Gespr\u00e4ch mit dem Psychologen PD Dr. Kai Hamburger &nbsp; Beruf: Psychologe\/Psychologin &nbsp; &nbsp; &nbsp; &nbsp; &nbsp; &nbsp; &nbsp; &nbsp; &nbsp; &nbsp; November 2022 &#8211; Gespr\u00e4ch mit der Richterin Frau Dr. Lorenz Beruf: Richter\/Richterin &nbsp; &nbsp; &nbsp; &nbsp; &nbsp; &nbsp; &nbsp; &nbsp; &nbsp; &nbsp; &nbsp; Oktober 2022 &#8211; Gespr\u00e4ch mit dem Ehepaar Sterle \u00fcber das Fris\u00f6rhandwerk &nbsp; Beruf: FRIS\u00d6R \/ FRIS\u00d6RIN &nbsp; &nbsp; &nbsp; &nbsp; &nbsp; &nbsp; &nbsp; &nbsp; September 2022 &#8211; Gespr\u00e4ch mit der Bankkauffrau K. Bommersheim &nbsp; Beruf: BANKKAUFMANN \/ BANKKAUFFRAU<\/p>\n","protected":false},"author":70,"featured_media":0,"parent":0,"menu_order":0,"comment_status":"closed","ping_status":"closed","template":"","meta":{"footnotes":""},"class_list":["post-7717121","page","type-page","status-publish","hentry"],"_links":{"self":[{"href":"https:\/\/singbergschule-woelfersheim.de\/index.php?rest_route=\/wp\/v2\/pages\/7717121","targetHints":{"allow":["GET"]}}],"collection":[{"href":"https:\/\/singbergschule-woelfersheim.de\/index.php?rest_route=\/wp\/v2\/pages"}],"about":[{"href":"https:\/\/singbergschule-woelfersheim.de\/index.php?rest_route=\/wp\/v2\/types\/page"}],"author":[{"embeddable":true,"href":"https:\/\/singbergschule-woelfersheim.de\/index.php?rest_route=\/wp\/v2\/users\/70"}],"replies":[{"embeddable":true,"href":"https:\/\/singbergschule-woelfersheim.de\/index.php?rest_route=%2Fwp%2Fv2%2Fcomments&post=7717121"}],"version-history":[{"count":23,"href":"https:\/\/singbergschule-woelfersheim.de\/index.php?rest_route=\/wp\/v2\/pages\/7717121\/revisions"}],"predecessor-version":[{"id":11445653,"href":"https:\/\/singbergschule-woelfersheim.de\/index.php?rest_route=\/wp\/v2\/pages\/7717121\/revisions\/11445653"}],"wp:attachment":[{"href":"https:\/\/singbergschule-woelfersheim.de\/index.php?rest_route=%2Fwp%2Fv2%2Fmedia&parent=7717121"}],"curies":[{"name":"wp","href":"https:\/\/api.w.org\/{rel}","templated":true}]}}