{"id":5049,"date":"2015-02-27T21:01:53","date_gmt":"2015-02-27T19:01:53","guid":{"rendered":"http:\/\/singbergschule-woelfersheim.de\/?page_id=5049"},"modified":"2025-02-14T19:57:51","modified_gmt":"2025-02-14T18:57:51","slug":"naturwissenschaften","status":"publish","type":"page","link":"https:\/\/singbergschule-woelfersheim.de\/?page_id=5049","title":{"rendered":"Naturwissenschaften"},"content":{"rendered":"<p>Bitte w\u00e4hlen Sie ein Fach aus dem Men\u00fc. &#8212;&#8211;&gt;<\/p>\n<p>&nbsp;<\/p>\n<h1><span style=\"color: #800000;\"><strong>Naturwissenschaftlicher Unterricht im Jahrgang 5<\/strong><\/span><\/h1>\n<p>Die Singbergschule W\u00f6lfersheim bietet im Jahrgang 5 im Gymnasialzweig f\u00fcr zwei Jahre naturwissenschaftlichen Unterricht an. In diesem Unterricht werden Inhalte der F\u00e4cher Biologie, Chemie und Physik zu einem Fach \u201eNaturwissenschaften\u201c zusammengefasst. So gelingt eine Ankn\u00fcpfung an das Lernen in der Grundschule (Sachunterricht). Der Unterricht wird mit drei Wochenstunden anstatt der \u00fcblichen zwei Stunden durchgef\u00fchrt: so k\u00f6nnen nicht nur die Inhalte des Biologie-Curriculums abgedeckt werden. Es bleibt gen\u00fcgend Zeit, um ein Lernen \u00fcber F\u00e4chergrenzen hinaus zu erm\u00f6glichen und zahlreiche Sch\u00fclerexperimente durchzuf\u00fchren.<\/p>\n<h2><u>Die Vorteile auf einen Blick:<\/u><\/h2>\n<ul>\n<li>Vernetzung naturwissenschaftlicher Inhalte<\/li>\n<li>Entwicklung von Kompetenzen in wichtigen naturwissenschaftlichen Arbeitsweisen<\/li>\n<li>F\u00f6rderung individueller Interessen und Begabungen<\/li>\n<li>kooperatives Arbeiten beim Experimentieren zur F\u00f6rderung von Sozialverhalten und Teamf\u00e4higkeit<\/li>\n<li>Sch\u00e4rfung des naturwissenschaftlichen Interesses, auch im Hinblick auf sp\u00e4tere Berufsorientierung<\/li>\n<\/ul>\n<p>&nbsp;<\/p>\n<p>Als Eltern und Erziehungsberechtigte haben Sie die M\u00f6glichkeit, Ihr Kind f\u00fcr die Jahrg\u00e4nge 5 und 6 im gymnasialen Zweig zum naturwissenschaftlichen Unterricht anzumelden.<\/p>\n<p>Weitere Informationen erhalten Sie bei:<\/p>\n<ul>\n<li><strong>Gymnasialzweigleitung: Fr. Grohmann<\/strong><br \/>\n<a href=\"mailto:Gymnasium3685@schule.hessen.de\">Gymnasium3685@schule.hessen.de<\/a><\/li>\n<li><strong>Aufgabenfeldleitung Naturwissenschaften: Hr. Dr. Hofmann<\/strong> <a href=\"mailto:aufgabenfeld3_3685@schule.hessen.de\">aufgabenfeld3_3685@schule.hessen.de<\/a><\/li>\n<\/ul>\n","protected":false},"excerpt":{"rendered":"<p>Bitte w\u00e4hlen Sie ein Fach aus dem Men\u00fc. &#8212;&#8211;&gt; &nbsp; Naturwissenschaftlicher Unterricht im Jahrgang 5 Die Singbergschule W\u00f6lfersheim bietet im Jahrgang 5 im Gymnasialzweig f\u00fcr zwei Jahre naturwissenschaftlichen Unterricht an. In diesem Unterricht werden Inhalte der F\u00e4cher Biologie, Chemie und Physik zu einem Fach \u201eNaturwissenschaften\u201c zusammengefasst. So gelingt eine Ankn\u00fcpfung an das Lernen in der Grundschule (Sachunterricht). Der Unterricht wird mit drei Wochenstunden anstatt der \u00fcblichen zwei Stunden durchgef\u00fchrt: so k\u00f6nnen nicht nur die Inhalte des Biologie-Curriculums abgedeckt werden. Es bleibt gen\u00fcgend Zeit, um ein Lernen \u00fcber F\u00e4chergrenzen hinaus zu erm\u00f6glichen und zahlreiche Sch\u00fclerexperimente durchzuf\u00fchren. Die Vorteile auf einen Blick: Vernetzung naturwissenschaftlicher Inhalte Entwicklung von Kompetenzen in wichtigen naturwissenschaftlichen Arbeitsweisen F\u00f6rderung individueller Interessen und Begabungen kooperatives Arbeiten beim Experimentieren zur F\u00f6rderung von Sozialverhalten und Teamf\u00e4higkeit Sch\u00e4rfung des naturwissenschaftlichen Interesses, auch im Hinblick auf sp\u00e4tere Berufsorientierung &nbsp; Als Eltern und Erziehungsberechtigte haben Sie die M\u00f6glichkeit, Ihr Kind f\u00fcr die Jahrg\u00e4nge 5 und 6 im gymnasialen Zweig zum naturwissenschaftlichen Unterricht anzumelden. Weitere Informationen erhalten Sie bei: Gymnasialzweigleitung: Fr. Grohmann Gymnasium3685@schule.hessen.de Aufgabenfeldleitung Naturwissenschaften: Hr. Dr. Hofmann aufgabenfeld3_3685@schule.hessen.de<\/p>\n","protected":false},"author":1,"featured_media":0,"parent":0,"menu_order":0,"comment_status":"closed","ping_status":"open","template":"","meta":{"footnotes":""},"class_list":["post-5049","page","type-page","status-publish","hentry"],"_links":{"self":[{"href":"https:\/\/singbergschule-woelfersheim.de\/index.php?rest_route=\/wp\/v2\/pages\/5049","targetHints":{"allow":["GET"]}}],"collection":[{"href":"https:\/\/singbergschule-woelfersheim.de\/index.php?rest_route=\/wp\/v2\/pages"}],"about":[{"href":"https:\/\/singbergschule-woelfersheim.de\/index.php?rest_route=\/wp\/v2\/types\/page"}],"author":[{"embeddable":true,"href":"https:\/\/singbergschule-woelfersheim.de\/index.php?rest_route=\/wp\/v2\/users\/1"}],"replies":[{"embeddable":true,"href":"https:\/\/singbergschule-woelfersheim.de\/index.php?rest_route=%2Fwp%2Fv2%2Fcomments&post=5049"}],"version-history":[{"count":7,"href":"https:\/\/singbergschule-woelfersheim.de\/index.php?rest_route=\/wp\/v2\/pages\/5049\/revisions"}],"predecessor-version":[{"id":13636583,"href":"https:\/\/singbergschule-woelfersheim.de\/index.php?rest_route=\/wp\/v2\/pages\/5049\/revisions\/13636583"}],"wp:attachment":[{"href":"https:\/\/singbergschule-woelfersheim.de\/index.php?rest_route=%2Fwp%2Fv2%2Fmedia&parent=5049"}],"curies":[{"name":"wp","href":"https:\/\/api.w.org\/{rel}","templated":true}]}}