{"id":4639,"date":"2014-12-28T20:48:04","date_gmt":"2014-12-28T18:48:04","guid":{"rendered":"http:\/\/singbergschule-woelfersheim.de\/wordpress\/?page_id=4639"},"modified":"2014-12-29T21:09:26","modified_gmt":"2014-12-29T19:09:26","slug":"feriencamps","status":"publish","type":"page","link":"https:\/\/singbergschule-woelfersheim.de\/?page_id=4639","title":{"rendered":"Feriencamps"},"content":{"rendered":"<h3><strong>Fu\u00dfballcamps und Handballcamps in den Ferien<\/strong><\/h3>\n<p style=\"text-align: justify;\">Dank gemeinsamer Anstrengungen der Singbergschule, der Gemeinde und des Wetteraukreises als Schultr\u00e4ger, kann man auf dem Singberg ideale sportliche Bedingungen pr\u00e4sentieren, zum Wohle der Kinder der Region.<\/p>\n<p style=\"text-align: justify;\">Seit 2011 finden hier in den Oster- und Sommerferien verschiedene Fu\u00dfball- und Handballcamps statt, die f\u00fcr alle Kinder eine sinnvolle und aktive Ferienbesch\u00e4ftigung darstellen.<\/p>\n<p style=\"text-align: justify;\"><a href=\"http:\/\/singbergschule-woelfersheim.de\/wp-content\/uploads\/Poster-UB13-Sommercamp-2013-mit-Logo-Singbergschule-klein-pdf.jpg\"><img loading=\"lazy\" decoding=\"async\" class=\"alignleft wp-image-4650 size-medium\" src=\"http:\/\/singbergschule-woelfersheim.de\/wp-content\/uploads\/Poster-UB13-Sommercamp-2013-mit-Logo-Singbergschule-klein-pdf-300x424.jpg\" alt=\"Poster UB13 Sommercamp 2013 mit Logo Singbergschule klein-pdf\" width=\"300\" height=\"424\" srcset=\"https:\/\/singbergschule-woelfersheim.de\/wp-content\/uploads\/Poster-UB13-Sommercamp-2013-mit-Logo-Singbergschule-klein-pdf-300x424.jpg 300w, https:\/\/singbergschule-woelfersheim.de\/wp-content\/uploads\/Poster-UB13-Sommercamp-2013-mit-Logo-Singbergschule-klein-pdf.jpg 495w\" sizes=\"auto, (max-width: 300px) 100vw, 300px\" \/><\/a>Das erste gemeinsame Fu\u00dfballcamp 2011 unter der Leitung von Uwe Bindewald, dem Jugendtrainer der Eintracht Frankfurt, wurde zu einem gro\u00dfen Erfolg. So meldeten sich seitdem in jeder Ferienzeit jeweils mehr als 60 Sch\u00fclerinnen und Sch\u00fcler aus der Jim-Knopf- Schule, der Singbergschule und der gesamten Region zu diesem besonderen sportlichen Ferienerlebnis an, das damit im schulischen Jahreskalender eine feste Einrichtung wurde.<\/p>\n<p style=\"text-align: justify;\">Das Handballcamp ist neben dem Fu\u00dfballcamp ein weiteres Ereignis, welches den Sch\u00fclerinnen und Sch\u00fclern der Singbergschule die Ferien vers\u00fc\u00dft.<br \/>\nDer Handballverein TSV S\u00f6del veranstaltete im Sommer 2013 in der Zeit von 10 \u2013 16 Uhr ein Handballcamp f\u00fcr Kinder zwischen 8 und 13 Jahren in Kooperation mit der Singbergschule.<\/p>\n<p style=\"text-align: justify;\">Die Singbergschule bedankt sich bei den erfahrenen Trainern Ralf und Patrick Schichtung vom TSV S\u00f6del und Sponsoren und freut sich \u00fcber ein weiteres Engagement auch im Ganztagsbereich der Schule, welches im letzten Jahr zu zwei Kreismeisterschaftstiteln sowohl bei den Jungen als auch den M\u00e4dchen gef\u00fchrt hat.<\/p>\n<p style=\"text-align: justify;\"><a href=\"http:\/\/singbergschule-woelfersheim.de\/wp-content\/uploads\/Kreissieger-WK4-Ma\u0308dchen.jpg\"><img loading=\"lazy\" decoding=\"async\" class=\"alignnone wp-image-4648\" src=\"http:\/\/singbergschule-woelfersheim.de\/wp-content\/uploads\/Kreissieger-WK4-Ma\u0308dchen-300x225.jpg\" alt=\"Kreissieger WK4 Ma\u0308dchen\" width=\"270\" height=\"203\" srcset=\"https:\/\/singbergschule-woelfersheim.de\/wp-content\/uploads\/Kreissieger-WK4-Ma\u0308dchen-300x225.jpg 300w, https:\/\/singbergschule-woelfersheim.de\/wp-content\/uploads\/Kreissieger-WK4-Ma\u0308dchen.jpg 700w\" sizes=\"auto, (max-width: 270px) 100vw, 270px\" \/><\/a> <a href=\"http:\/\/singbergschule-woelfersheim.de\/wp-content\/uploads\/IMG_1176.jpg\"><img loading=\"lazy\" decoding=\"async\" class=\"alignnone wp-image-4646\" src=\"http:\/\/singbergschule-woelfersheim.de\/wp-content\/uploads\/IMG_1176-300x225.jpg\" alt=\"if\" width=\"270\" height=\"203\" srcset=\"https:\/\/singbergschule-woelfersheim.de\/wp-content\/uploads\/IMG_1176-300x225.jpg 300w, https:\/\/singbergschule-woelfersheim.de\/wp-content\/uploads\/IMG_1176.jpg 700w\" sizes=\"auto, (max-width: 270px) 100vw, 270px\" \/><\/a><\/p>\n","protected":false},"excerpt":{"rendered":"<p>Fu\u00dfballcamps und Handballcamps in den Ferien Dank gemeinsamer Anstrengungen der Singbergschule, der Gemeinde und des Wetteraukreises als Schultr\u00e4ger, kann man auf dem Singberg ideale sportliche Bedingungen pr\u00e4sentieren, zum Wohle der Kinder der Region. Seit 2011 finden hier in den Oster- und Sommerferien verschiedene Fu\u00dfball- und Handballcamps statt, die f\u00fcr alle Kinder eine sinnvolle und aktive Ferienbesch\u00e4ftigung darstellen. Das erste gemeinsame Fu\u00dfballcamp 2011 unter der Leitung von Uwe Bindewald, dem Jugendtrainer der Eintracht Frankfurt, wurde zu einem gro\u00dfen Erfolg. So meldeten sich seitdem in jeder Ferienzeit jeweils mehr als 60 Sch\u00fclerinnen und Sch\u00fcler aus der Jim-Knopf- Schule, der Singbergschule und der gesamten Region zu diesem besonderen sportlichen Ferienerlebnis an, das damit im schulischen Jahreskalender eine feste Einrichtung wurde. Das Handballcamp ist neben dem Fu\u00dfballcamp ein weiteres Ereignis, welches den Sch\u00fclerinnen und Sch\u00fclern der Singbergschule die Ferien vers\u00fc\u00dft. Der Handballverein TSV S\u00f6del veranstaltete im Sommer 2013 in der Zeit von 10 \u2013 16 Uhr ein Handballcamp f\u00fcr Kinder zwischen 8 und 13 Jahren in Kooperation mit der Singbergschule. Die Singbergschule bedankt sich bei den erfahrenen Trainern Ralf und Patrick Schichtung vom TSV S\u00f6del und Sponsoren und freut sich \u00fcber ein weiteres Engagement auch im Ganztagsbereich der Schule, welches im letzten Jahr zu zwei Kreismeisterschaftstiteln sowohl bei den Jungen als auch den M\u00e4dchen gef\u00fchrt hat.<\/p>\n","protected":false},"author":1,"featured_media":0,"parent":0,"menu_order":0,"comment_status":"closed","ping_status":"open","template":"","meta":{"footnotes":""},"class_list":["post-4639","page","type-page","status-publish","hentry"],"_links":{"self":[{"href":"https:\/\/singbergschule-woelfersheim.de\/index.php?rest_route=\/wp\/v2\/pages\/4639","targetHints":{"allow":["GET"]}}],"collection":[{"href":"https:\/\/singbergschule-woelfersheim.de\/index.php?rest_route=\/wp\/v2\/pages"}],"about":[{"href":"https:\/\/singbergschule-woelfersheim.de\/index.php?rest_route=\/wp\/v2\/types\/page"}],"author":[{"embeddable":true,"href":"https:\/\/singbergschule-woelfersheim.de\/index.php?rest_route=\/wp\/v2\/users\/1"}],"replies":[{"embeddable":true,"href":"https:\/\/singbergschule-woelfersheim.de\/index.php?rest_route=%2Fwp%2Fv2%2Fcomments&post=4639"}],"version-history":[{"count":7,"href":"https:\/\/singbergschule-woelfersheim.de\/index.php?rest_route=\/wp\/v2\/pages\/4639\/revisions"}],"predecessor-version":[{"id":4681,"href":"https:\/\/singbergschule-woelfersheim.de\/index.php?rest_route=\/wp\/v2\/pages\/4639\/revisions\/4681"}],"wp:attachment":[{"href":"https:\/\/singbergschule-woelfersheim.de\/index.php?rest_route=%2Fwp%2Fv2%2Fmedia&parent=4639"}],"curies":[{"name":"wp","href":"https:\/\/api.w.org\/{rel}","templated":true}]}}