{"id":4634,"date":"2014-12-28T20:15:48","date_gmt":"2014-12-28T18:15:48","guid":{"rendered":"http:\/\/singbergschule-woelfersheim.de\/wordpress\/?page_id=4634"},"modified":"2014-12-28T22:49:38","modified_gmt":"2014-12-28T20:49:38","slug":"jugend-trainiert-fuer-olympia","status":"publish","type":"page","link":"https:\/\/singbergschule-woelfersheim.de\/?page_id=4634","title":{"rendered":"Jugend trainiert f\u00fcr Olympia"},"content":{"rendered":"<p style=\"text-align: justify;\">Jedes Jahr beteiligen sich Teams der Singbergschule an verschiedenen Wettk\u00e4mpfen im Rahmen der Ausschreibungen &#8222;Jugend trainiert f\u00fcr Olympia&#8220;. Sportkoordinator Jan Gr\u00e4ber gelingt es mit Unterst\u00fctzung weiterer Sportkollegen talentierte Jugendliche zu motivieren, zus\u00e4tzliche Trainingsstunden f\u00fcr einen bestimmten Wettkampf einzubauen. Die\u00a0 Erfolge der letzten Jahre k\u00f6nnen sich sehen lassen, besonders in den Sportarten Fu\u00dfball und Handball.<\/p>\n<ul>\n<li>\u00dcberraschender 2. Platz beim Regionalentscheid Fu\u00dfball f\u00fcr die Jungen von der Singbergschule (April 2014)<\/li>\n<li>Die M\u00e4dchenmannschaft der Singbergschule gewinnt erstmals in der Schulgeschichte souver\u00e4n den Regionalentscheid im Handball in der Wettkampfklasse 4 (Jahrgang 2001 &#8211; 2004).<\/li>\n<\/ul>\n<p><a href=\"http:\/\/singbergschule-woelfersheim.de\/wp-content\/uploads\/Kreissieger-WK4-Ma\u0308dchen.jpg\"><img loading=\"lazy\" decoding=\"async\" class=\"aligncenter wp-image-4648 size-medium\" src=\"http:\/\/singbergschule-woelfersheim.de\/wp-content\/uploads\/Kreissieger-WK4-Ma\u0308dchen-300x225.jpg\" alt=\"Kreissieger WK4 Ma\u0308dchen\" width=\"300\" height=\"225\" srcset=\"https:\/\/singbergschule-woelfersheim.de\/wp-content\/uploads\/Kreissieger-WK4-Ma\u0308dchen-300x225.jpg 300w, https:\/\/singbergschule-woelfersheim.de\/wp-content\/uploads\/Kreissieger-WK4-Ma\u0308dchen.jpg 700w\" sizes=\"auto, (max-width: 300px) 100vw, 300px\" \/><\/a><\/p>\n<p><strong><span style=\"text-decoration: underline;\">Im Handball:<\/span><\/strong><br \/>\nKreismeistertitel Jungen und M\u00e4dchen im WK IV 2013<br \/>\nKreismeistertitel bei den Jungen im WK III 2014<br \/>\nKreismeistertitel bei den M\u00e4dchen im WK IV 2014<br \/>\nM\u00e4dchen WK III &#8211; 2. Platz, Jungen WK III &#8211; 1. Platz.<\/p>\n","protected":false},"excerpt":{"rendered":"<p>Jedes Jahr beteiligen sich Teams der Singbergschule an verschiedenen Wettk\u00e4mpfen im Rahmen der Ausschreibungen &#8222;Jugend trainiert f\u00fcr Olympia&#8220;. Sportkoordinator Jan Gr\u00e4ber gelingt es mit Unterst\u00fctzung weiterer Sportkollegen talentierte Jugendliche zu motivieren, zus\u00e4tzliche Trainingsstunden f\u00fcr einen bestimmten Wettkampf einzubauen. Die\u00a0 Erfolge der letzten Jahre k\u00f6nnen sich sehen lassen, besonders in den Sportarten Fu\u00dfball und Handball. \u00dcberraschender 2. Platz beim Regionalentscheid Fu\u00dfball f\u00fcr die Jungen von der Singbergschule (April 2014) Die M\u00e4dchenmannschaft der Singbergschule gewinnt erstmals in der Schulgeschichte souver\u00e4n den Regionalentscheid im Handball in der Wettkampfklasse 4 (Jahrgang 2001 &#8211; 2004). Im Handball: Kreismeistertitel Jungen und M\u00e4dchen im WK IV 2013 Kreismeistertitel bei den Jungen im WK III 2014 Kreismeistertitel bei den M\u00e4dchen im WK IV 2014 M\u00e4dchen WK III &#8211; 2. Platz, Jungen WK III &#8211; 1. Platz.<\/p>\n","protected":false},"author":1,"featured_media":0,"parent":0,"menu_order":0,"comment_status":"closed","ping_status":"open","template":"","meta":{"footnotes":""},"class_list":["post-4634","page","type-page","status-publish","hentry"],"_links":{"self":[{"href":"https:\/\/singbergschule-woelfersheim.de\/index.php?rest_route=\/wp\/v2\/pages\/4634","targetHints":{"allow":["GET"]}}],"collection":[{"href":"https:\/\/singbergschule-woelfersheim.de\/index.php?rest_route=\/wp\/v2\/pages"}],"about":[{"href":"https:\/\/singbergschule-woelfersheim.de\/index.php?rest_route=\/wp\/v2\/types\/page"}],"author":[{"embeddable":true,"href":"https:\/\/singbergschule-woelfersheim.de\/index.php?rest_route=\/wp\/v2\/users\/1"}],"replies":[{"embeddable":true,"href":"https:\/\/singbergschule-woelfersheim.de\/index.php?rest_route=%2Fwp%2Fv2%2Fcomments&post=4634"}],"version-history":[{"count":6,"href":"https:\/\/singbergschule-woelfersheim.de\/index.php?rest_route=\/wp\/v2\/pages\/4634\/revisions"}],"predecessor-version":[{"id":4667,"href":"https:\/\/singbergschule-woelfersheim.de\/index.php?rest_route=\/wp\/v2\/pages\/4634\/revisions\/4667"}],"wp:attachment":[{"href":"https:\/\/singbergschule-woelfersheim.de\/index.php?rest_route=%2Fwp%2Fv2%2Fmedia&parent=4634"}],"curies":[{"name":"wp","href":"https:\/\/api.w.org\/{rel}","templated":true}]}}