{"id":4622,"date":"2014-12-28T19:24:57","date_gmt":"2014-12-28T17:24:57","guid":{"rendered":"http:\/\/singbergschule-woelfersheim.de\/wordpress\/?page_id=4622"},"modified":"2014-12-29T21:59:12","modified_gmt":"2014-12-29T19:59:12","slug":"wahlpflichtkurse-im-bereich-sport","status":"publish","type":"page","link":"https:\/\/singbergschule-woelfersheim.de\/?page_id=4622","title":{"rendered":"Wahlpflichtkurse im Bereich Sport"},"content":{"rendered":"<p>Das Ganztagsprogramm der Schule ist sehr vielf\u00e4ltig und besonders im Bereich Sport ist die Auswahl gro\u00df. Es gibt eine breite Palette von Kursen, die jedes Jahr oder ab und zu bei Interesse angeboten werden.<\/p>\n<ul>\n<li>Einrad fahren<\/li>\n<li>Radball<\/li>\n<li>K\u00f6rperwahrnehmung und Selbstbehauptung<\/li>\n<li>Kung-Fu<\/li>\n<li>Kickboxen &#8211; Selbstverteidigung<\/li>\n<li>Fu\u00dfball auf verschiedenen Niveaus<\/li>\n<li>Handball<\/li>\n<li>Judo<\/li>\n<li>Step-Aerobic<\/li>\n<\/ul>\n<p>&nbsp;<\/p>\n<p>Erm\u00f6glicht wird dieses breite Angebot durch die Kooperation mit den verschiedenen Vereinen und eine Finanzierung \u00fcber das hessische Ganztagsprogramm.<\/p>\n<p>Das vollst\u00e4ndige Angebot an Ganztagskursen k\u00f6nnen Sie im Service als pdf herunterladen.<\/p>\n<p>&nbsp;<\/p>\n<p><a href=\"http:\/\/singbergschule-woelfersheim.de\/wp-content\/uploads\/2014\/Ganztag\/GTA11.jpg\"><img loading=\"lazy\" decoding=\"async\" class=\"alignnone wp-image-3689\" src=\"http:\/\/singbergschule-woelfersheim.de\/wp-content\/uploads\/2014\/Ganztag\/GTA11-300x199.jpg\" alt=\"GTA11\" width=\"270\" height=\"180\" srcset=\"https:\/\/singbergschule-woelfersheim.de\/wp-content\/uploads\/2014\/Ganztag\/GTA11-300x199.jpg 300w, https:\/\/singbergschule-woelfersheim.de\/wp-content\/uploads\/2014\/Ganztag\/GTA11.jpg 700w\" sizes=\"auto, (max-width: 270px) 100vw, 270px\" \/><\/a> <a href=\"http:\/\/singbergschule-woelfersheim.de\/wp-content\/uploads\/2014\/Ganztag\/GTA19.jpg\"><img loading=\"lazy\" decoding=\"async\" class=\"alignnone wp-image-3696\" src=\"http:\/\/singbergschule-woelfersheim.de\/wp-content\/uploads\/2014\/Ganztag\/GTA19-300x199.jpg\" alt=\"GTA19\" width=\"270\" height=\"179\" srcset=\"https:\/\/singbergschule-woelfersheim.de\/wp-content\/uploads\/2014\/Ganztag\/GTA19-300x199.jpg 300w, https:\/\/singbergschule-woelfersheim.de\/wp-content\/uploads\/2014\/Ganztag\/GTA19.jpg 700w\" sizes=\"auto, (max-width: 270px) 100vw, 270px\" \/><\/a> <a href=\"http:\/\/singbergschule-woelfersheim.de\/wp-content\/uploads\/2014\/Ganztag\/GTA17.jpg\"><img loading=\"lazy\" decoding=\"async\" class=\"alignnone wp-image-3694\" src=\"http:\/\/singbergschule-woelfersheim.de\/wp-content\/uploads\/2014\/Ganztag\/GTA17-300x200.jpg\" alt=\"GTA17\" width=\"270\" height=\"180\" srcset=\"https:\/\/singbergschule-woelfersheim.de\/wp-content\/uploads\/2014\/Ganztag\/GTA17-300x200.jpg 300w, https:\/\/singbergschule-woelfersheim.de\/wp-content\/uploads\/2014\/Ganztag\/GTA17.jpg 700w\" sizes=\"auto, (max-width: 270px) 100vw, 270px\" \/><\/a> <a href=\"http:\/\/singbergschule-woelfersheim.de\/wp-content\/uploads\/2014\/Ganztag\/GTA16.jpg\"><img loading=\"lazy\" decoding=\"async\" class=\"alignnone wp-image-3693\" src=\"http:\/\/singbergschule-woelfersheim.de\/wp-content\/uploads\/2014\/Ganztag\/GTA16-300x200.jpg\" alt=\"GTA16\" width=\"270\" height=\"180\" srcset=\"https:\/\/singbergschule-woelfersheim.de\/wp-content\/uploads\/2014\/Ganztag\/GTA16-300x200.jpg 300w, https:\/\/singbergschule-woelfersheim.de\/wp-content\/uploads\/2014\/Ganztag\/GTA16.jpg 700w\" sizes=\"auto, (max-width: 270px) 100vw, 270px\" \/><\/a> <a href=\"http:\/\/singbergschule-woelfersheim.de\/wp-content\/uploads\/2014\/Ganztag\/GTA9.jpg\"><img loading=\"lazy\" decoding=\"async\" class=\" wp-image-3687 size-medium aligncenter\" src=\"http:\/\/singbergschule-woelfersheim.de\/wp-content\/uploads\/2014\/Ganztag\/GTA9-300x400.jpg\" alt=\"GTA9\" width=\"300\" height=\"400\" srcset=\"https:\/\/singbergschule-woelfersheim.de\/wp-content\/uploads\/2014\/Ganztag\/GTA9-300x400.jpg 300w, https:\/\/singbergschule-woelfersheim.de\/wp-content\/uploads\/2014\/Ganztag\/GTA9.jpg 525w\" sizes=\"auto, (max-width: 300px) 100vw, 300px\" \/><\/a><\/p>\n<p>&nbsp;<\/p>\n","protected":false},"excerpt":{"rendered":"<p>Das Ganztagsprogramm der Schule ist sehr vielf\u00e4ltig und besonders im Bereich Sport ist die Auswahl gro\u00df. Es gibt eine breite Palette von Kursen, die jedes Jahr oder ab und zu bei Interesse angeboten werden. Einrad fahren Radball K\u00f6rperwahrnehmung und Selbstbehauptung Kung-Fu Kickboxen &#8211; Selbstverteidigung Fu\u00dfball auf verschiedenen Niveaus Handball Judo Step-Aerobic &nbsp; Erm\u00f6glicht wird dieses breite Angebot durch die Kooperation mit den verschiedenen Vereinen und eine Finanzierung \u00fcber das hessische Ganztagsprogramm. Das vollst\u00e4ndige Angebot an Ganztagskursen k\u00f6nnen Sie im Service als pdf herunterladen. &nbsp; &nbsp;<\/p>\n","protected":false},"author":1,"featured_media":0,"parent":0,"menu_order":0,"comment_status":"closed","ping_status":"open","template":"","meta":{"footnotes":""},"class_list":["post-4622","page","type-page","status-publish","hentry"],"_links":{"self":[{"href":"https:\/\/singbergschule-woelfersheim.de\/index.php?rest_route=\/wp\/v2\/pages\/4622","targetHints":{"allow":["GET"]}}],"collection":[{"href":"https:\/\/singbergschule-woelfersheim.de\/index.php?rest_route=\/wp\/v2\/pages"}],"about":[{"href":"https:\/\/singbergschule-woelfersheim.de\/index.php?rest_route=\/wp\/v2\/types\/page"}],"author":[{"embeddable":true,"href":"https:\/\/singbergschule-woelfersheim.de\/index.php?rest_route=\/wp\/v2\/users\/1"}],"replies":[{"embeddable":true,"href":"https:\/\/singbergschule-woelfersheim.de\/index.php?rest_route=%2Fwp%2Fv2%2Fcomments&post=4622"}],"version-history":[{"count":11,"href":"https:\/\/singbergschule-woelfersheim.de\/index.php?rest_route=\/wp\/v2\/pages\/4622\/revisions"}],"predecessor-version":[{"id":4687,"href":"https:\/\/singbergschule-woelfersheim.de\/index.php?rest_route=\/wp\/v2\/pages\/4622\/revisions\/4687"}],"wp:attachment":[{"href":"https:\/\/singbergschule-woelfersheim.de\/index.php?rest_route=%2Fwp%2Fv2%2Fmedia&parent=4622"}],"curies":[{"name":"wp","href":"https:\/\/api.w.org\/{rel}","templated":true}]}}