{"id":4617,"date":"2014-12-28T19:16:11","date_gmt":"2014-12-28T17:16:11","guid":{"rendered":"http:\/\/singbergschule-woelfersheim.de\/wordpress\/?page_id=4617"},"modified":"2018-09-05T18:23:57","modified_gmt":"2018-09-05T16:23:57","slug":"skifahrt-jahrgang-7","status":"publish","type":"page","link":"https:\/\/singbergschule-woelfersheim.de\/?page_id=4617","title":{"rendered":"Skifahrt Jahrgang 7"},"content":{"rendered":"<p>&nbsp;<\/p>\n<h3>\n<div class=\"message-box-wrapper yellow\"><div class=\"message-box-title\"><strong>Tausch-\/Secondhand-B\u00f6rse f\u00fcr Ski-Kleidung<\/strong><\/div><div class=\"message-box-content\"><p>Wohin mit gebrauchten Skihosen, die nicht mehr passen? Der Sozialfond hat eine M\u00f6glichkeit er\u00f6ffnet, Ski-Kleidung in einer Tauschb\u00f6rse\u00a0 zu verkaufen oder zu verleihen. Damit ist sicherlich vielen Eltern und Kindern geholfen, die nicht zu den Ski-Urlaubern geh\u00f6ren und f\u00fcr die Ski-Wanderwoche im Jahrgang 7 eine komplette Ausstattung brauchen. Genaues findet man unter diesem Link: <a href=\"https:\/\/docs.google.com\/spreadsheets\/d\/13mF7C7EQ9RDNkLWdhLLS8kurCcQYnvGXBi7KQc7h4zo\/edit#gid=0\">https:\/\/docs.google.com\/spreadsheets\/d\/13mF7C7EQ9RDNkLWdhLLS8kurCcQYnvGXBi7KQc7h4zo\/edit#gid=0<\/a><\/p>\n<\/div><\/div>\n<\/h3>\n<p><a href=\"http:\/\/singbergschule-woelfersheim.de\/wp-content\/uploads\/Ski-2014-1.jpg\"><img loading=\"lazy\" decoding=\"async\" class=\"aligncenter wp-image-4651 size-full\" src=\"http:\/\/singbergschule-woelfersheim.de\/wp-content\/uploads\/Ski-2014-1.jpg\" alt=\"Ski 2014-1\" width=\"700\" height=\"525\" srcset=\"https:\/\/singbergschule-woelfersheim.de\/wp-content\/uploads\/Ski-2014-1.jpg 700w, https:\/\/singbergschule-woelfersheim.de\/wp-content\/uploads\/Ski-2014-1-300x225.jpg 300w\" sizes=\"auto, (max-width: 700px) 100vw, 700px\" \/><\/a><\/p>\n<p style=\"text-align: justify;\">Die Anf\u00e4nge der Skifahrten an der Singbergschule gehen weit in die fr\u00fchen 80er Jahre zur\u00fcck. Unter Schulleiter Gerd W\u00e4chter unternahm man damals schon Fahrten nach \u00d6sterreich.<br \/>\nSeit Beginn des Schuljahres 1992\/93 arbeitet die Singbergschule W\u00f6lfersheim an einem schulform\u00fcbergreifenden Projekt im Jahrgang 7.<\/p>\n<p style=\"text-align: justify;\">Alle Sch\u00fclerinnen und Sch\u00fcler des Jahrgangs 7 aller Schulformen nehmen an einer Skiwanderwoche, die in Form eines Schulskikurses in \u00d6sterreich durchgef\u00fchrt wird, teil. Die Erfahrungen haben gezeigt, dass gerade diese Woche sozialen Lernens f\u00fcr die folgenden Jahre in Bezug auf das Schul- bzw. Klassenklima sehr positiv zum Tragen kam.<\/p>\n<p style=\"text-align: justify;\">Die Fahrt wird in zwei bis drei aufeinanderfolgenden Wochen organisiert. Als Begleitpersonen stehen die jeweiligen Klassenlehrer und die Mitglieder des Skiteams der Schule (lizenz. Skilehrer) zur Verf\u00fcgung. Die eigentlichen Skikurse werden in eigener Regie durchgef\u00fchrt. An jeder Fahrt nehmen Praktikanten, Lehramtsreferendare oder Studenten als Begleitpersonen teil. F\u00fcr sie ist es eine wertvolle Erfahrung von Schulwirklichkeit der besonderen Art!<\/p>\n<p style=\"text-align: justify;\">Die Durchf\u00fchrung beginnt mit der gemeinsamen Anreise in einem Doppelstockbus.<br \/>\nAm Ziel leihen die Sch\u00fclerinnen und Sch\u00fcler ihre bestellte Ausr\u00fcstung aus und begeben sich in ihr Quartier. Der erste Tag geh\u00f6rt dann mit dem Einrichten im Haus und in den Zimmern auch zun\u00e4chst dem gemeinsamen Erkunden der n\u00e4heren Umgebung. Dies allein ist zun\u00e4chst f\u00fcr alle Beteiligten ein unvergessliches Erlebnis, denn f\u00fcr viele Kinder aus der l\u00e4ndlichen Struktur der Wetterau ist diese erste Begegnung mit dem meist tiefverschneiten Hochgebirge eine bleibende Erinnerung.<br \/>\nDie n\u00e4chsten Tage geh\u00f6ren den Skikursen, die jeweils morgens und mittags durchgef\u00fchrt werden. Da wir bewusst das Quartier im Skigebiet gew\u00e4hlt haben, nehmen die Sch\u00fclerinnen und Sch\u00fcler am Mittag eine warme Mahlzeit im Haus zu sich. Au\u00dferdem besteht die M\u00f6glichkeit, vor dem zweiten Kursabschnitt eine Ruhephase einzulegen.<br \/>\n<a href=\"http:\/\/singbergschule-woelfersheim.de\/wp-content\/uploads\/Skifoto2014-5.jpg\"><img loading=\"lazy\" decoding=\"async\" class=\"alignleft wp-image-4652 size-medium\" src=\"http:\/\/singbergschule-woelfersheim.de\/wp-content\/uploads\/Skifoto2014-5-300x225.jpg\" alt=\"Skifoto2014-5\" width=\"300\" height=\"225\" srcset=\"https:\/\/singbergschule-woelfersheim.de\/wp-content\/uploads\/Skifoto2014-5-300x225.jpg 300w, https:\/\/singbergschule-woelfersheim.de\/wp-content\/uploads\/Skifoto2014-5.jpg 700w\" sizes=\"auto, (max-width: 300px) 100vw, 300px\" \/><\/a>Am Abend, also bereits vor dem gemeinsamen Essen, geh\u00f6rt das Haus ganz der Gruppe, denn die Touristen haben bereits mit der letzten Gondel das Skigebiet verlassen!<br \/>\nHier vergn\u00fcgen sich die Kinder mit gemeinsamen Spielen, Musik oder der Nachbereitung des Tages in Form gedrehter Videosequenzen!<\/p>\n<p style=\"text-align: justify;\">In den vergangenen Jahren wurde die Ausr\u00fcstung fast ausschlie\u00dflich in Sportgesch\u00e4ften vor Ort, d. h. im Skigebiet, gegen eine sehr g\u00fcnstige Geb\u00fchr ausgeliehen. Dies verband ein hohes Sicherheitsmoment mit optimaler Technik!<br \/>\nDie Durchf\u00fchrung beginnt mit der gemeinsamen Anreise in einem Doppelstockbus.<br \/>\nAm Ziel leihen die Sch\u00fclerinnen und Sch\u00fcler ihre bestellte Ausr\u00fcstung aus und begeben sich in ihr Quartier. Der erste Tag geh\u00f6rt dann mit dem Einrichten im Haus und in den Zimmern auch zun\u00e4chst dem gemeinsamen Erkunden der n\u00e4heren Umgebung.<br \/>\n<a href=\"http:\/\/singbergschule-woelfersheim.de\/wp-content\/uploads\/Skipiste-2014.jpg\"><img loading=\"lazy\" decoding=\"async\" class=\"alignleft wp-image-4653 size-medium\" src=\"http:\/\/singbergschule-woelfersheim.de\/wp-content\/uploads\/Skipiste-2014-300x225.jpg\" alt=\"if\" width=\"300\" height=\"225\" srcset=\"https:\/\/singbergschule-woelfersheim.de\/wp-content\/uploads\/Skipiste-2014-300x225.jpg 300w, https:\/\/singbergschule-woelfersheim.de\/wp-content\/uploads\/Skipiste-2014.jpg 700w\" sizes=\"auto, (max-width: 300px) 100vw, 300px\" \/><\/a>Dies allein ist zun\u00e4chst f\u00fcr alle Beteiligten ein unvergessliches Erlebnis, denn f\u00fcr viele Kinder aus der l\u00e4ndlichen Struktur der Wetterau ist diese erste Begegnung mit dem meist tiefverschneiten Hochgebirge eine bleibende Erinnerung.<br \/>\nDie n\u00e4chsten Tage geh\u00f6ren den Skikursen, die jeweils morgens und mittags durchgef\u00fchrt werden. Da wir bewusst das Quartier im Skigebiet gew\u00e4hlt haben, nehmen die Sch\u00fclerinnen und Sch\u00fcler am Mittag eine warme Mahlzeit im Haus zu sich. Au\u00dferdem besteht die M\u00f6glichkeit, vor dem zweiten Kursabschnitt eine Ruhephase einzulegen.<br \/>\nAm Abend, also bereits vor dem gemeinsamen Essen, geh\u00f6rt das Haus ganz der Gruppe, denn die Touristen haben bereits mit der letzten Gondel das Skigebiet verlassen!<br \/>\nHier vergn\u00fcgen sich die Kinder mit gemeinsamen Spielen, Musik oder der Nachbereitung des Tages in Form gedrehter Videosequenzen!<\/p>\n<p style=\"text-align: justify;\">Da sich unsere Sch\u00fclerjahrg\u00e4ng<a href=\"http:\/\/singbergschule-woelfersheim.de\/wp-content\/uploads\/Skisprung.jpg\"><img loading=\"lazy\" decoding=\"async\" class=\"alignleft wp-image-4654 size-medium\" src=\"http:\/\/singbergschule-woelfersheim.de\/wp-content\/uploads\/Skisprung-300x201.jpg\" alt=\"Skisprung\" width=\"300\" height=\"201\" srcset=\"https:\/\/singbergschule-woelfersheim.de\/wp-content\/uploads\/Skisprung-300x201.jpg 300w, https:\/\/singbergschule-woelfersheim.de\/wp-content\/uploads\/Skisprung.jpg 700w\" sizes=\"auto, (max-width: 300px) 100vw, 300px\" \/><\/a>e in aller Regel zu 90% aus Ski-Anf\u00e4ngern zusammensetzen, ist das Erfolgserlebnis f\u00fcr die Kinder sehr gro\u00df!<br \/>\nAuf einem Abschlussabend, der stets von einem selbst organisierten \u00dcberraschungsprogramm umrahmt wird, erhalten alle Teilnehmer ein \u201eSkidiplom\u201c!<br \/>\nNach Ende der Skiwanderwoche verlassen die Sch\u00fclerinnen und Sch\u00fcler stolz und zumeist hochmotiviert die Bergwelt. In der Analyse der letzten Jahre zeigte sich, dass- angeregt von den heimkehrenden Sch\u00fclern-viele Familien zu \u201eSkifahrern\u201c wurden.<\/p>\n<p style=\"text-align: justify;\">Das Projekt schlie\u00dft mit einer offiziellen Pr\u00e4sentation des Skivideos, das die Teilnehmer gemeinsam erstellt haben. Dies geschieht oft im Rahmen einer Grillfeier mit Sch\u00fclern, Eltern und Kollegen im Fr\u00fchjahr nach der Fahrt. Das Video kann an diesem Abend oder sp\u00e4ter auch von allen Teilnehmern als bleibende Erinnerung erworben werden!<br \/>\nDamit endet jeweils ein ganzheitliches Projekt, das in seiner Vielschichtigkeit in Bezug auf die gruppendynamischen Prozesse in der Schule und durch die Erfahrung des vielseitigen Lebens in einer lebendigen Schulgemeinde in der \u00d6ffentlichkeit noch lange nachwirkt.<\/p>\n<p style=\"text-align: justify;\"><a href=\"http:\/\/singbergschule-woelfersheim.de\/wp-content\/uploads\/IMG_1113.jpg\"><img loading=\"lazy\" decoding=\"async\" class=\"aligncenter wp-image-4644 size-full\" src=\"http:\/\/singbergschule-woelfersheim.de\/wp-content\/uploads\/IMG_1113.jpg\" alt=\"if\" width=\"525\" height=\"700\" srcset=\"https:\/\/singbergschule-woelfersheim.de\/wp-content\/uploads\/IMG_1113.jpg 525w, https:\/\/singbergschule-woelfersheim.de\/wp-content\/uploads\/IMG_1113-300x400.jpg 300w\" sizes=\"auto, (max-width: 525px) 100vw, 525px\" \/><\/a><\/p>\n<p style=\"text-align: justify;\">\n","protected":false},"excerpt":{"rendered":"<p>&nbsp; Die Anf\u00e4nge der Skifahrten an der Singbergschule gehen weit in die fr\u00fchen 80er Jahre zur\u00fcck. Unter Schulleiter Gerd W\u00e4chter unternahm man damals schon Fahrten nach \u00d6sterreich. Seit Beginn des Schuljahres 1992\/93 arbeitet die Singbergschule W\u00f6lfersheim an einem schulform\u00fcbergreifenden Projekt im Jahrgang 7. Alle Sch\u00fclerinnen und Sch\u00fcler des Jahrgangs 7 aller Schulformen nehmen an einer Skiwanderwoche, die in Form eines Schulskikurses in \u00d6sterreich durchgef\u00fchrt wird, teil. Die Erfahrungen haben gezeigt, dass gerade diese Woche sozialen Lernens f\u00fcr die folgenden Jahre in Bezug auf das Schul- bzw. Klassenklima sehr positiv zum Tragen kam. Die Fahrt wird in zwei bis drei aufeinanderfolgenden Wochen organisiert. Als Begleitpersonen stehen die jeweiligen Klassenlehrer und die Mitglieder des Skiteams der Schule (lizenz. Skilehrer) zur Verf\u00fcgung. Die eigentlichen Skikurse werden in eigener Regie durchgef\u00fchrt. An jeder Fahrt nehmen Praktikanten, Lehramtsreferendare oder Studenten als Begleitpersonen teil. F\u00fcr sie ist es eine wertvolle Erfahrung von Schulwirklichkeit der besonderen Art! Die Durchf\u00fchrung beginnt mit der gemeinsamen Anreise in einem Doppelstockbus. Am Ziel leihen die Sch\u00fclerinnen und Sch\u00fcler ihre bestellte Ausr\u00fcstung aus und begeben sich in ihr Quartier. Der erste Tag geh\u00f6rt dann mit dem Einrichten im Haus und in den Zimmern auch zun\u00e4chst dem gemeinsamen Erkunden der n\u00e4heren Umgebung. Dies allein ist zun\u00e4chst f\u00fcr alle Beteiligten ein unvergessliches Erlebnis, denn f\u00fcr viele Kinder aus der l\u00e4ndlichen Struktur der Wetterau ist diese erste Begegnung mit dem meist tiefverschneiten Hochgebirge eine bleibende Erinnerung. Die n\u00e4chsten Tage geh\u00f6ren den Skikursen, die jeweils morgens und mittags durchgef\u00fchrt werden. Da wir bewusst das Quartier im Skigebiet gew\u00e4hlt haben, nehmen die Sch\u00fclerinnen und Sch\u00fcler am Mittag eine warme Mahlzeit im Haus zu sich. Au\u00dferdem besteht die M\u00f6glichkeit, vor dem zweiten Kursabschnitt eine Ruhephase einzulegen. Am Abend, also bereits vor dem gemeinsamen Essen, geh\u00f6rt das Haus ganz der Gruppe, denn die Touristen haben bereits mit der letzten Gondel das Skigebiet verlassen! Hier vergn\u00fcgen sich die Kinder mit gemeinsamen Spielen, Musik oder der Nachbereitung des Tages in Form gedrehter Videosequenzen! In den vergangenen Jahren wurde die Ausr\u00fcstung fast ausschlie\u00dflich in Sportgesch\u00e4ften vor Ort, d. h. im Skigebiet, gegen eine sehr g\u00fcnstige Geb\u00fchr ausgeliehen. Dies verband ein hohes Sicherheitsmoment mit optimaler Technik! Die Durchf\u00fchrung beginnt mit der gemeinsamen Anreise in einem Doppelstockbus. Am Ziel leihen die Sch\u00fclerinnen und Sch\u00fcler ihre bestellte Ausr\u00fcstung aus und begeben sich in ihr Quartier. Der erste Tag geh\u00f6rt dann mit dem Einrichten im Haus und in den Zimmern auch zun\u00e4chst dem gemeinsamen Erkunden der n\u00e4heren Umgebung. Dies allein ist zun\u00e4chst f\u00fcr alle Beteiligten ein unvergessliches Erlebnis, denn f\u00fcr viele Kinder aus der l\u00e4ndlichen Struktur der Wetterau ist diese erste Begegnung mit dem meist tiefverschneiten Hochgebirge eine bleibende Erinnerung. Die n\u00e4chsten Tage geh\u00f6ren den Skikursen, die jeweils morgens und mittags durchgef\u00fchrt werden. Da wir bewusst das Quartier im Skigebiet gew\u00e4hlt haben, nehmen die Sch\u00fclerinnen und Sch\u00fcler am Mittag eine warme Mahlzeit im Haus zu sich. Au\u00dferdem besteht die M\u00f6glichkeit, vor dem zweiten Kursabschnitt eine Ruhephase einzulegen. Am Abend, also bereits vor dem gemeinsamen Essen, geh\u00f6rt das Haus ganz der Gruppe, denn die Touristen haben bereits mit der letzten Gondel das Skigebiet verlassen! Hier vergn\u00fcgen sich die Kinder mit gemeinsamen Spielen, Musik oder der Nachbereitung des Tages in Form gedrehter Videosequenzen! Da sich unsere Sch\u00fclerjahrg\u00e4nge in aller Regel zu 90% aus Ski-Anf\u00e4ngern zusammensetzen, ist das Erfolgserlebnis f\u00fcr die Kinder sehr gro\u00df! Auf einem Abschlussabend, der stets von einem selbst organisierten \u00dcberraschungsprogramm umrahmt wird, erhalten alle Teilnehmer ein \u201eSkidiplom\u201c! Nach Ende der Skiwanderwoche verlassen die Sch\u00fclerinnen und Sch\u00fcler stolz und zumeist hochmotiviert die Bergwelt. In der Analyse der letzten Jahre zeigte sich, dass- angeregt von den heimkehrenden Sch\u00fclern-viele Familien zu \u201eSkifahrern\u201c wurden. Das Projekt schlie\u00dft mit einer offiziellen Pr\u00e4sentation des Skivideos, das die Teilnehmer gemeinsam erstellt haben. Dies geschieht oft im Rahmen einer Grillfeier mit Sch\u00fclern, Eltern und Kollegen im Fr\u00fchjahr nach der Fahrt. Das Video kann an diesem Abend oder sp\u00e4ter auch von allen Teilnehmern als bleibende Erinnerung erworben werden! Damit endet jeweils ein ganzheitliches Projekt, das in seiner Vielschichtigkeit in Bezug auf die gruppendynamischen Prozesse in der Schule und durch die Erfahrung des vielseitigen Lebens in einer lebendigen Schulgemeinde in der \u00d6ffentlichkeit noch lange nachwirkt.<\/p>\n","protected":false},"author":1,"featured_media":0,"parent":0,"menu_order":0,"comment_status":"closed","ping_status":"open","template":"","meta":{"footnotes":""},"class_list":["post-4617","page","type-page","status-publish","hentry"],"_links":{"self":[{"href":"https:\/\/singbergschule-woelfersheim.de\/index.php?rest_route=\/wp\/v2\/pages\/4617","targetHints":{"allow":["GET"]}}],"collection":[{"href":"https:\/\/singbergschule-woelfersheim.de\/index.php?rest_route=\/wp\/v2\/pages"}],"about":[{"href":"https:\/\/singbergschule-woelfersheim.de\/index.php?rest_route=\/wp\/v2\/types\/page"}],"author":[{"embeddable":true,"href":"https:\/\/singbergschule-woelfersheim.de\/index.php?rest_route=\/wp\/v2\/users\/1"}],"replies":[{"embeddable":true,"href":"https:\/\/singbergschule-woelfersheim.de\/index.php?rest_route=%2Fwp%2Fv2%2Fcomments&post=4617"}],"version-history":[{"count":9,"href":"https:\/\/singbergschule-woelfersheim.de\/index.php?rest_route=\/wp\/v2\/pages\/4617\/revisions"}],"predecessor-version":[{"id":12127,"href":"https:\/\/singbergschule-woelfersheim.de\/index.php?rest_route=\/wp\/v2\/pages\/4617\/revisions\/12127"}],"wp:attachment":[{"href":"https:\/\/singbergschule-woelfersheim.de\/index.php?rest_route=%2Fwp%2Fv2%2Fmedia&parent=4617"}],"curies":[{"name":"wp","href":"https:\/\/api.w.org\/{rel}","templated":true}]}}