{"id":4504,"date":"2014-12-23T02:35:41","date_gmt":"2014-12-23T00:35:41","guid":{"rendered":"http:\/\/singbergschule-woelfersheim.de\/wordpress\/?page_id=4504"},"modified":"2014-12-26T18:03:22","modified_gmt":"2014-12-26T16:03:22","slug":"schulorchester","status":"publish","type":"page","link":"https:\/\/singbergschule-woelfersheim.de\/?page_id=4504","title":{"rendered":"Schulorchester"},"content":{"rendered":"<p style=\"text-align: justify;\"><a href=\"http:\/\/singbergschule-woelfersheim.de\/wp-content\/uploads\/IMG_6184.jpg\"><img loading=\"lazy\" decoding=\"async\" class=\"aligncenter wp-image-4054 size-full\" src=\"http:\/\/singbergschule-woelfersheim.de\/wp-content\/uploads\/IMG_6184.jpg\" alt=\"IMG_6184\" width=\"700\" height=\"467\" srcset=\"https:\/\/singbergschule-woelfersheim.de\/wp-content\/uploads\/IMG_6184.jpg 700w, https:\/\/singbergschule-woelfersheim.de\/wp-content\/uploads\/IMG_6184-300x200.jpg 300w\" sizes=\"auto, (max-width: 700px) 100vw, 700px\" \/><\/a>Das Schulorchester steht allen Sch\u00fclerinnen und Sch\u00fclern der Singbergschule offen, die einen Mindeststandard an F\u00e4higkeiten an ihrem Instrument mitbringen. Geleitet wird das Schulorchester von Frau Dern, Frau Kaizani und Herrn Scholz, die in Kleingruppen einmal pro Woche mit den Instrumentalisten proben. Nach M\u00f6glichkeit werden Percussion, Schlagzeug und Piano integriert.<\/p>\n<p style=\"text-align: justify;\">Das Schulorchester baut ein Programm aus Jazz und Adaptionen von Pop- und Rockmusik f\u00fcr Blasorchester auf. Verschiedene Auftritte beim j\u00e4hrlichen Nikolaus- und Bl\u00e4serkonzert sind die H\u00f6hepunkte im Probenjahr und zweigen die Breite des K\u00f6nnens.<\/p>\n<p style=\"text-align: justify;\">Eine besondere Gruppe bildet das von Herrn Scholz geleitete Trompetenensemble. Besonders gute, talentierte Bl\u00e4ser zeigen ihr K\u00f6nnen zus\u00e4tzlich bei Auftritten im Rahmen von Veranstaltungen der Schulgemeinde. Auf dem Bild erfreuen sie die Sch\u00fcler und Kollegen auf allen Schulfluren mit Weihnachtsliedern kurz vor den Weihnachtsferien.<\/p>\n<p><a href=\"http:\/\/singbergschule-woelfersheim.de\/wp-content\/uploads\/DSC00087.jpg\"><img loading=\"lazy\" decoding=\"async\" class=\" wp-image-4358  aligncenter\" src=\"http:\/\/singbergschule-woelfersheim.de\/wp-content\/uploads\/DSC00087-300x199.jpg\" alt=\"SONY DSC\" width=\"404\" height=\"268\" srcset=\"https:\/\/singbergschule-woelfersheim.de\/wp-content\/uploads\/DSC00087-300x199.jpg 300w, https:\/\/singbergschule-woelfersheim.de\/wp-content\/uploads\/DSC00087.jpg 700w\" sizes=\"auto, (max-width: 404px) 100vw, 404px\" \/><\/a><\/p>\n","protected":false},"excerpt":{"rendered":"<p>Das Schulorchester steht allen Sch\u00fclerinnen und Sch\u00fclern der Singbergschule offen, die einen Mindeststandard an F\u00e4higkeiten an ihrem Instrument mitbringen. Geleitet wird das Schulorchester von Frau Dern, Frau Kaizani und Herrn Scholz, die in Kleingruppen einmal pro Woche mit den Instrumentalisten proben. Nach M\u00f6glichkeit werden Percussion, Schlagzeug und Piano integriert. Das Schulorchester baut ein Programm aus Jazz und Adaptionen von Pop- und Rockmusik f\u00fcr Blasorchester auf. Verschiedene Auftritte beim j\u00e4hrlichen Nikolaus- und Bl\u00e4serkonzert sind die H\u00f6hepunkte im Probenjahr und zweigen die Breite des K\u00f6nnens. Eine besondere Gruppe bildet das von Herrn Scholz geleitete Trompetenensemble. Besonders gute, talentierte Bl\u00e4ser zeigen ihr K\u00f6nnen zus\u00e4tzlich bei Auftritten im Rahmen von Veranstaltungen der Schulgemeinde. Auf dem Bild erfreuen sie die Sch\u00fcler und Kollegen auf allen Schulfluren mit Weihnachtsliedern kurz vor den Weihnachtsferien.<\/p>\n","protected":false},"author":2,"featured_media":0,"parent":0,"menu_order":0,"comment_status":"closed","ping_status":"open","template":"","meta":{"footnotes":""},"class_list":["post-4504","page","type-page","status-publish","hentry"],"_links":{"self":[{"href":"https:\/\/singbergschule-woelfersheim.de\/index.php?rest_route=\/wp\/v2\/pages\/4504","targetHints":{"allow":["GET"]}}],"collection":[{"href":"https:\/\/singbergschule-woelfersheim.de\/index.php?rest_route=\/wp\/v2\/pages"}],"about":[{"href":"https:\/\/singbergschule-woelfersheim.de\/index.php?rest_route=\/wp\/v2\/types\/page"}],"author":[{"embeddable":true,"href":"https:\/\/singbergschule-woelfersheim.de\/index.php?rest_route=\/wp\/v2\/users\/2"}],"replies":[{"embeddable":true,"href":"https:\/\/singbergschule-woelfersheim.de\/index.php?rest_route=%2Fwp%2Fv2%2Fcomments&post=4504"}],"version-history":[{"count":9,"href":"https:\/\/singbergschule-woelfersheim.de\/index.php?rest_route=\/wp\/v2\/pages\/4504\/revisions"}],"predecessor-version":[{"id":4585,"href":"https:\/\/singbergschule-woelfersheim.de\/index.php?rest_route=\/wp\/v2\/pages\/4504\/revisions\/4585"}],"wp:attachment":[{"href":"https:\/\/singbergschule-woelfersheim.de\/index.php?rest_route=%2Fwp%2Fv2%2Fmedia&parent=4504"}],"curies":[{"name":"wp","href":"https:\/\/api.w.org\/{rel}","templated":true}]}}