{"id":4495,"date":"2014-12-23T02:23:21","date_gmt":"2014-12-23T00:23:21","guid":{"rendered":"http:\/\/singbergschule-woelfersheim.de\/wordpress\/?page_id=4495"},"modified":"2014-12-26T12:22:53","modified_gmt":"2014-12-26T10:22:53","slug":"gitarrenkurse","status":"publish","type":"page","link":"https:\/\/singbergschule-woelfersheim.de\/?page_id=4495","title":{"rendered":"Gitarrenkurse"},"content":{"rendered":"<p><img loading=\"lazy\" decoding=\"async\" class=\"alignleft wp-image-3860 size-medium\" src=\"http:\/\/singbergschule-woelfersheim.de\/wp-content\/uploads\/2014\/Musik\/IMG_5907-300x449.jpg\" alt=\"IMG_5907\" width=\"300\" height=\"449\" srcset=\"https:\/\/singbergschule-woelfersheim.de\/wp-content\/uploads\/2014\/Musik\/IMG_5907-300x449.jpg 300w, https:\/\/singbergschule-woelfersheim.de\/wp-content\/uploads\/2014\/Musik\/IMG_5907.jpg 467w\" sizes=\"auto, (max-width: 300px) 100vw, 300px\" \/><\/p>\n<p>Ein weiterer instrumentaler Schwerpunkt ist die Gitarrenausbildung. Die Sch\u00fclerinnen und Sch\u00fcler der Jahrg\u00e4nge 5 und 6 erlernen klassen- und schulform\u00fcbergreifend das Gitarrespiel. Dazu geh\u00f6ren neben dem Stimmen und der Pflege des Instrumentes das Spiel nach Noten, verschiedene Grifftechniken und nat\u00fcrlich auch das Singen zum Spiel. Die Gitarrenlehrerinnen und \u2013lehrer kommen aus der Musikschule oder sind Musiklehrer unserer Schule.<\/p>\n<p>Zurzeit gibt es im Fachbereich Musik zahlreiche Gitarrenkurse und Keyboardkurse, einen Chor, eine Musical-Gruppe, eine Schulband, 2 Blasorchester und den Wahlpflichtkurs Acoustic Music.<\/p>\n<p>&nbsp;<\/p>\n","protected":false},"excerpt":{"rendered":"<p>Ein weiterer instrumentaler Schwerpunkt ist die Gitarrenausbildung. Die Sch\u00fclerinnen und Sch\u00fcler der Jahrg\u00e4nge 5 und 6 erlernen klassen- und schulform\u00fcbergreifend das Gitarrespiel. Dazu geh\u00f6ren neben dem Stimmen und der Pflege des Instrumentes das Spiel nach Noten, verschiedene Grifftechniken und nat\u00fcrlich auch das Singen zum Spiel. Die Gitarrenlehrerinnen und \u2013lehrer kommen aus der Musikschule oder sind Musiklehrer unserer Schule. Zurzeit gibt es im Fachbereich Musik zahlreiche Gitarrenkurse und Keyboardkurse, einen Chor, eine Musical-Gruppe, eine Schulband, 2 Blasorchester und den Wahlpflichtkurs Acoustic Music. &nbsp;<\/p>\n","protected":false},"author":2,"featured_media":0,"parent":0,"menu_order":0,"comment_status":"closed","ping_status":"open","template":"","meta":{"footnotes":""},"class_list":["post-4495","page","type-page","status-publish","hentry"],"_links":{"self":[{"href":"https:\/\/singbergschule-woelfersheim.de\/index.php?rest_route=\/wp\/v2\/pages\/4495","targetHints":{"allow":["GET"]}}],"collection":[{"href":"https:\/\/singbergschule-woelfersheim.de\/index.php?rest_route=\/wp\/v2\/pages"}],"about":[{"href":"https:\/\/singbergschule-woelfersheim.de\/index.php?rest_route=\/wp\/v2\/types\/page"}],"author":[{"embeddable":true,"href":"https:\/\/singbergschule-woelfersheim.de\/index.php?rest_route=\/wp\/v2\/users\/2"}],"replies":[{"embeddable":true,"href":"https:\/\/singbergschule-woelfersheim.de\/index.php?rest_route=%2Fwp%2Fv2%2Fcomments&post=4495"}],"version-history":[{"count":6,"href":"https:\/\/singbergschule-woelfersheim.de\/index.php?rest_route=\/wp\/v2\/pages\/4495\/revisions"}],"predecessor-version":[{"id":4546,"href":"https:\/\/singbergschule-woelfersheim.de\/index.php?rest_route=\/wp\/v2\/pages\/4495\/revisions\/4546"}],"wp:attachment":[{"href":"https:\/\/singbergschule-woelfersheim.de\/index.php?rest_route=%2Fwp%2Fv2%2Fmedia&parent=4495"}],"curies":[{"name":"wp","href":"https:\/\/api.w.org\/{rel}","templated":true}]}}