{"id":4493,"date":"2014-12-23T02:13:43","date_gmt":"2014-12-23T00:13:43","guid":{"rendered":"http:\/\/singbergschule-woelfersheim.de\/wordpress\/?page_id=4493"},"modified":"2014-12-26T15:29:01","modified_gmt":"2014-12-26T13:29:01","slug":"keyboard-kurse","status":"publish","type":"page","link":"https:\/\/singbergschule-woelfersheim.de\/?page_id=4493","title":{"rendered":"Keyboardkurse"},"content":{"rendered":"<p style=\"text-align: justify;\"><a href=\"http:\/\/singbergschule-woelfersheim.de\/wp-content\/uploads\/IMG_9544.jpg\"><img loading=\"lazy\" decoding=\"async\" class=\"alignleft wp-image-4565 size-medium\" src=\"http:\/\/singbergschule-woelfersheim.de\/wp-content\/uploads\/IMG_9544-300x451.jpg\" alt=\"IMG_9544\" width=\"300\" height=\"451\" srcset=\"https:\/\/singbergschule-woelfersheim.de\/wp-content\/uploads\/IMG_9544-300x451.jpg 300w, https:\/\/singbergschule-woelfersheim.de\/wp-content\/uploads\/IMG_9544.jpg 466w\" sizes=\"auto, (max-width: 300px) 100vw, 300px\" \/><\/a>Die Keyboardsch\u00fclerinnen und \u2013sch\u00fcler erlernen an schuleigenen Instrumenten das Spiel nach Noten im Einzelspiel, nach entsprechenden Fortschritten auch im Ensemblespiel. Zuhause ben\u00f6tigt man allerdings ein eigenes Instrument zum \u00dcben. Unterrichtet werden die Kinder von Musiklehrern der Singbergschule, aber auch von profilierten Keyboardern der Umgebung der Schule.<\/p>\n<p style=\"text-align: justify;\">Die Anmeldung erfolgt f\u00fcr zwei Schuljahre. Die meisten Sch\u00fclerinnen und Sch\u00fcler beginnen in Klasse 5, allerdings k\u00f6nnen sich interessierte Sch\u00fclerinnen und Sch\u00fcler auch noch sp\u00e4ter zum Schuljahresbeginn anmelden. Die Anmeldung wird dankenswerterweise \u00fcber unseren F\u00f6rderverein gew\u00e4hrleistet.<\/p>\n<p style=\"text-align: justify;\">Die organisatorische Verantwortung tr\u00e4gt unser Musikkoordinator, Herr Scholz, der auch bei R\u00fcckfragen der richtige Ansprechpartner ist.<\/p>\n","protected":false},"excerpt":{"rendered":"<p>Die Keyboardsch\u00fclerinnen und \u2013sch\u00fcler erlernen an schuleigenen Instrumenten das Spiel nach Noten im Einzelspiel, nach entsprechenden Fortschritten auch im Ensemblespiel. Zuhause ben\u00f6tigt man allerdings ein eigenes Instrument zum \u00dcben. Unterrichtet werden die Kinder von Musiklehrern der Singbergschule, aber auch von profilierten Keyboardern der Umgebung der Schule. Die Anmeldung erfolgt f\u00fcr zwei Schuljahre. Die meisten Sch\u00fclerinnen und Sch\u00fcler beginnen in Klasse 5, allerdings k\u00f6nnen sich interessierte Sch\u00fclerinnen und Sch\u00fcler auch noch sp\u00e4ter zum Schuljahresbeginn anmelden. Die Anmeldung wird dankenswerterweise \u00fcber unseren F\u00f6rderverein gew\u00e4hrleistet. Die organisatorische Verantwortung tr\u00e4gt unser Musikkoordinator, Herr Scholz, der auch bei R\u00fcckfragen der richtige Ansprechpartner ist.<\/p>\n","protected":false},"author":2,"featured_media":0,"parent":0,"menu_order":0,"comment_status":"closed","ping_status":"open","template":"","meta":{"footnotes":""},"class_list":["post-4493","page","type-page","status-publish","hentry"],"_links":{"self":[{"href":"https:\/\/singbergschule-woelfersheim.de\/index.php?rest_route=\/wp\/v2\/pages\/4493","targetHints":{"allow":["GET"]}}],"collection":[{"href":"https:\/\/singbergschule-woelfersheim.de\/index.php?rest_route=\/wp\/v2\/pages"}],"about":[{"href":"https:\/\/singbergschule-woelfersheim.de\/index.php?rest_route=\/wp\/v2\/types\/page"}],"author":[{"embeddable":true,"href":"https:\/\/singbergschule-woelfersheim.de\/index.php?rest_route=\/wp\/v2\/users\/2"}],"replies":[{"embeddable":true,"href":"https:\/\/singbergschule-woelfersheim.de\/index.php?rest_route=%2Fwp%2Fv2%2Fcomments&post=4493"}],"version-history":[{"count":6,"href":"https:\/\/singbergschule-woelfersheim.de\/index.php?rest_route=\/wp\/v2\/pages\/4493\/revisions"}],"predecessor-version":[{"id":4568,"href":"https:\/\/singbergschule-woelfersheim.de\/index.php?rest_route=\/wp\/v2\/pages\/4493\/revisions\/4568"}],"wp:attachment":[{"href":"https:\/\/singbergschule-woelfersheim.de\/index.php?rest_route=%2Fwp%2Fv2%2Fmedia&parent=4493"}],"curies":[{"name":"wp","href":"https:\/\/api.w.org\/{rel}","templated":true}]}}