{"id":4484,"date":"2014-12-23T01:00:14","date_gmt":"2014-12-22T23:00:14","guid":{"rendered":"http:\/\/singbergschule-woelfersheim.de\/wordpress\/?page_id=4484"},"modified":"2014-12-26T17:13:49","modified_gmt":"2014-12-26T15:13:49","slug":"musical-team","status":"publish","type":"page","link":"https:\/\/singbergschule-woelfersheim.de\/?page_id=4484","title":{"rendered":"Musical Team"},"content":{"rendered":"<p style=\"text-align: justify;\"><a href=\"http:\/\/singbergschule-woelfersheim.de\/wp-content\/uploads\/2014\/Jubil\u00e4um+Geschichte\/Poster_MusicalGesichtzeigen.jpg\"><img loading=\"lazy\" decoding=\"async\" class=\"alignleft wp-image-3787 size-full\" src=\"http:\/\/singbergschule-woelfersheim.de\/wp-content\/uploads\/2014\/Jubil\u00e4um+Geschichte\/Poster_MusicalGesichtzeigen.jpg\" alt=\"Poster_MusicalGesichtzeigen\" width=\"200\" height=\"210\" \/><\/a>Seit mehr als 30 Jahren gibt es Musicals an der Singbergschule, die mit viel Zuspruch und Erfolg in der Wetterauhalle vor Grundsch\u00fclern und in einer Abendveranstaltung aufgef\u00fchrt werden.<\/p>\n<p style=\"text-align: justify;\">Die Musical-AG arbeitet im Rahmen des Ganztags-Wahlpflichtunterricht mit vielen anderen Kursen, z.B. der Theater-AG, den Bl\u00e4sergruppen und dem Chor zusammen. Unter der Leitung von Christoph Scholz und in Zusammenarbeit mit vielen anderen Musikkolleginnen und -kollegen der Schule entsteht fast jedes Jahr ein neues, sehenswertes Musical.<\/p>\n<p>In den letzten Jahren wurden z. B.<\/p>\n<p>2009 \/ 2010\u00a0\u00a0\u00a0\u00a0\u00a0\u00a0\u00a0\u00a0 &#8222;L\u00f6wenherz&#8220;<br \/>\n2010 \/ 2011\u00a0\u00a0\u00a0\u00a0\u00a0\u00a0\u00a0\u00a0\u00a0 &#8222;Die Chinesische Nachtigall&#8220;<br \/>\n2011 \/ 2012\u00a0\u00a0\u00a0\u00a0\u00a0\u00a0\u00a0\u00a0\u00a0 &#8222;Coco Superstar&#8220;<br \/>\n2012 \/ 2013\u00a0\u00a0\u00a0\u00a0\u00a0\u00a0\u00a0\u00a0\u00a0 &#8222;Das Dschungelbuch&#8220;<\/p>\n<p>und das Jubil\u00e4umsmusical 2014 \/ 2015\u00a0 &#8222;Wir zeigen Gesicht&#8220; aufgef\u00fchrt, in dem an viele vergangene Musicals erinnert wurde.<\/p>\n<p style=\"text-align: justify;\">Wer gern singt, tanzt, auf der B\u00fchne steht und im Team arbeitet, ist hier genau richtig. Der Spa\u00df ist garantiert.<\/p>\n","protected":false},"excerpt":{"rendered":"<p>Seit mehr als 30 Jahren gibt es Musicals an der Singbergschule, die mit viel Zuspruch und Erfolg in der Wetterauhalle vor Grundsch\u00fclern und in einer Abendveranstaltung aufgef\u00fchrt werden. Die Musical-AG arbeitet im Rahmen des Ganztags-Wahlpflichtunterricht mit vielen anderen Kursen, z.B. der Theater-AG, den Bl\u00e4sergruppen und dem Chor zusammen. Unter der Leitung von Christoph Scholz und in Zusammenarbeit mit vielen anderen Musikkolleginnen und -kollegen der Schule entsteht fast jedes Jahr ein neues, sehenswertes Musical. In den letzten Jahren wurden z. B. 2009 \/ 2010\u00a0\u00a0\u00a0\u00a0\u00a0\u00a0\u00a0\u00a0 &#8222;L\u00f6wenherz&#8220; 2010 \/ 2011\u00a0\u00a0\u00a0\u00a0\u00a0\u00a0\u00a0\u00a0\u00a0 &#8222;Die Chinesische Nachtigall&#8220; 2011 \/ 2012\u00a0\u00a0\u00a0\u00a0\u00a0\u00a0\u00a0\u00a0\u00a0 &#8222;Coco Superstar&#8220; 2012 \/ 2013\u00a0\u00a0\u00a0\u00a0\u00a0\u00a0\u00a0\u00a0\u00a0 &#8222;Das Dschungelbuch&#8220; und das Jubil\u00e4umsmusical 2014 \/ 2015\u00a0 &#8222;Wir zeigen Gesicht&#8220; aufgef\u00fchrt, in dem an viele vergangene Musicals erinnert wurde. Wer gern singt, tanzt, auf der B\u00fchne steht und im Team arbeitet, ist hier genau richtig. Der Spa\u00df ist garantiert.<\/p>\n","protected":false},"author":2,"featured_media":0,"parent":0,"menu_order":0,"comment_status":"closed","ping_status":"open","template":"","meta":{"footnotes":""},"class_list":["post-4484","page","type-page","status-publish","hentry"],"_links":{"self":[{"href":"https:\/\/singbergschule-woelfersheim.de\/index.php?rest_route=\/wp\/v2\/pages\/4484","targetHints":{"allow":["GET"]}}],"collection":[{"href":"https:\/\/singbergschule-woelfersheim.de\/index.php?rest_route=\/wp\/v2\/pages"}],"about":[{"href":"https:\/\/singbergschule-woelfersheim.de\/index.php?rest_route=\/wp\/v2\/types\/page"}],"author":[{"embeddable":true,"href":"https:\/\/singbergschule-woelfersheim.de\/index.php?rest_route=\/wp\/v2\/users\/2"}],"replies":[{"embeddable":true,"href":"https:\/\/singbergschule-woelfersheim.de\/index.php?rest_route=%2Fwp%2Fv2%2Fcomments&post=4484"}],"version-history":[{"count":16,"href":"https:\/\/singbergschule-woelfersheim.de\/index.php?rest_route=\/wp\/v2\/pages\/4484\/revisions"}],"predecessor-version":[{"id":4576,"href":"https:\/\/singbergschule-woelfersheim.de\/index.php?rest_route=\/wp\/v2\/pages\/4484\/revisions\/4576"}],"wp:attachment":[{"href":"https:\/\/singbergschule-woelfersheim.de\/index.php?rest_route=%2Fwp%2Fv2%2Fmedia&parent=4484"}],"curies":[{"name":"wp","href":"https:\/\/api.w.org\/{rel}","templated":true}]}}