{"id":4482,"date":"2014-12-23T00:55:20","date_gmt":"2014-12-22T22:55:20","guid":{"rendered":"http:\/\/singbergschule-woelfersheim.de\/wordpress\/?page_id=4482"},"modified":"2023-04-27T20:09:31","modified_gmt":"2023-04-27T18:09:31","slug":"schulband","status":"publish","type":"page","link":"https:\/\/singbergschule-woelfersheim.de\/?page_id=4482","title":{"rendered":"Schulband"},"content":{"rendered":"<h3>Under Kitchen<\/h3>\n<p>Die Schulband <strong>\u201eUnder Kitchen\u201c<\/strong> wird von Herrn K\u00fcchenmeister geleitet.<\/p>\n<p>Die Schulband spielt je nach Anlass<\/p>\n<div class=\"shortcode-list bullet2\">\r\n<ul>\r\n \t<li>im Jugendzentrum<\/li>\r\n \t<li>auf Feuerwehrfesten<\/li>\r\n \t<li>Abschlussfeiern der Abschlussklassen<\/li>\r\n \t<li>Musikabenden usw.<\/li>\r\n<\/ul>\r\n<\/div>\n<p>&nbsp;<\/p>\n<p><img loading=\"lazy\" decoding=\"async\" class=\"alignleft wp-image-3779 size-full\" src=\"http:\/\/singbergschule-woelfersheim.de\/wp-content\/uploads\/Schulband.jpg\" alt=\"Schulband\" width=\"700\" height=\"467\" srcset=\"https:\/\/singbergschule-woelfersheim.de\/wp-content\/uploads\/Schulband.jpg 700w, https:\/\/singbergschule-woelfersheim.de\/wp-content\/uploads\/Schulband-300x200.jpg 300w\" sizes=\"auto, (max-width: 700px) 100vw, 700px\" \/><\/p>\n<p>Man kann ab der 7. Klasse mitmachen. \u201eWer gut ist, soll sich melden, vorspielen und mitmachen.\u201c<br \/>\nDie Schulband existiert seit ungef\u00e4hr 20 Jahren. Anfangs war Herr Gerlach der Bandleader.<br \/>\n1998 \u00fcbernahm Frau Reinelt die Schulband. Seit 2002 wird sie von Herrn K\u00fcchenmeister geleitet.<\/p>\n<div style=\"padding: 56.25% 0 0 0; position: relative;\"><iframe style=\"position: absolute; top: 0; left: 0; width: 100%; height: 100%;\" title=\"&amp;#039;&amp;#039;If You Tolerate This&amp;#039;&amp;#039; by Manic Street Preachers, COVER by\" src=\"https:\/\/player.vimeo.com\/video\/821754916?h=1411fb24da&amp;badge=0&amp;autopause=0&amp;player_id=0&amp;app_id=58479\" frameborder=\"0\" allowfullscreen=\"allowfullscreen\"><\/iframe><\/div>\n<p><script src=\"https:\/\/player.vimeo.com\/api\/player.js\"><\/script><br \/>\nDieses Video zeigt unsere Schulband at its best!<\/p>\n<p>Das aktuelle Projekt&#8220; One of us&#8220; ist mit dem im Studio aufgenommenen Song und von den Sch\u00fclern selbst produzierten Video nun abgeschlossen und kann sich wirklich sehen lassen.<br \/>\n<iframe loading=\"lazy\" src=\"https:\/\/www.youtube.com\/embed\/BI8oOVeDw9o\" width=\"640\" height=\"360\" frameborder=\"0\" allowfullscreen=\"allowfullscreen\"><\/iframe><\/p>\n","protected":false},"excerpt":{"rendered":"<p>Under Kitchen Die Schulband \u201eUnder Kitchen\u201c wird von Herrn K\u00fcchenmeister geleitet. Die Schulband spielt je nach Anlass &nbsp; Man kann ab der 7. Klasse mitmachen. \u201eWer gut ist, soll sich melden, vorspielen und mitmachen.\u201c Die Schulband existiert seit ungef\u00e4hr 20 Jahren. Anfangs war Herr Gerlach der Bandleader. 1998 \u00fcbernahm Frau Reinelt die Schulband. Seit 2002 wird sie von Herrn K\u00fcchenmeister geleitet. Dieses Video zeigt unsere Schulband at its best! Das aktuelle Projekt&#8220; One of us&#8220; ist mit dem im Studio aufgenommenen Song und von den Sch\u00fclern selbst produzierten Video nun abgeschlossen und kann sich wirklich sehen lassen.<\/p>\n","protected":false},"author":2,"featured_media":0,"parent":0,"menu_order":0,"comment_status":"closed","ping_status":"open","template":"","meta":{"footnotes":""},"class_list":["post-4482","page","type-page","status-publish","hentry"],"_links":{"self":[{"href":"https:\/\/singbergschule-woelfersheim.de\/index.php?rest_route=\/wp\/v2\/pages\/4482","targetHints":{"allow":["GET"]}}],"collection":[{"href":"https:\/\/singbergschule-woelfersheim.de\/index.php?rest_route=\/wp\/v2\/pages"}],"about":[{"href":"https:\/\/singbergschule-woelfersheim.de\/index.php?rest_route=\/wp\/v2\/types\/page"}],"author":[{"embeddable":true,"href":"https:\/\/singbergschule-woelfersheim.de\/index.php?rest_route=\/wp\/v2\/users\/2"}],"replies":[{"embeddable":true,"href":"https:\/\/singbergschule-woelfersheim.de\/index.php?rest_route=%2Fwp%2Fv2%2Fcomments&post=4482"}],"version-history":[{"count":17,"href":"https:\/\/singbergschule-woelfersheim.de\/index.php?rest_route=\/wp\/v2\/pages\/4482\/revisions"}],"predecessor-version":[{"id":8541552,"href":"https:\/\/singbergschule-woelfersheim.de\/index.php?rest_route=\/wp\/v2\/pages\/4482\/revisions\/8541552"}],"wp:attachment":[{"href":"https:\/\/singbergschule-woelfersheim.de\/index.php?rest_route=%2Fwp%2Fv2%2Fmedia&parent=4482"}],"curies":[{"name":"wp","href":"https:\/\/api.w.org\/{rel}","templated":true}]}}