{"id":3964,"date":"2014-11-30T22:56:33","date_gmt":"2014-11-30T20:56:33","guid":{"rendered":"http:\/\/singbergschule-woelfersheim.de\/wordpress\/?page_id=3964"},"modified":"2025-02-14T20:08:03","modified_gmt":"2025-02-14T19:08:03","slug":"neuanmeldung-klasse-5","status":"publish","type":"page","link":"https:\/\/singbergschule-woelfersheim.de\/?page_id=3964","title":{"rendered":"Informationen zur Klasse 5"},"content":{"rendered":"<h3>\n<div class=\"message-box-wrapper yellow\"><div class=\"message-box-title\">Herzlich willkommen!<\/div><div class=\"message-box-content\"><p>Wir freuen uns, dass Sie sich mit Ihrem Kind \u00fcber unsere Schule informieren wollen. Daf\u00fcr haben wir verschiedene Informationen zusammengestellt. Bitte kontaktieren Sie uns, wenn Sie sich einen pers\u00f6nlichen Eindruck vor Ort von der Singbergschule machen wollen. Gern stehen wir f\u00fcr ein Gespr\u00e4ch zur Verf\u00fcgung. <\/p>\n<\/div><\/div>\n<\/h3>\n<p><a href=\"https:\/\/singbergschule-woelfersheim.de\/wp-content\/uploads\/Schulflyer-klein.pdf\"><img loading=\"lazy\" decoding=\"async\" class=\"aligncenter wp-image-1005392 size-medium\" src=\"https:\/\/singbergschule-woelfersheim.de\/wp-content\/uploads\/Bildschirmfoto-2020-12-02-um-21.58.11-241x500.png\" alt=\"\" width=\"241\" height=\"500\" srcset=\"https:\/\/singbergschule-woelfersheim.de\/wp-content\/uploads\/Bildschirmfoto-2020-12-02-um-21.58.11-241x500.png 241w, https:\/\/singbergschule-woelfersheim.de\/wp-content\/uploads\/Bildschirmfoto-2020-12-02-um-21.58.11-494x1024.png 494w, https:\/\/singbergschule-woelfersheim.de\/wp-content\/uploads\/Bildschirmfoto-2020-12-02-um-21.58.11.png 568w\" sizes=\"auto, (max-width: 241px) 100vw, 241px\" \/><\/a><\/p>\n<h2 style=\"text-align: center;\"><span style=\"color: #800000;\">Der Flyer f\u00fcr den ersten \u00dcberblick<\/span><\/h2>\n<h3>Der Film unserer Video-AG vermittelt einen Eindruck von dem vielf\u00e4ltigen Schulleben.<\/h3>\n<p><iframe loading=\"lazy\" src=\"https:\/\/www.youtube.com\/embed\/8sP_7IcNPCI\" width=\"560\" height=\"315\" frameborder=\"0\" allowfullscreen=\"allowfullscreen\"><\/iframe><\/p>\n<h2><\/h2>\n<p>&nbsp;<\/p>\n<h3 style=\"text-align: center;\">Wenn DU wissen willst, wie DEIN Tag bei uns an der Schule aussehen k\u00f6nnte, klick mal auf das Bild.<\/h3>\n<p><a href=\"https:\/\/singbergschule-woelfersheim.de\/wp-content\/uploads\/Tag-in-Klasse-5.pdf\"><img loading=\"lazy\" decoding=\"async\" class=\"wp-image-995799 size-full aligncenter\" src=\"https:\/\/singbergschule-woelfersheim.de\/wp-content\/uploads\/IMG_1643-k.jpg\" alt=\"\" width=\"906\" height=\"679\" srcset=\"https:\/\/singbergschule-woelfersheim.de\/wp-content\/uploads\/IMG_1643-k.jpg 906w, https:\/\/singbergschule-woelfersheim.de\/wp-content\/uploads\/IMG_1643-k-300x225.jpg 300w, https:\/\/singbergschule-woelfersheim.de\/wp-content\/uploads\/IMG_1643-k-768x576.jpg 768w\" sizes=\"auto, (max-width: 906px) 100vw, 906px\" \/><\/a><\/p>\n","protected":false},"excerpt":{"rendered":"<p>Der Flyer f\u00fcr den ersten \u00dcberblick Der Film unserer Video-AG vermittelt einen Eindruck von dem vielf\u00e4ltigen Schulleben. &nbsp; Wenn DU wissen willst, wie DEIN Tag bei uns an der Schule aussehen k\u00f6nnte, klick mal auf das Bild.<\/p>\n","protected":false},"author":1,"featured_media":0,"parent":0,"menu_order":0,"comment_status":"closed","ping_status":"open","template":"","meta":{"footnotes":""},"class_list":["post-3964","page","type-page","status-publish","hentry"],"_links":{"self":[{"href":"https:\/\/singbergschule-woelfersheim.de\/index.php?rest_route=\/wp\/v2\/pages\/3964","targetHints":{"allow":["GET"]}}],"collection":[{"href":"https:\/\/singbergschule-woelfersheim.de\/index.php?rest_route=\/wp\/v2\/pages"}],"about":[{"href":"https:\/\/singbergschule-woelfersheim.de\/index.php?rest_route=\/wp\/v2\/types\/page"}],"author":[{"embeddable":true,"href":"https:\/\/singbergschule-woelfersheim.de\/index.php?rest_route=\/wp\/v2\/users\/1"}],"replies":[{"embeddable":true,"href":"https:\/\/singbergschule-woelfersheim.de\/index.php?rest_route=%2Fwp%2Fv2%2Fcomments&post=3964"}],"version-history":[{"count":68,"href":"https:\/\/singbergschule-woelfersheim.de\/index.php?rest_route=\/wp\/v2\/pages\/3964\/revisions"}],"predecessor-version":[{"id":3969,"href":"https:\/\/singbergschule-woelfersheim.de\/index.php?rest_route=\/wp\/v2\/pages\/3964\/revisions\/3969"}],"wp:attachment":[{"href":"https:\/\/singbergschule-woelfersheim.de\/index.php?rest_route=%2Fwp%2Fv2%2Fmedia&parent=3964"}],"curies":[{"name":"wp","href":"https:\/\/api.w.org\/{rel}","templated":true}]}}