{"id":3766416,"date":"2021-12-18T07:19:15","date_gmt":"2021-12-18T06:19:15","guid":{"rendered":"https:\/\/singbergschule-woelfersheim.de\/?page_id=3766416"},"modified":"2025-11-07T19:19:30","modified_gmt":"2025-11-07T18:19:30","slug":"informationen-fuer-eltern","status":"publish","type":"page","link":"https:\/\/singbergschule-woelfersheim.de\/?page_id=3766416","title":{"rendered":"Informationen f\u00fcr Eltern"},"content":{"rendered":"<p><a href=\"https:\/\/singbergschule-woelfersheim.de\/wp-content\/uploads\/Bekanntmachung_Schulpsychologische-Videosprechstunde-fuer-die-Schuelerschaft-der-weiterfuehrenden-Schulen_Angebot-und-Termine-SJ-2022-2023_08-11-2022.pdf\"> Die Schulpsychologie bietet eine Videosprechstunde<\/a> f\u00fcr Sch\u00fclerinnen und Sch\u00fcler online an.<\/p>\n<h1><span style=\"color: #800000;\">Sch\u00fclerbef\u00f6rderung<\/span><\/h1>\n<p><a href=\"https:\/\/singbergschule-woelfersheim.de\/wp-content\/uploads\/2025_22_Anhang_Schuelerbefoerderung-Infokarte.pdf\">2025_22_Anhang_Schu\u0308lerbefo\u0308rderung-Infokarte<\/a><\/p>\n<p>&nbsp;<\/p>\n<p>&nbsp;<\/p>\n<h1><\/h1>\n<h1><span style=\"color: #800000;\">Wissenswertes rund um Medien<\/span><\/h1>\n<p>Eine informative, hilfreiche Seite rund um Gefahren und Informationen f\u00fcr Sie als Eltern: <a href=\"https:\/\/www.klicksafe.de\/\">Klicksafe<\/a><\/p>\n<p>Thema <a href=\"https:\/\/www.klicksafe.de\/cybermobbing\">Cybermobbing<\/a> &#8211; Was tun?<\/p>\n<p>Zu viel <a href=\"https:\/\/www.klicksafe.de\/digitale-spiele\">am Zocken<\/a>!<\/p>\n<p>Kein <a href=\"https:\/\/www.klicksafe.de\/news\/werte-leben-online-themenmodul-kein-stress-auf-whatsapp-messenger-respekt-und-sinnvoll-nutzen\">Stress auf WhatsApp!<\/a><\/p>\n<p>Was m\u00fcssen Eltern zum neuen Chatbot <a href=\"https:\/\/www.klicksafe.de\/news\/was-muessen-eltern-zum-neuen-chatbot-my-ai-bei-snapchat-wissen\">My AI bei Snapchat<\/a> wissen?<\/p>\n<p><a href=\"https:\/\/www.klicksafe.de\/news\/tiktok-schraenkt-bildschirmzeit-von-minderjaehrigen-ein\">TikTok schr\u00e4nkt die Bildschirmzeit endlich ein!<\/a><\/p>\n<p><a href=\"https:\/\/singbergschule-woelfersheim.de\/wp-content\/uploads\/Newsletter-Jugendmedienschutz-und-Challanges.pdf\">Challenges unter Jugendlichen<\/a> &#8211; die Polizei warnt<\/p>\n<p><a href=\"https:\/\/singbergschule-woelfersheim.de\/wp-content\/uploads\/Elternbrief-Digitales.pdf\">Elternbrief<\/a> zum Umgang mit Handy und Medien<\/p>\n<p>Flyer <a href=\"https:\/\/singbergschule-woelfersheim.de\/wp-content\/uploads\/2021_Flyer_Medienkompetenz-fuer-Eltern.pdf\">Medienkompetenz f\u00fcr Eltern<\/a><\/p>\n<p>&nbsp;<\/p>\n<p>&nbsp;<\/p>\n<h1>Law4School informiert mit vielen interessanten Hinweisen und weiterf\u00fchrenden Links zum:<\/h1>\n<p><a href=\"https:\/\/singbergschule-woelfersheim.de\/wp-content\/uploads\/Law4school-Cybermobbing.pdf\"><img loading=\"lazy\" decoding=\"async\" class=\"alignleft wp-image-3887 size-full\" src=\"https:\/\/singbergschule-woelfersheim.de\/wp-content\/uploads\/hilfsgrafiken\/pdfxs-red.png\" alt=\"\" width=\"18\" height=\"18\" \/><\/a>Cybermobbing<\/p>\n<p><a href=\"https:\/\/singbergschule-woelfersheim.de\/wp-content\/uploads\/Law4school-Cybergrooming.pdf\"><img loading=\"lazy\" decoding=\"async\" class=\"alignleft wp-image-3887 size-full\" src=\"https:\/\/singbergschule-woelfersheim.de\/wp-content\/uploads\/hilfsgrafiken\/pdfxs-red.png\" alt=\"\" width=\"18\" height=\"18\" \/><\/a>Cybergrooming<\/p>\n<p><a href=\"https:\/\/singbergschule-woelfersheim.de\/wp-content\/uploads\/Law4school-Recht-am-eigenen-Bild.pdf\"><img loading=\"lazy\" decoding=\"async\" class=\"alignleft wp-image-3887 size-full\" src=\"https:\/\/singbergschule-woelfersheim.de\/wp-content\/uploads\/hilfsgrafiken\/pdfxs-red.png\" alt=\"\" width=\"18\" height=\"18\" \/><\/a>Recht am eigenen Bild<\/p>\n<p><a href=\"https:\/\/singbergschule-woelfersheim.de\/wp-content\/uploads\/Law4school-Urheberrecht.pdf\"><img loading=\"lazy\" decoding=\"async\" class=\"alignleft wp-image-3887 size-full\" src=\"https:\/\/singbergschule-woelfersheim.de\/wp-content\/uploads\/hilfsgrafiken\/pdfxs-red.png\" alt=\"\" width=\"18\" height=\"18\" \/><\/a>Urheberrecht<\/p>\n<p><a href=\"https:\/\/singbergschule-woelfersheim.de\/wp-content\/uploads\/Law4school-Handlungsempfehlungen-1.pdf\"><img loading=\"lazy\" decoding=\"async\" class=\"alignleft wp-image-3887 size-full\" src=\"https:\/\/singbergschule-woelfersheim.de\/wp-content\/uploads\/hilfsgrafiken\/pdfxs-red.png\" alt=\"\" width=\"18\" height=\"18\" \/><\/a>Handlungsempfehlungen<\/p>\n<p><a href=\"https:\/\/singbergschule-woelfersheim.de\/wp-content\/uploads\/Law4school-Empfehlenswerte-Links-und-Buecher.pdf\"><img loading=\"lazy\" decoding=\"async\" class=\"alignleft wp-image-3887 size-full\" src=\"https:\/\/singbergschule-woelfersheim.de\/wp-content\/uploads\/hilfsgrafiken\/pdfxs-red.png\" alt=\"\" width=\"18\" height=\"18\" \/><\/a>Weiterf\u00fchrende Links und B\u00fccher<\/p>\n<p>&nbsp;<\/p>\n","protected":false},"excerpt":{"rendered":"<p>Die Schulpsychologie bietet eine Videosprechstunde f\u00fcr Sch\u00fclerinnen und Sch\u00fcler online an. Sch\u00fclerbef\u00f6rderung 2025_22_Anhang_Schu\u0308lerbefo\u0308rderung-Infokarte &nbsp; &nbsp; Wissenswertes rund um Medien Eine informative, hilfreiche Seite rund um Gefahren und Informationen f\u00fcr Sie als Eltern: Klicksafe Thema Cybermobbing &#8211; Was tun? Zu viel am Zocken! Kein Stress auf WhatsApp! Was m\u00fcssen Eltern zum neuen Chatbot My AI bei Snapchat wissen? TikTok schr\u00e4nkt die Bildschirmzeit endlich ein! Challenges unter Jugendlichen &#8211; die Polizei warnt Elternbrief zum Umgang mit Handy und Medien Flyer Medienkompetenz f\u00fcr Eltern &nbsp; &nbsp; Law4School informiert mit vielen interessanten Hinweisen und weiterf\u00fchrenden Links zum: Cybermobbing Cybergrooming Recht am eigenen Bild Urheberrecht Handlungsempfehlungen Weiterf\u00fchrende Links und B\u00fccher &nbsp;<\/p>\n","protected":false},"author":1,"featured_media":3411935,"parent":0,"menu_order":0,"comment_status":"closed","ping_status":"closed","template":"","meta":{"footnotes":""},"class_list":["post-3766416","page","type-page","status-publish","has-post-thumbnail","hentry"],"_links":{"self":[{"href":"https:\/\/singbergschule-woelfersheim.de\/index.php?rest_route=\/wp\/v2\/pages\/3766416","targetHints":{"allow":["GET"]}}],"collection":[{"href":"https:\/\/singbergschule-woelfersheim.de\/index.php?rest_route=\/wp\/v2\/pages"}],"about":[{"href":"https:\/\/singbergschule-woelfersheim.de\/index.php?rest_route=\/wp\/v2\/types\/page"}],"author":[{"embeddable":true,"href":"https:\/\/singbergschule-woelfersheim.de\/index.php?rest_route=\/wp\/v2\/users\/1"}],"replies":[{"embeddable":true,"href":"https:\/\/singbergschule-woelfersheim.de\/index.php?rest_route=%2Fwp%2Fv2%2Fcomments&post=3766416"}],"version-history":[{"count":56,"href":"https:\/\/singbergschule-woelfersheim.de\/index.php?rest_route=\/wp\/v2\/pages\/3766416\/revisions"}],"predecessor-version":[{"id":15248348,"href":"https:\/\/singbergschule-woelfersheim.de\/index.php?rest_route=\/wp\/v2\/pages\/3766416\/revisions\/15248348"}],"wp:featuredmedia":[{"embeddable":true,"href":"https:\/\/singbergschule-woelfersheim.de\/index.php?rest_route=\/wp\/v2\/media\/3411935"}],"wp:attachment":[{"href":"https:\/\/singbergschule-woelfersheim.de\/index.php?rest_route=%2Fwp%2Fv2%2Fmedia&parent=3766416"}],"curies":[{"name":"wp","href":"https:\/\/api.w.org\/{rel}","templated":true}]}}