{"id":3606,"date":"2014-11-14T21:32:44","date_gmt":"2014-11-14T19:32:44","guid":{"rendered":"http:\/\/singbergschule-woelfersheim.de\/wordpress\/?page_id=3606"},"modified":"2023-12-20T19:45:29","modified_gmt":"2023-12-20T18:45:29","slug":"religionethik","status":"publish","type":"page","link":"https:\/\/singbergschule-woelfersheim.de\/?page_id=3606","title":{"rendered":"Religion\/Ethik"},"content":{"rendered":"<p><a href=\"http:\/\/singbergschule-woelfersheim.de\/wp-content\/uploads\/2014\/F\u00e4cher\/Religion1.jpg\"><img loading=\"lazy\" decoding=\"async\" class=\"aligncenter wp-image-3605 size-large\" src=\"http:\/\/singbergschule-woelfersheim.de\/wp-content\/uploads\/2014\/F\u00e4cher\/Religion1-602x1024.jpg\" alt=\"Religion1\" width=\"602\" height=\"1024\" srcset=\"https:\/\/singbergschule-woelfersheim.de\/wp-content\/uploads\/2014\/F\u00e4cher\/Religion1-602x1024.jpg 602w, https:\/\/singbergschule-woelfersheim.de\/wp-content\/uploads\/2014\/F\u00e4cher\/Religion1-294x500.jpg 294w, https:\/\/singbergschule-woelfersheim.de\/wp-content\/uploads\/2014\/F\u00e4cher\/Religion1.jpg 1941w\" sizes=\"auto, (max-width: 602px) 100vw, 602px\" \/><\/a><\/p>\n<p>&nbsp;<\/p>\n<p><a href=\"http:\/\/singbergschule-woelfersheim.de\/wp-content\/uploads\/2014\/F\u00e4cher\/Ethik.jpg\"><img loading=\"lazy\" decoding=\"async\" class=\" wp-image-3608 aligncenter\" src=\"http:\/\/singbergschule-woelfersheim.de\/wp-content\/uploads\/2014\/F\u00e4cher\/Ethik.jpg\" alt=\"Ethik\" width=\"627\" height=\"353\" srcset=\"https:\/\/singbergschule-woelfersheim.de\/wp-content\/uploads\/2014\/F\u00e4cher\/Ethik.jpg 561w, https:\/\/singbergschule-woelfersheim.de\/wp-content\/uploads\/2014\/F\u00e4cher\/Ethik-300x168.jpg 300w\" sizes=\"auto, (max-width: 627px) 100vw, 627px\" \/><\/a><\/p>\n<p>Jedes Schuljahr besuchen die 5. Klassen gemeinsam den Einschulungsgottesdienst w\u00e4hrend der ersten Schulwoche, der von Sch\u00fclern h\u00f6herer Klassen vorbereitet und durchgef\u00fchrt wird.<\/p>\n<p>&nbsp;<\/p>\n<p>&nbsp;<\/p>\n","protected":false},"excerpt":{"rendered":"<p>&nbsp; Jedes Schuljahr besuchen die 5. Klassen gemeinsam den Einschulungsgottesdienst w\u00e4hrend der ersten Schulwoche, der von Sch\u00fclern h\u00f6herer Klassen vorbereitet und durchgef\u00fchrt wird. &nbsp; &nbsp;<\/p>\n","protected":false},"author":1,"featured_media":0,"parent":0,"menu_order":0,"comment_status":"closed","ping_status":"open","template":"","meta":{"footnotes":""},"class_list":["post-3606","page","type-page","status-publish","hentry"],"_links":{"self":[{"href":"https:\/\/singbergschule-woelfersheim.de\/index.php?rest_route=\/wp\/v2\/pages\/3606","targetHints":{"allow":["GET"]}}],"collection":[{"href":"https:\/\/singbergschule-woelfersheim.de\/index.php?rest_route=\/wp\/v2\/pages"}],"about":[{"href":"https:\/\/singbergschule-woelfersheim.de\/index.php?rest_route=\/wp\/v2\/types\/page"}],"author":[{"embeddable":true,"href":"https:\/\/singbergschule-woelfersheim.de\/index.php?rest_route=\/wp\/v2\/users\/1"}],"replies":[{"embeddable":true,"href":"https:\/\/singbergschule-woelfersheim.de\/index.php?rest_route=%2Fwp%2Fv2%2Fcomments&post=3606"}],"version-history":[{"count":8,"href":"https:\/\/singbergschule-woelfersheim.de\/index.php?rest_route=\/wp\/v2\/pages\/3606\/revisions"}],"predecessor-version":[{"id":10562008,"href":"https:\/\/singbergschule-woelfersheim.de\/index.php?rest_route=\/wp\/v2\/pages\/3606\/revisions\/10562008"}],"wp:attachment":[{"href":"https:\/\/singbergschule-woelfersheim.de\/index.php?rest_route=%2Fwp%2Fv2%2Fmedia&parent=3606"}],"curies":[{"name":"wp","href":"https:\/\/api.w.org\/{rel}","templated":true}]}}