{"id":3117,"date":"2014-10-26T11:06:40","date_gmt":"2014-10-26T09:06:40","guid":{"rendered":"http:\/\/singbergschule-woelfersheim.de\/wordpress\/?page_id=3117"},"modified":"2014-11-16T20:58:14","modified_gmt":"2014-11-16T18:58:14","slug":"musikunterricht","status":"publish","type":"page","link":"https:\/\/singbergschule-woelfersheim.de\/?page_id=3117","title":{"rendered":"Musikunterricht"},"content":{"rendered":"<p>Die Musiklehrerinnen und Musiklehrer der Singbergschule legen besonderen Wert auf handlungsorientierten Unterricht. Das bedeutet, dass die Sch\u00fclerinnen und Sch\u00fcler im Laufe ihrer Schulzeit verst\u00e4rkt aktiven Umgang mit Musik kennen lernen und dadurch besser vertiefen k\u00f6nnen. Durch Singen, Musizieren und Tanzen wird ein Zugang zur Musik deutlich leichter und vor allem intensiver m\u00f6glich. Erfahrungsgem\u00e4\u00df f\u00e4llt den Sch\u00fclerinnen und Sch\u00fclern dadurch auch der Zugang zu musiktheoretischen Aspekten leichter.<\/p>\n<p>Au\u00dferdem k\u00f6nnen sich die Sch\u00fclerinnen und Sch\u00fcler jederzeit noch zus\u00e4tzlich an einer der zahlreichen musikalischen AGs beteiligen. Dazu finden Sie ausf\u00fchrliche Informationen unter dem Schwerpunkt Musik.<\/p>\n<p>Christoph Scholz, Fachleiter<\/p>\n","protected":false},"excerpt":{"rendered":"<p>Die Musiklehrerinnen und Musiklehrer der Singbergschule legen besonderen Wert auf handlungsorientierten Unterricht. Das bedeutet, dass die Sch\u00fclerinnen und Sch\u00fcler im Laufe ihrer Schulzeit verst\u00e4rkt aktiven Umgang mit Musik kennen lernen und dadurch besser vertiefen k\u00f6nnen. Durch Singen, Musizieren und Tanzen wird ein Zugang zur Musik deutlich leichter und vor allem intensiver m\u00f6glich. Erfahrungsgem\u00e4\u00df f\u00e4llt den Sch\u00fclerinnen und Sch\u00fclern dadurch auch der Zugang zu musiktheoretischen Aspekten leichter. Au\u00dferdem k\u00f6nnen sich die Sch\u00fclerinnen und Sch\u00fcler jederzeit noch zus\u00e4tzlich an einer der zahlreichen musikalischen AGs beteiligen. Dazu finden Sie ausf\u00fchrliche Informationen unter dem Schwerpunkt Musik. Christoph Scholz, Fachleiter<\/p>\n","protected":false},"author":2,"featured_media":0,"parent":0,"menu_order":0,"comment_status":"closed","ping_status":"open","template":"","meta":{"footnotes":""},"class_list":["post-3117","page","type-page","status-publish","hentry"],"_links":{"self":[{"href":"https:\/\/singbergschule-woelfersheim.de\/index.php?rest_route=\/wp\/v2\/pages\/3117","targetHints":{"allow":["GET"]}}],"collection":[{"href":"https:\/\/singbergschule-woelfersheim.de\/index.php?rest_route=\/wp\/v2\/pages"}],"about":[{"href":"https:\/\/singbergschule-woelfersheim.de\/index.php?rest_route=\/wp\/v2\/types\/page"}],"author":[{"embeddable":true,"href":"https:\/\/singbergschule-woelfersheim.de\/index.php?rest_route=\/wp\/v2\/users\/2"}],"replies":[{"embeddable":true,"href":"https:\/\/singbergschule-woelfersheim.de\/index.php?rest_route=%2Fwp%2Fv2%2Fcomments&post=3117"}],"version-history":[{"count":3,"href":"https:\/\/singbergschule-woelfersheim.de\/index.php?rest_route=\/wp\/v2\/pages\/3117\/revisions"}],"predecessor-version":[{"id":3793,"href":"https:\/\/singbergschule-woelfersheim.de\/index.php?rest_route=\/wp\/v2\/pages\/3117\/revisions\/3793"}],"wp:attachment":[{"href":"https:\/\/singbergschule-woelfersheim.de\/index.php?rest_route=%2Fwp%2Fv2%2Fmedia&parent=3117"}],"curies":[{"name":"wp","href":"https:\/\/api.w.org\/{rel}","templated":true}]}}