{"id":3104,"date":"2014-10-22T00:47:08","date_gmt":"2014-10-21T22:47:08","guid":{"rendered":"http:\/\/singbergschule-woelfersheim.de\/wordpress\/?page_id=3104"},"modified":"2021-09-16T14:17:10","modified_gmt":"2021-09-16T12:17:10","slug":"mensa","status":"publish","type":"page","link":"https:\/\/singbergschule-woelfersheim.de\/?page_id=3104","title":{"rendered":"Mensa"},"content":{"rendered":"<h2>Rob&#8217;s Catering &#8211; das Kochstudio am Singberg<\/h2>\n<p>Jeden Tag wird frisch gekocht &#8211; lecker und gesund!<\/p>\n<p style=\"text-align: justify;\">Das Rob\u00b4s kommt aus Frankfurt und hat im Gallus seinen Ursprung. Dort ist<br \/>\ndas Rob\u00b4s ein Fr\u00fchst\u00fcck- und Mittagstisch, wo es frische leckere Gerichte gibt.<br \/>\nWelche das sind, entscheidet der Gast \u00fcber eine Tafel.<br \/>\nDieses Prinzip und die traditionelle Kochkunst sind die Grunds\u00e4tze, zu dem das Rob\u00b4s sich verpflichtet f\u00fchlt.<\/p>\n<p>Robert Balz vom Rob\u00b4s freut sich \u00fcber Ihre Anregungen und W\u00fcnsche \u00fcber<br \/>\n<a href=\"mailto:mensa-woelfersheim@gmx.de\"><b> mensa-woelfersheim@gmx.de <\/b><\/a> &#8230;<\/p>\n<h3><a href=\"http:\/\/singbergschule-woelfersheim.de\/wp-content\/uploads\/2014\/Sonstiges\/Robs_Catering_Flyer-00001.jpg\"><img loading=\"lazy\" decoding=\"async\" class=\"alignleft wp-image-3349 size-thumbnail\" title=\"Robs_Catering_Flyer 00001\" src=\"http:\/\/singbergschule-woelfersheim.de\/wp-content\/uploads\/2014\/Sonstiges\/Robs_Catering_Flyer-00001-150x150.jpg\" alt=\"\" width=\"150\" height=\"150\" \/><\/a>\u00a0\u00a0\u00a0\u00a0\u00a0\u00a0\u00a0 <a href=\"http:\/\/singbergschule-woelfersheim.de\/wp-content\/uploads\/2014\/Sonstiges\/Robs_Catering_Flyer-00002.jpg\"><img loading=\"lazy\" decoding=\"async\" class=\"alignnone wp-image-3350 size-thumbnail\" title=\"Robs_Catering_Flyer 00002\" src=\"http:\/\/singbergschule-woelfersheim.de\/wp-content\/uploads\/2014\/Sonstiges\/Robs_Catering_Flyer-00002-150x150.jpg\" alt=\"\" width=\"150\" height=\"150\" \/><\/a><\/h3>\n<h3><\/h3>\n<h3>\u00a0Ver\u00e4nderung in der Mensa der Singbergschule<\/h3>\n<p>&nbsp;<\/p>\n<p>S<a href=\"http:\/\/singbergschule-woelfersheim.de\/wp-content\/uploads\/November20515-172.jpg\"><img loading=\"lazy\" decoding=\"async\" class=\"wp-image-6516 alignleft\" src=\"http:\/\/singbergschule-woelfersheim.de\/wp-content\/uploads\/November20515-172-300x200.jpg\" alt=\"November20515 172\" width=\"400\" height=\"267\" srcset=\"https:\/\/singbergschule-woelfersheim.de\/wp-content\/uploads\/November20515-172-300x200.jpg 300w, https:\/\/singbergschule-woelfersheim.de\/wp-content\/uploads\/November20515-172.jpg 700w\" sizes=\"auto, (max-width: 400px) 100vw, 400px\" \/><\/a>eit dem neuen Schuljahr 2021-22 versorgt ein neuer Koch\u00a0 alle hungrigen Mitglieder der Schulgemeinde t\u00e4glich mit K\u00f6stlichkeiten zum Sattwerden und Genie\u00dfen. Couscous Salat, Gem\u00fcse mit Dip in der gro\u00dfen Pause sind nur einige Neuerungen auf dem Speiseplan. Nat\u00fcrlich gibt es auch weiterhin die Klassiker der Schulmensa: Schnitzelbr\u00f6tchen und Gew\u00fcrzstangen.<\/p>\n<p>&nbsp;<\/p>\n<p>Es bleibt nur GUTEN APPETIT zu w\u00fcnschen!<\/p>\n<p>&nbsp;<\/p>\n<h2>Speisepl\u00e4ne und bargeldloses Bezahlsystem<\/h2>\n<p>Alle Sch\u00fcler bezahlen am Kiosk und f\u00fcr das Mittagessen mit einem Chip von Giro Web Mitte GmbH. Die Speisepl\u00e4ne k\u00f6nnen online eingesehen werden und das Mittagessen kann direkt online bis 10 Uhr des Vortages bestellt werden. In unserer Mensa steht ein Terminal, an dem der Chip sofort mit Geldscheinen aufgeladen werden kann. Am Terminal kann jeder das Mittagessen im Voraus bestellen.<\/p>\n<p><a href=\"https:\/\/www.schulmensa.net\/wtk\/sbwoe\/Vorbesteller\/Default.aspx\" target=\"_blanc\" rel=\"noopener\"> Essen vorbestellen oder einfach nur den Speiseplan einsehen <\/a><br \/>\n(Zugangsdaten werden per Post mit dem Chip zugesendet)<\/p>\n<p>Die Anmeldung f\u00fcr das Giro Web Bezahlsystem und die genauen Informationen finden Sie im Bereich &#8211; <em><strong>Service<\/strong><\/em> &#8211; . Sie erreichen Giro Web Mitte GmbH unter:<\/p>\n<div>\u00a0<span style=\"font-size: large;\"><b>GiroWeb Mitte GmbH\u00a0\u00a0\u00a0\u00a0\u00a0\u00a0\u00a0\u00a0\u00a0\u00a0\u00a0\u00a0\u00a0\u00a0\u00a0\u00a0\u00a0\u00a0\u00a0\u00a0\u00a0 Hotline: 06195 \/ 7247-312 <\/b><\/span><\/div>\n<div><span style=\"font-size: large;\"><b>Industriestr. 4\u00a0\u00a0\u00a0\u00a0\u00a0\u00a0\u00a0\u00a0\u00a0\u00a0\u00a0\u00a0\u00a0\u00a0\u00a0\u00a0\u00a0\u00a0\u00a0\u00a0\u00a0\u00a0\u00a0\u00a0\u00a0\u00a0\u00a0\u00a0\u00a0\u00a0\u00a0\u00a0\u00a0\u00a0\u00a0\u00a0\u00a0 Fax: 06195 \/ 7247-311 <\/b><\/span><\/div>\n<div><span style=\"font-size: large;\"><b>65779 Kelkheim <\/b><\/span><\/div>\n","protected":false},"excerpt":{"rendered":"<p>Rob&#8217;s Catering &#8211; das Kochstudio am Singberg Jeden Tag wird frisch gekocht &#8211; lecker und gesund! Das Rob\u00b4s kommt aus Frankfurt und hat im Gallus seinen Ursprung. Dort ist das Rob\u00b4s ein Fr\u00fchst\u00fcck- und Mittagstisch, wo es frische leckere Gerichte gibt. Welche das sind, entscheidet der Gast \u00fcber eine Tafel. Dieses Prinzip und die traditionelle Kochkunst sind die Grunds\u00e4tze, zu dem das Rob\u00b4s sich verpflichtet f\u00fchlt. Robert Balz vom Rob\u00b4s freut sich \u00fcber Ihre Anregungen und W\u00fcnsche \u00fcber mensa-woelfersheim@gmx.de &#8230; \u00a0\u00a0\u00a0\u00a0\u00a0\u00a0\u00a0 \u00a0Ver\u00e4nderung in der Mensa der Singbergschule &nbsp; Seit dem neuen Schuljahr 2021-22 versorgt ein neuer Koch\u00a0 alle hungrigen Mitglieder der Schulgemeinde t\u00e4glich mit K\u00f6stlichkeiten zum Sattwerden und Genie\u00dfen. Couscous Salat, Gem\u00fcse mit Dip in der gro\u00dfen Pause sind nur einige Neuerungen auf dem Speiseplan. Nat\u00fcrlich gibt es auch weiterhin die Klassiker der Schulmensa: Schnitzelbr\u00f6tchen und Gew\u00fcrzstangen. &nbsp; Es bleibt nur GUTEN APPETIT zu w\u00fcnschen! &nbsp; Speisepl\u00e4ne und bargeldloses Bezahlsystem Alle Sch\u00fcler bezahlen am Kiosk und f\u00fcr das Mittagessen mit einem Chip von Giro Web Mitte GmbH. Die Speisepl\u00e4ne k\u00f6nnen online eingesehen werden und das Mittagessen kann direkt online bis 10 Uhr des Vortages bestellt werden. In unserer Mensa steht ein Terminal, an dem der Chip sofort mit Geldscheinen aufgeladen werden kann. Am Terminal kann jeder das Mittagessen im Voraus bestellen. Essen vorbestellen oder einfach nur den Speiseplan einsehen (Zugangsdaten werden per Post mit dem Chip zugesendet) Die Anmeldung f\u00fcr das Giro Web Bezahlsystem und die genauen Informationen finden Sie im Bereich &#8211; Service &#8211; . Sie erreichen Giro Web Mitte GmbH unter: \u00a0GiroWeb Mitte GmbH\u00a0\u00a0\u00a0\u00a0\u00a0\u00a0\u00a0\u00a0\u00a0\u00a0\u00a0\u00a0\u00a0\u00a0\u00a0\u00a0\u00a0\u00a0\u00a0\u00a0\u00a0 Hotline: 06195 \/ 7247-312 Industriestr. 4\u00a0\u00a0\u00a0\u00a0\u00a0\u00a0\u00a0\u00a0\u00a0\u00a0\u00a0\u00a0\u00a0\u00a0\u00a0\u00a0\u00a0\u00a0\u00a0\u00a0\u00a0\u00a0\u00a0\u00a0\u00a0\u00a0\u00a0\u00a0\u00a0\u00a0\u00a0\u00a0\u00a0\u00a0\u00a0\u00a0\u00a0 Fax: 06195 \/ 7247-311 65779 Kelkheim<\/p>\n","protected":false},"author":2,"featured_media":0,"parent":0,"menu_order":0,"comment_status":"closed","ping_status":"open","template":"","meta":{"footnotes":""},"class_list":["post-3104","page","type-page","status-publish","hentry"],"_links":{"self":[{"href":"https:\/\/singbergschule-woelfersheim.de\/index.php?rest_route=\/wp\/v2\/pages\/3104","targetHints":{"allow":["GET"]}}],"collection":[{"href":"https:\/\/singbergschule-woelfersheim.de\/index.php?rest_route=\/wp\/v2\/pages"}],"about":[{"href":"https:\/\/singbergschule-woelfersheim.de\/index.php?rest_route=\/wp\/v2\/types\/page"}],"author":[{"embeddable":true,"href":"https:\/\/singbergschule-woelfersheim.de\/index.php?rest_route=\/wp\/v2\/users\/2"}],"replies":[{"embeddable":true,"href":"https:\/\/singbergschule-woelfersheim.de\/index.php?rest_route=%2Fwp%2Fv2%2Fcomments&post=3104"}],"version-history":[{"count":20,"href":"https:\/\/singbergschule-woelfersheim.de\/index.php?rest_route=\/wp\/v2\/pages\/3104\/revisions"}],"predecessor-version":[{"id":3042582,"href":"https:\/\/singbergschule-woelfersheim.de\/index.php?rest_route=\/wp\/v2\/pages\/3104\/revisions\/3042582"}],"wp:attachment":[{"href":"https:\/\/singbergschule-woelfersheim.de\/index.php?rest_route=%2Fwp%2Fv2%2Fmedia&parent=3104"}],"curies":[{"name":"wp","href":"https:\/\/api.w.org\/{rel}","templated":true}]}}