{"id":208,"date":"2014-10-07T01:16:10","date_gmt":"2014-10-06T23:16:10","guid":{"rendered":"http:\/\/singbergschule-woelfersheim.de\/wordpress\/?page_id=208"},"modified":"2015-01-25T21:15:43","modified_gmt":"2015-01-25T19:15:43","slug":"schuelerbuecherei","status":"publish","type":"page","link":"https:\/\/singbergschule-woelfersheim.de\/?page_id=208","title":{"rendered":"Sch\u00fclerb\u00fccherei"},"content":{"rendered":"<p><a href=\"http:\/\/singbergschule-woelfersheim.de\/wp-content\/uploads\/IMG_0038.jpg\"><img loading=\"lazy\" decoding=\"async\" class=\"aligncenter wp-image-4828 size-full\" src=\"http:\/\/singbergschule-woelfersheim.de\/wp-content\/uploads\/IMG_0038.jpg\" alt=\"if\" width=\"700\" height=\"525\" srcset=\"https:\/\/singbergschule-woelfersheim.de\/wp-content\/uploads\/IMG_0038.jpg 700w, https:\/\/singbergschule-woelfersheim.de\/wp-content\/uploads\/IMG_0038-300x225.jpg 300w\" sizes=\"auto, (max-width: 700px) 100vw, 700px\" \/><\/a><\/p>\n<p>&nbsp;<\/p>\n<p>&nbsp;<\/p>\n<p>Nach dem Umbau des Hauptgeb\u00e4udes pr\u00e4sentiert sich die Sch\u00fclerb\u00fccherei seit Oktober 2007 in neuem, ansprechendem Gewand. Zur Zeit k\u00f6nnen ca. 2300 B\u00fccher ausgeliehen werden.<\/p>\n<p>Die Bibliothek ist t\u00e4glich in jeder ersten gro\u00dfen Pause f\u00fcr Sch\u00fcler und Lehrer ge\u00f6ffnet.<\/p>\n<p>Die Ausleihe haben\u00a0 Eltern und die verantwortliche Kollegin Urbanek-Nimz \u00fcbernommen. Sie ist die kompetente Ansprechpartnerin rund um Lekt\u00fcren f\u00fcr die gesamte Klasse und die Ausleihe. Sch\u00fclerw\u00fcnsche sind immer willkommen und dank unseres gro\u00dfz\u00fcgigen F\u00f6rdervereins k\u00f6nnen sie auch meistens realisiert werden.<\/p>\n<p>Klassen k\u00f6nnen mit ihrem Lehrer an den Gruppentischen Unterricht machen, den B\u00fccherbestand nutzen und an drei internetf\u00e4higen Computerarbeitspl\u00e4tzen arbeiten.<\/p>\n<p>&nbsp;<\/p>\n<p><a href=\"http:\/\/singbergschule-woelfersheim.de\/wp-content\/uploads\/B\u00fccherei-2.jpg\"><img loading=\"lazy\" decoding=\"async\" class=\"aligncenter wp-image-4826 size-full\" src=\"http:\/\/singbergschule-woelfersheim.de\/wp-content\/uploads\/B\u00fccherei-2.jpg\" alt=\"MINOLTA DIGITAL CAMERA\" width=\"700\" height=\"525\" srcset=\"https:\/\/singbergschule-woelfersheim.de\/wp-content\/uploads\/B\u00fccherei-2.jpg 700w, https:\/\/singbergschule-woelfersheim.de\/wp-content\/uploads\/B\u00fccherei-2-300x225.jpg 300w\" sizes=\"auto, (max-width: 700px) 100vw, 700px\" \/><\/a> <a href=\"http:\/\/singbergschule-woelfersheim.de\/wp-content\/uploads\/B\u00fccherei.jpg\"><img loading=\"lazy\" decoding=\"async\" class=\"aligncenter wp-image-4827 size-full\" src=\"http:\/\/singbergschule-woelfersheim.de\/wp-content\/uploads\/B\u00fccherei.jpg\" alt=\"B\u00fccherei\" width=\"700\" height=\"525\" srcset=\"https:\/\/singbergschule-woelfersheim.de\/wp-content\/uploads\/B\u00fccherei.jpg 700w, https:\/\/singbergschule-woelfersheim.de\/wp-content\/uploads\/B\u00fccherei-300x225.jpg 300w\" sizes=\"auto, (max-width: 700px) 100vw, 700px\" \/><\/a><\/p>\n<p>&nbsp;<\/p>\n<p>&nbsp;<\/p>\n<p>&nbsp;<\/p>\n<p>&nbsp;<\/p>\n","protected":false},"excerpt":{"rendered":"<p>&nbsp; &nbsp; Nach dem Umbau des Hauptgeb\u00e4udes pr\u00e4sentiert sich die Sch\u00fclerb\u00fccherei seit Oktober 2007 in neuem, ansprechendem Gewand. Zur Zeit k\u00f6nnen ca. 2300 B\u00fccher ausgeliehen werden. Die Bibliothek ist t\u00e4glich in jeder ersten gro\u00dfen Pause f\u00fcr Sch\u00fcler und Lehrer ge\u00f6ffnet. Die Ausleihe haben\u00a0 Eltern und die verantwortliche Kollegin Urbanek-Nimz \u00fcbernommen. Sie ist die kompetente Ansprechpartnerin rund um Lekt\u00fcren f\u00fcr die gesamte Klasse und die Ausleihe. Sch\u00fclerw\u00fcnsche sind immer willkommen und dank unseres gro\u00dfz\u00fcgigen F\u00f6rdervereins k\u00f6nnen sie auch meistens realisiert werden. Klassen k\u00f6nnen mit ihrem Lehrer an den Gruppentischen Unterricht machen, den B\u00fccherbestand nutzen und an drei internetf\u00e4higen Computerarbeitspl\u00e4tzen arbeiten. &nbsp; &nbsp; &nbsp; &nbsp; &nbsp;<\/p>\n","protected":false},"author":2,"featured_media":3630,"parent":0,"menu_order":0,"comment_status":"closed","ping_status":"open","template":"","meta":{"footnotes":""},"class_list":["post-208","page","type-page","status-publish","has-post-thumbnail","hentry"],"_links":{"self":[{"href":"https:\/\/singbergschule-woelfersheim.de\/index.php?rest_route=\/wp\/v2\/pages\/208","targetHints":{"allow":["GET"]}}],"collection":[{"href":"https:\/\/singbergschule-woelfersheim.de\/index.php?rest_route=\/wp\/v2\/pages"}],"about":[{"href":"https:\/\/singbergschule-woelfersheim.de\/index.php?rest_route=\/wp\/v2\/types\/page"}],"author":[{"embeddable":true,"href":"https:\/\/singbergschule-woelfersheim.de\/index.php?rest_route=\/wp\/v2\/users\/2"}],"replies":[{"embeddable":true,"href":"https:\/\/singbergschule-woelfersheim.de\/index.php?rest_route=%2Fwp%2Fv2%2Fcomments&post=208"}],"version-history":[{"count":11,"href":"https:\/\/singbergschule-woelfersheim.de\/index.php?rest_route=\/wp\/v2\/pages\/208\/revisions"}],"predecessor-version":[{"id":4830,"href":"https:\/\/singbergschule-woelfersheim.de\/index.php?rest_route=\/wp\/v2\/pages\/208\/revisions\/4830"}],"wp:featuredmedia":[{"embeddable":true,"href":"https:\/\/singbergschule-woelfersheim.de\/index.php?rest_route=\/wp\/v2\/media\/3630"}],"wp:attachment":[{"href":"https:\/\/singbergschule-woelfersheim.de\/index.php?rest_route=%2Fwp%2Fv2%2Fmedia&parent=208"}],"curies":[{"name":"wp","href":"https:\/\/api.w.org\/{rel}","templated":true}]}}