{"id":199,"date":"2014-10-07T00:09:58","date_gmt":"2014-10-06T22:09:58","guid":{"rendered":"http:\/\/singbergschule-woelfersheim.de\/wordpress\/?page_id=199"},"modified":"2023-07-24T11:06:05","modified_gmt":"2023-07-24T09:06:05","slug":"schuelervertretung","status":"publish","type":"page","link":"https:\/\/singbergschule-woelfersheim.de\/?page_id=199","title":{"rendered":"Sch\u00fclervertretung"},"content":{"rendered":"<p><img loading=\"lazy\" decoding=\"async\" class=\"alignleft wp-image-6891261 size-medium\" src=\"https:\/\/singbergschule-woelfersheim.de\/wp-content\/uploads\/Bild-von-Newsletter-Ausgabe-4-2022-09-26-Seite-1-300x442.jpg\" alt=\"\" width=\"300\" height=\"442\" srcset=\"https:\/\/singbergschule-woelfersheim.de\/wp-content\/uploads\/Bild-von-Newsletter-Ausgabe-4-2022-09-26-Seite-1-300x442.jpg 300w, https:\/\/singbergschule-woelfersheim.de\/wp-content\/uploads\/Bild-von-Newsletter-Ausgabe-4-2022-09-26-Seite-1.jpg 573w\" sizes=\"auto, (max-width: 300px) 100vw, 300px\" \/><\/p>\n<p>&nbsp;<\/p>\n<p style=\"text-align: left;\">Wir, die Sch\u00fclervertretung, \u00fcbernehmen seit Jahren eine aktive Mitgestaltungsaufgabe in der Singbergschule.<br \/>\nWir fungieren nat\u00fcrlich als Interessensvertretung der Sch\u00fcler*Innen und arbeiten in diesem Zusammenhang mit den anderen Gremien der Schulgemeinde, der Schulleitung, den Lehrer*Innen, den Eltern und auch mit den Mitgliedern des F\u00f6rdervereins vertrauensvoll und fruchtbar zusammen. In diesem Zusammenhang besucht die Sch\u00fclervertretung Konferenzen und arbeitet in diversen AGs mit. Unterst\u00fctzt werden wir tatkr\u00e4ftig durch die langj\u00e4hrige Vertrauenslehrerin Birgit von der Mark und seit dem Schuljahr 2019\/20 von Kai Gerlach.<br \/>\nDabei geht es um die Planung besonderer Veranstaltungen (Aktionstage, Projektwochen, Bundes-Jugendspiele, Sponsorenl\u00e4ufe, Feste, Feiern usw.), aber auch um Schulentwicklung, Schulhofgestaltung und z.B. die Ausgestaltung und Ver\u00e4nderung der Schulordnung. Die Stimme der Sch\u00fcler*Innen wird in der Singbergschule geh\u00f6rt und ernst genommen!<br \/>\nDie Sch\u00fclervertretung \u00fcbernimmt dabei auch Verantwortung, indem wir Sch\u00fcleraufsichten im Alltag und bei besonderen Veranstaltungen organisieren und so unseren Teil zu einem respektvollen Miteinander beitragen!<\/p>\n<p>Hier findet ihr den aktuellen SV-Kalender, einfach nur drauf klicken. <a href=\"https:\/\/singbergschule-woelfersheim.de\/wp-content\/uploads\/SV-Stundenkalender-2022_23.pdf\">SV-Plan 2022-23<\/a><\/p>\n<p>&nbsp;<\/p>\n<p style=\"text-align: justify;\">Mehrere Beispiele aktiver SV-Arbeit:<\/p>\n<p>Im Schuljahr 2018-19 organisierten wir den Red-Hand-Day, um auf die Situation von Kindersoldaten aufmerksam zu machen, die Teilnahme an Fridays-for-future Demonstationen, unterst\u00fctzten das Projekt &#8222;Ein Herz f\u00fcr Fl\u00fcgel&#8220; zum Schutz der Bienen, f\u00fchrten Sch\u00fclerumfragen durch. Vor einigen Jahren organisierte die SV einen Sponsorenlauf zur Mitfinanzierung der Markise \u00fcber der Mensaterrasse u.v.m.<\/p>\n<p>&nbsp;<\/p>\n<p><strong>Eure Sch\u00fclervertreter f\u00fcr das Schuljahr 2020\/2021<\/strong><\/p>\n<p>Auf der ersten SV-Sitzung in diesem Schuljahr wurden eure Vertreter f\u00fcr das Schuljahr 2019\/2020 gew\u00e4hlt. Wenn ihr ein Anliegen habt, k\u00f6nnt ihr jederzeit auf einen der gew\u00e4hlten Jugendlichen zugehen oder ihr beauftragt eure Klassensprecher, das in eurem Namen zu erledigen. Ihr k\u00f6nnt auch zu den Verbindungslehrern Frau von der Mark oder Herrn Gerlach gehen.<\/p>\n<p><img loading=\"lazy\" decoding=\"async\" class=\"aligncenter wp-image-539646 size-full\" src=\"https:\/\/singbergschule-woelfersheim.de\/wp-content\/uploads\/SV-20-21.jpg\" alt=\"\" width=\"900\" height=\"600\" srcset=\"https:\/\/singbergschule-woelfersheim.de\/wp-content\/uploads\/SV-20-21.jpg 900w, https:\/\/singbergschule-woelfersheim.de\/wp-content\/uploads\/SV-20-21-300x200.jpg 300w, https:\/\/singbergschule-woelfersheim.de\/wp-content\/uploads\/SV-20-21-768x512.jpg 768w\" sizes=\"auto, (max-width: 900px) 100vw, 900px\" \/><\/p>\n<p>Das Schulsprecher-Team ist f\u00fcr alle Sch\u00fclerinnen und Sch\u00fcler der Klassen 5 \u2013 13 zust\u00e4ndig. Der 5-k\u00f6pfige Beirat besteht aus 2 Sch\u00fcler*Innen, die als Sprecher f\u00fcr die Sekundarstufe-II zust\u00e4ndig sind und 3 Jugendlichen, die sich haupts\u00e4chlich um die Belange der 5. \u2013 10. Klassen k\u00fcmmern werden.<\/p>\n<p>&nbsp;<\/p>\n<p><strong>Der Beirat: <\/strong>\u00a0Felix Klein, Juan Quesada Rojas, Melvin Borse, Laura K\u00f6tter, Jada Keil <em>(nicht abgebildet)<\/em><\/p>\n<p><img loading=\"lazy\" decoding=\"async\" class=\"aligncenter wp-image-539645 size-full\" src=\"https:\/\/singbergschule-woelfersheim.de\/wp-content\/uploads\/DSC00268.jpg\" alt=\"\" width=\"616\" height=\"452\" srcset=\"https:\/\/singbergschule-woelfersheim.de\/wp-content\/uploads\/DSC00268.jpg 616w, https:\/\/singbergschule-woelfersheim.de\/wp-content\/uploads\/DSC00268-300x220.jpg 300w\" sizes=\"auto, (max-width: 616px) 100vw, 616px\" \/><\/p>\n<p>&nbsp;<\/p>\n<p><strong>Schulsprecherin und Vertreter*in:<br \/>\n<\/strong>Schulsprecherin: Amy Graf (Klasse 11)<br \/>\n1. Vertreter: Daniel Hohl (Klasse 13)<br \/>\n2. Vertreterin: Alicja-Marie Kensbock (Klasse 13) <em>(nicht abgebildet)<\/em><\/p>\n<p><img loading=\"lazy\" decoding=\"async\" class=\"aligncenter wp-image-539647 size-full\" src=\"https:\/\/singbergschule-woelfersheim.de\/wp-content\/uploads\/SV-GOS.jpg\" alt=\"\" width=\"900\" height=\"600\" srcset=\"https:\/\/singbergschule-woelfersheim.de\/wp-content\/uploads\/SV-GOS.jpg 900w, https:\/\/singbergschule-woelfersheim.de\/wp-content\/uploads\/SV-GOS-300x200.jpg 300w, https:\/\/singbergschule-woelfersheim.de\/wp-content\/uploads\/SV-GOS-768x512.jpg 768w\" sizes=\"auto, (max-width: 900px) 100vw, 900px\" \/><\/p>\n<p>&nbsp;<\/p>\n<p>&nbsp;<\/p>\n<p><strong>Delegierte f\u00fcr den Kreissch\u00fclerrat: <\/strong>Peer Ole R\u00f6lke (Klasse 12) und Carla Riemenschneider<strong><br \/>\n<\/strong><\/p>\n<p><img loading=\"lazy\" decoding=\"async\" class=\"wp-image-539649 size-full aligncenter\" src=\"https:\/\/singbergschule-woelfersheim.de\/wp-content\/uploads\/DSC00263.jpg\" alt=\"\" width=\"815\" height=\"488\" srcset=\"https:\/\/singbergschule-woelfersheim.de\/wp-content\/uploads\/DSC00263.jpg 815w, https:\/\/singbergschule-woelfersheim.de\/wp-content\/uploads\/DSC00263-300x180.jpg 300w, https:\/\/singbergschule-woelfersheim.de\/wp-content\/uploads\/DSC00263-768x460.jpg 768w\" sizes=\"auto, (max-width: 815px) 100vw, 815px\" \/><\/p>\n<h3>Wenn ihr uns erreichen wollt, gibt es mehrere Wege. Im Sekretariat haben wir eine Art Briefkasten, in den ihr uns gern Nachrichten im Umschlag hinterlegen k\u00f6nnt. Wir sind auch per Email erreichbar unter <a href=\"mailto:SV@singberg.schule\">SV@singberg.schule<\/a><\/h3>\n<h3>Seit kurzem haben wir auch einen Instagram Account: Folgt uns doch auf\u00a0\u00a0\u00a0 <span style=\"color: #0000ff;\">singbergschule_sv<\/span><\/h3>\n<h3><\/h3>\n<h3><span style=\"color: #800000;\">Verschiedene Aktionen der SV<\/span><\/h3>\n<p><img loading=\"lazy\" decoding=\"async\" class=\"aligncenter wp-image-13307 size-full\" src=\"http:\/\/singbergschule-woelfersheim.de\/wp-content\/uploads\/IMG_5818-k.jpg\" alt=\"\" width=\"899\" height=\"674\" srcset=\"https:\/\/singbergschule-woelfersheim.de\/wp-content\/uploads\/IMG_5818-k.jpg 899w, https:\/\/singbergschule-woelfersheim.de\/wp-content\/uploads\/IMG_5818-k-300x225.jpg 300w, https:\/\/singbergschule-woelfersheim.de\/wp-content\/uploads\/IMG_5818-k-768x576.jpg 768w, https:\/\/singbergschule-woelfersheim.de\/wp-content\/uploads\/IMG_5818-k-75x55.jpg 75w\" sizes=\"auto, (max-width: 899px) 100vw, 899px\" \/> <img loading=\"lazy\" decoding=\"async\" class=\"size-full wp-image-13295 alignright\" src=\"http:\/\/singbergschule-woelfersheim.de\/wp-content\/uploads\/b773bd33-1609-4a3b-bec1-b0cc3ba152bf.jpg\" alt=\"\" width=\"1600\" height=\"900\" srcset=\"https:\/\/singbergschule-woelfersheim.de\/wp-content\/uploads\/b773bd33-1609-4a3b-bec1-b0cc3ba152bf.jpg 1600w, https:\/\/singbergschule-woelfersheim.de\/wp-content\/uploads\/b773bd33-1609-4a3b-bec1-b0cc3ba152bf-300x169.jpg 300w, https:\/\/singbergschule-woelfersheim.de\/wp-content\/uploads\/b773bd33-1609-4a3b-bec1-b0cc3ba152bf-768x432.jpg 768w, https:\/\/singbergschule-woelfersheim.de\/wp-content\/uploads\/b773bd33-1609-4a3b-bec1-b0cc3ba152bf-1200x675.jpg 1200w\" sizes=\"auto, (max-width: 1600px) 100vw, 1600px\" \/><\/p>\n<p>&nbsp;<\/p>\n<p style=\"text-align: center;\"><a href=\"http:\/\/singbergschule-woelfersheim.de\/wp-content\/uploads\/IMG_5140.jpg\"><img loading=\"lazy\" decoding=\"async\" class=\"size-medium wp-image-6660 alignleft\" src=\"http:\/\/singbergschule-woelfersheim.de\/wp-content\/uploads\/IMG_5140-300x220.jpg\" alt=\"IMG_5140\" width=\"300\" height=\"220\" srcset=\"https:\/\/singbergschule-woelfersheim.de\/wp-content\/uploads\/IMG_5140-300x220.jpg 300w, https:\/\/singbergschule-woelfersheim.de\/wp-content\/uploads\/IMG_5140.jpg 640w\" sizes=\"auto, (max-width: 300px) 100vw, 300px\" \/><\/a><a href=\"http:\/\/singbergschule-woelfersheim.de\/wp-content\/uploads\/IMG_5141.jpg\"><img loading=\"lazy\" decoding=\"async\" class=\"aligncenter size-medium wp-image-6659\" src=\"http:\/\/singbergschule-woelfersheim.de\/wp-content\/uploads\/IMG_5141-300x225.jpg\" alt=\"IMG_5141\" width=\"300\" height=\"225\" srcset=\"https:\/\/singbergschule-woelfersheim.de\/wp-content\/uploads\/IMG_5141-300x225.jpg 300w, https:\/\/singbergschule-woelfersheim.de\/wp-content\/uploads\/IMG_5141.jpg 640w\" sizes=\"auto, (max-width: 300px) 100vw, 300px\" \/><\/a><\/p>\n<p>&nbsp;<\/p>\n<p><a href=\"http:\/\/singbergschule-woelfersheim.de\/wp-content\/uploads\/SV-gegen-Rassismus1.jpg\"><img loading=\"lazy\" decoding=\"async\" class=\" wp-image-4604 size-full aligncenter\" src=\"http:\/\/singbergschule-woelfersheim.de\/wp-content\/uploads\/SV-gegen-Rassismus1.jpg\" alt=\"SV-gegen-Rassismus\" width=\"480\" height=\"300\" srcset=\"https:\/\/singbergschule-woelfersheim.de\/wp-content\/uploads\/SV-gegen-Rassismus1.jpg 480w, https:\/\/singbergschule-woelfersheim.de\/wp-content\/uploads\/SV-gegen-Rassismus1-300x188.jpg 300w\" sizes=\"auto, (max-width: 480px) 100vw, 480px\" \/><\/a><\/p>\n<p><a href=\"http:\/\/singbergschule-woelfersheim.de\/wp-content\/uploads\/Check\u00fcbergabe-Stadion.jpg\"><img loading=\"lazy\" decoding=\"async\" class=\" wp-image-4765 size-full aligncenter\" src=\"http:\/\/singbergschule-woelfersheim.de\/wp-content\/uploads\/Check\u00fcbergabe-Stadion.jpg\" alt=\"Check\u00fcbergabe Stadion\" width=\"700\" height=\"467\" srcset=\"https:\/\/singbergschule-woelfersheim.de\/wp-content\/uploads\/Check\u00fcbergabe-Stadion.jpg 700w, https:\/\/singbergschule-woelfersheim.de\/wp-content\/uploads\/Check\u00fcbergabe-Stadion-300x200.jpg 300w\" sizes=\"auto, (max-width: 700px) 100vw, 700px\" \/><\/a><\/p>\n<p>Mehrere Male initiierte die SV die Herstellung und den Verkauf eines Jahreskalenders, dessen Erl\u00f6s Schulprojekten zugute kam.<br \/>\nEine wichtige Aktion der letzten Jahre war au\u00dferdem der von uns ins Leben gerufene und organisierte Sponsorenlauf f\u00fcr die Opfer der Fukushima-Katastrophe. Der Erl\u00f6s in H\u00f6he von 18 655 \u20ac wurde im Dortmunder Fu\u00dfballstadion an den Schirmherrn der karitativen Organisation CARE, den japanischen Spieler Shinji Kagawa, \u00fcbergeben.<\/p>\n<p><a href=\"http:\/\/singbergschule-woelfersheim.de\/wp-content\/uploads\/SV-Kalender.jpg\"><img loading=\"lazy\" decoding=\"async\" class=\" wp-image-4605 size-full alignleft\" src=\"http:\/\/singbergschule-woelfersheim.de\/wp-content\/uploads\/SV-Kalender.jpg\" alt=\"SV-Kalender\" width=\"700\" height=\"525\" srcset=\"https:\/\/singbergschule-woelfersheim.de\/wp-content\/uploads\/SV-Kalender.jpg 700w, https:\/\/singbergschule-woelfersheim.de\/wp-content\/uploads\/SV-Kalender-300x225.jpg 300w\" sizes=\"auto, (max-width: 700px) 100vw, 700px\" \/><\/a><\/p>\n<p>&nbsp;<\/p>\n<p>&nbsp;<\/p>\n<p>&nbsp;<\/p>\n<p>&nbsp;<\/p>\n<p>&nbsp;<\/p>\n<p>&nbsp;<\/p>\n<p>&nbsp;<\/p>\n<p>&nbsp;<\/p>\n<p>&nbsp;<\/p>\n<p>&nbsp;<\/p>\n<p>&nbsp;<\/p>\n","protected":false},"excerpt":{"rendered":"<p>&nbsp; Wir, die Sch\u00fclervertretung, \u00fcbernehmen seit Jahren eine aktive Mitgestaltungsaufgabe in der Singbergschule. Wir fungieren nat\u00fcrlich als Interessensvertretung der Sch\u00fcler*Innen und arbeiten in diesem Zusammenhang mit den anderen Gremien der Schulgemeinde, der Schulleitung, den Lehrer*Innen, den Eltern und auch mit den Mitgliedern des F\u00f6rdervereins vertrauensvoll und fruchtbar zusammen. In diesem Zusammenhang besucht die Sch\u00fclervertretung Konferenzen und arbeitet in diversen AGs mit. Unterst\u00fctzt werden wir tatkr\u00e4ftig durch die langj\u00e4hrige Vertrauenslehrerin Birgit von der Mark und seit dem Schuljahr 2019\/20 von Kai Gerlach. Dabei geht es um die Planung besonderer Veranstaltungen (Aktionstage, Projektwochen, Bundes-Jugendspiele, Sponsorenl\u00e4ufe, Feste, Feiern usw.), aber auch um Schulentwicklung, Schulhofgestaltung und z.B. die Ausgestaltung und Ver\u00e4nderung der Schulordnung. Die Stimme der Sch\u00fcler*Innen wird in der Singbergschule geh\u00f6rt und ernst genommen! Die Sch\u00fclervertretung \u00fcbernimmt dabei auch Verantwortung, indem wir Sch\u00fcleraufsichten im Alltag und bei besonderen Veranstaltungen organisieren und so unseren Teil zu einem respektvollen Miteinander beitragen! Hier findet ihr den aktuellen SV-Kalender, einfach nur drauf klicken. SV-Plan 2022-23 &nbsp; Mehrere Beispiele aktiver SV-Arbeit: Im Schuljahr 2018-19 organisierten wir den Red-Hand-Day, um auf die Situation von Kindersoldaten aufmerksam zu machen, die Teilnahme an Fridays-for-future Demonstationen, unterst\u00fctzten das Projekt &#8222;Ein Herz f\u00fcr Fl\u00fcgel&#8220; zum Schutz der Bienen, f\u00fchrten Sch\u00fclerumfragen durch. Vor einigen Jahren organisierte die SV einen Sponsorenlauf zur Mitfinanzierung der Markise \u00fcber der Mensaterrasse u.v.m. &nbsp; Eure Sch\u00fclervertreter f\u00fcr das Schuljahr 2020\/2021 Auf der ersten SV-Sitzung in diesem Schuljahr wurden eure Vertreter f\u00fcr das Schuljahr 2019\/2020 gew\u00e4hlt. Wenn ihr ein Anliegen habt, k\u00f6nnt ihr jederzeit auf einen der gew\u00e4hlten Jugendlichen zugehen oder ihr beauftragt eure Klassensprecher, das in eurem Namen zu erledigen. Ihr k\u00f6nnt auch zu den Verbindungslehrern Frau von der Mark oder Herrn Gerlach gehen. Das Schulsprecher-Team ist f\u00fcr alle Sch\u00fclerinnen und Sch\u00fcler der Klassen 5 \u2013 13 zust\u00e4ndig. Der 5-k\u00f6pfige Beirat besteht aus 2 Sch\u00fcler*Innen, die als Sprecher f\u00fcr die Sekundarstufe-II zust\u00e4ndig sind und 3 Jugendlichen, die sich haupts\u00e4chlich um die Belange der 5. \u2013 10. Klassen k\u00fcmmern werden. &nbsp; Der Beirat: \u00a0Felix Klein, Juan Quesada Rojas, Melvin Borse, Laura K\u00f6tter, Jada Keil (nicht abgebildet) &nbsp; Schulsprecherin und Vertreter*in: Schulsprecherin: Amy Graf (Klasse 11) 1. Vertreter: Daniel Hohl (Klasse 13) 2. Vertreterin: Alicja-Marie Kensbock (Klasse 13) (nicht abgebildet) &nbsp; &nbsp; Delegierte f\u00fcr den Kreissch\u00fclerrat: Peer Ole R\u00f6lke (Klasse 12) und Carla Riemenschneider Wenn ihr uns erreichen wollt, gibt es mehrere Wege. Im Sekretariat haben wir eine Art Briefkasten, in den ihr uns gern Nachrichten im Umschlag hinterlegen k\u00f6nnt. Wir sind auch per Email erreichbar unter SV@singberg.schule Seit kurzem haben wir auch einen Instagram Account: Folgt uns doch auf\u00a0\u00a0\u00a0 singbergschule_sv Verschiedene Aktionen der SV &nbsp; &nbsp; Mehrere Male initiierte die SV die Herstellung und den Verkauf eines Jahreskalenders, dessen Erl\u00f6s Schulprojekten zugute kam. Eine wichtige Aktion der letzten Jahre war au\u00dferdem der von uns ins Leben gerufene und organisierte Sponsorenlauf f\u00fcr die Opfer der Fukushima-Katastrophe. Der Erl\u00f6s in H\u00f6he von 18 655 \u20ac wurde im Dortmunder Fu\u00dfballstadion an den Schirmherrn der karitativen Organisation CARE, den japanischen Spieler Shinji Kagawa, \u00fcbergeben. &nbsp; &nbsp; &nbsp; &nbsp; &nbsp; &nbsp; &nbsp; &nbsp; &nbsp; &nbsp; &nbsp;<\/p>\n","protected":false},"author":2,"featured_media":0,"parent":0,"menu_order":0,"comment_status":"closed","ping_status":"open","template":"","meta":{"footnotes":""},"class_list":["post-199","page","type-page","status-publish","hentry"],"_links":{"self":[{"href":"https:\/\/singbergschule-woelfersheim.de\/index.php?rest_route=\/wp\/v2\/pages\/199","targetHints":{"allow":["GET"]}}],"collection":[{"href":"https:\/\/singbergschule-woelfersheim.de\/index.php?rest_route=\/wp\/v2\/pages"}],"about":[{"href":"https:\/\/singbergschule-woelfersheim.de\/index.php?rest_route=\/wp\/v2\/types\/page"}],"author":[{"embeddable":true,"href":"https:\/\/singbergschule-woelfersheim.de\/index.php?rest_route=\/wp\/v2\/users\/2"}],"replies":[{"embeddable":true,"href":"https:\/\/singbergschule-woelfersheim.de\/index.php?rest_route=%2Fwp%2Fv2%2Fcomments&post=199"}],"version-history":[{"count":43,"href":"https:\/\/singbergschule-woelfersheim.de\/index.php?rest_route=\/wp\/v2\/pages\/199\/revisions"}],"predecessor-version":[{"id":9124605,"href":"https:\/\/singbergschule-woelfersheim.de\/index.php?rest_route=\/wp\/v2\/pages\/199\/revisions\/9124605"}],"wp:attachment":[{"href":"https:\/\/singbergschule-woelfersheim.de\/index.php?rest_route=%2Fwp%2Fv2%2Fmedia&parent=199"}],"curies":[{"name":"wp","href":"https:\/\/api.w.org\/{rel}","templated":true}]}}