{"id":190,"date":"2014-10-07T00:07:13","date_gmt":"2014-10-06T22:07:13","guid":{"rendered":"http:\/\/singbergschule-woelfersheim.de\/wordpress\/?page_id=190"},"modified":"2016-01-23T15:50:45","modified_gmt":"2016-01-23T14:50:45","slug":"schueleraustausch","status":"publish","type":"page","link":"https:\/\/singbergschule-woelfersheim.de\/?page_id=190","title":{"rendered":"Sch\u00fcleraustausch"},"content":{"rendered":"<h3><a href=\"http:\/\/singbergschule-woelfersheim.de\/wp-content\/uploads\/IMG_0067-Kopie.jpg\"><img loading=\"lazy\" decoding=\"async\" class=\"aligncenter wp-image-4806 size-full\" src=\"http:\/\/singbergschule-woelfersheim.de\/wp-content\/uploads\/IMG_0067-Kopie.jpg\" alt=\"if\" width=\"700\" height=\"525\" srcset=\"https:\/\/singbergschule-woelfersheim.de\/wp-content\/uploads\/IMG_0067-Kopie.jpg 700w, https:\/\/singbergschule-woelfersheim.de\/wp-content\/uploads\/IMG_0067-Kopie-300x225.jpg 300w\" sizes=\"auto, (max-width: 700px) 100vw, 700px\" \/><\/a><\/h3>\n<h3><strong><span style=\"color: #800000;\">Sch\u00fcleraustausch Frankreich<\/span><\/strong><\/h3>\n<p><em>Die franz\u00f6sische Sprache als ein lebendiges Element erleben und die Lebensgewohnheiten unserer Nachbarn kennen lernen.<\/em><br \/>\nSeit mehr als 30 Jahren organisiert die Singbergschule einen Sch\u00fcleraustausch mit Frankreich \u2013 zun\u00e4chst mit Courzon im S\u00fcden, dann mit Chaumont im Nord-Osten. Die Begegnungen endeten jeweils mit den Dienstzeiten der franz\u00f6sischen Lehrkr\u00e4fte an ihren Schulen. Nun galt es vor 5 Jahren, als Frau Boucley ihren Dienst an der Singbergschule antrat, eine neue Partnerschule zu finden, was auch gelang.<br \/>\nDies ist jetzt dank der Partnerschaft mit dem &#8222;Coll\u00e8ge Paul-Elie Dubois&#8220; in L&#8217;Isle-sur-le-Doubs im Osten des Nachbarlandes m\u00f6glich. Der Ort aus der Region Franche-Comt\u00e9, im Department Doubs, ist etwa 100 km von Dijon, Bern oder auch Freiburg entfernt. 2011 hatten Singberg-Franz\u00f6sischlehrerin S. Boucley und die Deutschlehrerin des Coll\u00e8ge Paul-Elie Dubois, C. Ballot, den ersten Austausch zwischen den zwei Schulen organisiert und mit 28 Sch\u00fclern durchgef\u00fchrt.<br \/>\nAlle zwei Jahre bietet nun der Fachbereich Franz\u00f6sisch diesen Sch\u00fcleraustausch f\u00fcr die Jahrgangsstufen 8 und 9 an. Der einw\u00f6chige Aufenthalt findet bei den Familien zu Hause statt. Eine Woche lang erleben die Sch\u00fclerinnen und Sch\u00fcler den franz\u00f6sischen Schulalltag und entdecken die Kultur des Landes durch neue Erfahrungen, Zusammenleben mit gleichaltrigen Franzosen und Exkursionen.<br \/>\nIm Schuljahr 2013\/14 nehmen 35 Sch\u00fclerinnen und Sch\u00fcler am Austauschprogramm teil.<br \/>\nWelche Bedeutung dieser Sch\u00fcleraustausch hat, zeigt das gro\u00dfe Interesse der Stadt W\u00f6lfersheim, mit dieser idyllischen Kleinstadt eine St\u00e4dtepartnerschaft eingehen zu wollen. Zahlreiche Zusammentreffen der B\u00fcrgermeister und der Jugendfeuerwehr u. a. haben bereits stattgefunden.<\/p>\n<p>Der Sch\u00fcleraustausch stellt einen weiteren Schritt zur V\u00f6lkerverst\u00e4ndigung und Frieden in der Welt dar.<\/p>\n<p><a href=\"http:\/\/singbergschule-woelfersheim.de\/wp-content\/uploads\/IMG_0074-Kopie.jpg\"><img loading=\"lazy\" decoding=\"async\" class=\"aligncenter wp-image-4807 size-full\" src=\"http:\/\/singbergschule-woelfersheim.de\/wp-content\/uploads\/IMG_0074-Kopie.jpg\" alt=\"if\" width=\"700\" height=\"525\" srcset=\"https:\/\/singbergschule-woelfersheim.de\/wp-content\/uploads\/IMG_0074-Kopie.jpg 700w, https:\/\/singbergschule-woelfersheim.de\/wp-content\/uploads\/IMG_0074-Kopie-300x225.jpg 300w\" sizes=\"auto, (max-width: 700px) 100vw, 700px\" \/><\/a><\/p>\n<p><a href=\"http:\/\/singbergschule-woelfersheim.de\/wp-content\/uploads\/DSC02370-2.jpg\" rel=\"attachment wp-att-6742\"><img loading=\"lazy\" decoding=\"async\" class=\"aligncenter wp-image-6742 size-large\" src=\"http:\/\/singbergschule-woelfersheim.de\/wp-content\/uploads\/DSC02370-2-725x1024.jpg\" alt=\"DSC02370 2\" width=\"725\" height=\"1024\" srcset=\"https:\/\/singbergschule-woelfersheim.de\/wp-content\/uploads\/DSC02370-2-725x1024.jpg 725w, https:\/\/singbergschule-woelfersheim.de\/wp-content\/uploads\/DSC02370-2-300x424.jpg 300w, https:\/\/singbergschule-woelfersheim.de\/wp-content\/uploads\/DSC02370-2-768x1084.jpg 768w, https:\/\/singbergschule-woelfersheim.de\/wp-content\/uploads\/DSC02370-2.jpg 932w\" sizes=\"auto, (max-width: 725px) 100vw, 725px\" \/><\/a><\/p>\n<p style=\"text-align: left;\"><strong>Eindr\u00fccke vom Sch\u00fcleraustausch 2011\/12 hier in W\u00f6lfersheim<br \/>\n<\/strong><\/p>\n<p><iframe loading=\"lazy\" src=\"https:\/\/www.youtube.com\/embed\/NjGOkKCIc4U\" width=\"840\" height=\"422\" frameborder=\"0\" allowfullscreen=\"allowfullscreen\"><\/iframe><\/p>\n","protected":false},"excerpt":{"rendered":"<p>Sch\u00fcleraustausch Frankreich Die franz\u00f6sische Sprache als ein lebendiges Element erleben und die Lebensgewohnheiten unserer Nachbarn kennen lernen. Seit mehr als 30 Jahren organisiert die Singbergschule einen Sch\u00fcleraustausch mit Frankreich \u2013 zun\u00e4chst mit Courzon im S\u00fcden, dann mit Chaumont im Nord-Osten. Die Begegnungen endeten jeweils mit den Dienstzeiten der franz\u00f6sischen Lehrkr\u00e4fte an ihren Schulen. Nun galt es vor 5 Jahren, als Frau Boucley ihren Dienst an der Singbergschule antrat, eine neue Partnerschule zu finden, was auch gelang. Dies ist jetzt dank der Partnerschaft mit dem &#8222;Coll\u00e8ge Paul-Elie Dubois&#8220; in L&#8217;Isle-sur-le-Doubs im Osten des Nachbarlandes m\u00f6glich. Der Ort aus der Region Franche-Comt\u00e9, im Department Doubs, ist etwa 100 km von Dijon, Bern oder auch Freiburg entfernt. 2011 hatten Singberg-Franz\u00f6sischlehrerin S. Boucley und die Deutschlehrerin des Coll\u00e8ge Paul-Elie Dubois, C. Ballot, den ersten Austausch zwischen den zwei Schulen organisiert und mit 28 Sch\u00fclern durchgef\u00fchrt. Alle zwei Jahre bietet nun der Fachbereich Franz\u00f6sisch diesen Sch\u00fcleraustausch f\u00fcr die Jahrgangsstufen 8 und 9 an. Der einw\u00f6chige Aufenthalt findet bei den Familien zu Hause statt. Eine Woche lang erleben die Sch\u00fclerinnen und Sch\u00fcler den franz\u00f6sischen Schulalltag und entdecken die Kultur des Landes durch neue Erfahrungen, Zusammenleben mit gleichaltrigen Franzosen und Exkursionen. Im Schuljahr 2013\/14 nehmen 35 Sch\u00fclerinnen und Sch\u00fcler am Austauschprogramm teil. Welche Bedeutung dieser Sch\u00fcleraustausch hat, zeigt das gro\u00dfe Interesse der Stadt W\u00f6lfersheim, mit dieser idyllischen Kleinstadt eine St\u00e4dtepartnerschaft eingehen zu wollen. Zahlreiche Zusammentreffen der B\u00fcrgermeister und der Jugendfeuerwehr u. a. haben bereits stattgefunden. Der Sch\u00fcleraustausch stellt einen weiteren Schritt zur V\u00f6lkerverst\u00e4ndigung und Frieden in der Welt dar. Eindr\u00fccke vom Sch\u00fcleraustausch 2011\/12 hier in W\u00f6lfersheim<\/p>\n","protected":false},"author":2,"featured_media":0,"parent":0,"menu_order":0,"comment_status":"closed","ping_status":"open","template":"","meta":{"footnotes":""},"class_list":["post-190","page","type-page","status-publish","hentry"],"_links":{"self":[{"href":"https:\/\/singbergschule-woelfersheim.de\/index.php?rest_route=\/wp\/v2\/pages\/190","targetHints":{"allow":["GET"]}}],"collection":[{"href":"https:\/\/singbergschule-woelfersheim.de\/index.php?rest_route=\/wp\/v2\/pages"}],"about":[{"href":"https:\/\/singbergschule-woelfersheim.de\/index.php?rest_route=\/wp\/v2\/types\/page"}],"author":[{"embeddable":true,"href":"https:\/\/singbergschule-woelfersheim.de\/index.php?rest_route=\/wp\/v2\/users\/2"}],"replies":[{"embeddable":true,"href":"https:\/\/singbergschule-woelfersheim.de\/index.php?rest_route=%2Fwp%2Fv2%2Fcomments&post=190"}],"version-history":[{"count":12,"href":"https:\/\/singbergschule-woelfersheim.de\/index.php?rest_route=\/wp\/v2\/pages\/190\/revisions"}],"predecessor-version":[{"id":6763,"href":"https:\/\/singbergschule-woelfersheim.de\/index.php?rest_route=\/wp\/v2\/pages\/190\/revisions\/6763"}],"wp:attachment":[{"href":"https:\/\/singbergschule-woelfersheim.de\/index.php?rest_route=%2Fwp%2Fv2%2Fmedia&parent=190"}],"curies":[{"name":"wp","href":"https:\/\/api.w.org\/{rel}","templated":true}]}}