{"id":160,"date":"2014-10-06T23:34:06","date_gmt":"2014-10-06T21:34:06","guid":{"rendered":"http:\/\/singbergschule-woelfersheim.de\/wordpress\/?page_id=160"},"modified":"2014-12-15T20:20:00","modified_gmt":"2014-12-15T18:20:00","slug":"erdkunde","status":"publish","type":"page","link":"https:\/\/singbergschule-woelfersheim.de\/?page_id=160","title":{"rendered":"Erdkunde"},"content":{"rendered":"<p style=\"text-align: center;\"><span style=\"color: #800000;\">\u201cIch bin Geograph\u201d, sagte der alte<\/span><br \/>\n<span style=\"color: #800000;\">Herr. \u201cWas ist das, ein Geograph?\u201d<\/span><br \/>\n<span style=\"color: #800000;\">\u201cDas ist ein Gelehrter, der wei\u00df, wo<\/span><br \/>\n<span style=\"color: #800000;\">sich die Meere, die Str\u00f6me,<\/span><br \/>\n<span style=\"color: #800000;\">die St\u00e4dte, die Berge und die Wu\u0308sten<\/span><br \/>\n<span style=\"color: #800000;\">befinden.\u201d<\/span><br \/>\n<span style=\"color: #800000;\">\u201cDas ist sehr interessant\u201d, sagte der<\/span><br \/>\n<span style=\"color: #800000;\">kleine Prinz. \u201cEndlich ein richtiger<\/span><br \/>\n<span style=\"color: #800000;\">Beruf!\u201d<\/span><br \/>\n<span style=\"color: #800000;\">\u201eDer kleine Prinz\u201c von Antoine de<\/span><br \/>\n<span style=\"color: #800000;\">Saint-Exup\u00e9ry<\/span><\/p>\n<p>Das Fach Erdkunde wird an der Singbergschule in den Klassen 5, 6, 8, 9 und 10 unterrichtet. Dabei geht es um mehr als \u201enur\u201c die L\u00e4nder, Fl\u00fcsse, Berge und Hauptst\u00e4dte der Welt auswendig zu lernen. Die Ziele des Erdkundeunterrichts sollen ein Bewusstsein f\u00fcr verantwortliches Handeln, Kenntnisse anderer Kulturen und Lebenswelten, vielf\u00e4ltige Gestaltungsm\u00f6glichkeiten der Welt durch den Menschen sowie das Erkennen von Zusammenh\u00e4ngen innerhalb der Natur sein.<br \/>\nWir m\u00f6chten, dass sich unsere Sch\u00fcler in ihrem komplexen Umfeld orientieren und ihr erdkundliches Wissen auf m\u00f6glichst viele Lebensbereiche anwenden k\u00f6nnen. Verst\u00e4ndnis und Verantwortungsbewusstsein f\u00fcr eine \u201elebenswerte\u201c Welt sollen entwickelt werden!<\/p>\n<p>Frank Gawenda, Fachleiter<\/p>\n<p><a href=\"http:\/\/singbergschule-woelfersheim.de\/wp-content\/uploads\/2014\/F\u00e4cher\/Erdkunde-2.jpg\"><img loading=\"lazy\" decoding=\"async\" class=\"alignnone wp-image-3594 size-medium alignleft\" src=\"http:\/\/singbergschule-woelfersheim.de\/wp-content\/uploads\/2014\/F\u00e4cher\/Erdkunde-2-300x440.jpg\" alt=\"Erdkunde 2\" width=\"300\" height=\"440\" srcset=\"https:\/\/singbergschule-woelfersheim.de\/wp-content\/uploads\/2014\/F\u00e4cher\/Erdkunde-2-300x440.jpg 300w, https:\/\/singbergschule-woelfersheim.de\/wp-content\/uploads\/2014\/F\u00e4cher\/Erdkunde-2.jpg 620w\" sizes=\"auto, (max-width: 300px) 100vw, 300px\" \/><\/a><a href=\"http:\/\/singbergschule-woelfersheim.de\/wp-content\/uploads\/IMG_0007.jpg\"><img loading=\"lazy\" decoding=\"async\" class=\"aligncenter wp-image-4211 \" src=\"http:\/\/singbergschule-woelfersheim.de\/wp-content\/uploads\/IMG_0007-300x400.jpg\" alt=\"if\" width=\"329\" height=\"439\" srcset=\"https:\/\/singbergschule-woelfersheim.de\/wp-content\/uploads\/IMG_0007-300x400.jpg 300w, https:\/\/singbergschule-woelfersheim.de\/wp-content\/uploads\/IMG_0007.jpg 525w\" sizes=\"auto, (max-width: 329px) 100vw, 329px\" \/><\/a><\/p>\n<p>&nbsp;<\/p>\n","protected":false},"excerpt":{"rendered":"<p>\u201cIch bin Geograph\u201d, sagte der alte Herr. \u201cWas ist das, ein Geograph?\u201d \u201cDas ist ein Gelehrter, der wei\u00df, wo sich die Meere, die Str\u00f6me, die St\u00e4dte, die Berge und die Wu\u0308sten befinden.\u201d \u201cDas ist sehr interessant\u201d, sagte der kleine Prinz. \u201cEndlich ein richtiger Beruf!\u201d \u201eDer kleine Prinz\u201c von Antoine de Saint-Exup\u00e9ry Das Fach Erdkunde wird an der Singbergschule in den Klassen 5, 6, 8, 9 und 10 unterrichtet. Dabei geht es um mehr als \u201enur\u201c die L\u00e4nder, Fl\u00fcsse, Berge und Hauptst\u00e4dte der Welt auswendig zu lernen. Die Ziele des Erdkundeunterrichts sollen ein Bewusstsein f\u00fcr verantwortliches Handeln, Kenntnisse anderer Kulturen und Lebenswelten, vielf\u00e4ltige Gestaltungsm\u00f6glichkeiten der Welt durch den Menschen sowie das Erkennen von Zusammenh\u00e4ngen innerhalb der Natur sein. Wir m\u00f6chten, dass sich unsere Sch\u00fcler in ihrem komplexen Umfeld orientieren und ihr erdkundliches Wissen auf m\u00f6glichst viele Lebensbereiche anwenden k\u00f6nnen. Verst\u00e4ndnis und Verantwortungsbewusstsein f\u00fcr eine \u201elebenswerte\u201c Welt sollen entwickelt werden! Frank Gawenda, Fachleiter &nbsp;<\/p>\n","protected":false},"author":2,"featured_media":3594,"parent":0,"menu_order":0,"comment_status":"closed","ping_status":"open","template":"","meta":{"footnotes":""},"class_list":["post-160","page","type-page","status-publish","has-post-thumbnail","hentry"],"_links":{"self":[{"href":"https:\/\/singbergschule-woelfersheim.de\/index.php?rest_route=\/wp\/v2\/pages\/160","targetHints":{"allow":["GET"]}}],"collection":[{"href":"https:\/\/singbergschule-woelfersheim.de\/index.php?rest_route=\/wp\/v2\/pages"}],"about":[{"href":"https:\/\/singbergschule-woelfersheim.de\/index.php?rest_route=\/wp\/v2\/types\/page"}],"author":[{"embeddable":true,"href":"https:\/\/singbergschule-woelfersheim.de\/index.php?rest_route=\/wp\/v2\/users\/2"}],"replies":[{"embeddable":true,"href":"https:\/\/singbergschule-woelfersheim.de\/index.php?rest_route=%2Fwp%2Fv2%2Fcomments&post=160"}],"version-history":[{"count":8,"href":"https:\/\/singbergschule-woelfersheim.de\/index.php?rest_route=\/wp\/v2\/pages\/160\/revisions"}],"predecessor-version":[{"id":4221,"href":"https:\/\/singbergschule-woelfersheim.de\/index.php?rest_route=\/wp\/v2\/pages\/160\/revisions\/4221"}],"wp:featuredmedia":[{"embeddable":true,"href":"https:\/\/singbergschule-woelfersheim.de\/index.php?rest_route=\/wp\/v2\/media\/3594"}],"wp:attachment":[{"href":"https:\/\/singbergschule-woelfersheim.de\/index.php?rest_route=%2Fwp%2Fv2%2Fmedia&parent=160"}],"curies":[{"name":"wp","href":"https:\/\/api.w.org\/{rel}","templated":true}]}}