{"id":157,"date":"2014-10-06T23:33:47","date_gmt":"2014-10-06T21:33:47","guid":{"rendered":"http:\/\/singbergschule-woelfersheim.de\/wordpress\/?page_id=157"},"modified":"2022-11-27T08:27:59","modified_gmt":"2022-11-27T07:27:59","slug":"spanisch","status":"publish","type":"page","link":"https:\/\/singbergschule-woelfersheim.de\/?page_id=157","title":{"rendered":"Spanisch"},"content":{"rendered":"<h1 style=\"text-align: center;\"><span style=\"color: #0000ff;\"><strong>Espa\u00f1ol: m\u00e1s que una lengua \u2026<\/strong><\/span><\/h1>\n<ul>\n<li>Spanisch ist eine<strong> Weltsprache:<\/strong><\/li>\n<\/ul>\n<p>Mit \u00fcber 400 Millionen Menschen, die Spanisch als Muttersprache sprechen, ist Spanisch eine \u00fcberaus weit verbreitete Muttersprache, nach Mandarin sogar die am zweitweitesten verbreitete Muttersprache der Welt. Sie ist in 21 L\u00e4ndern eine offiziell anerkannte Amtssprache und als Minderheitssprache in einigen anderen L\u00e4ndern ebenfalls anerkannt. Damit wird Spanisch auf vier Kontinenten der Welt aktiv gesprochen. Spanisch hat einen gro\u00dfen Stellenwert f\u00fcr die internationale Kommunikation. Sie ist eine der sechs offiziellen Sprachen der Vereinten Nationen, dient ebenfalls der Kommunikation sowie der Organisation in der EU und in den Vereinigten Staaten von Amerika und wird in vielen weiteren internationalen Einrichtungen und Gremien als Verkehrssprache verwendet.<\/p>\n<p>&nbsp;<\/p>\n<ul>\n<li>Spanisch ist eine wichtige<strong> Reisesprache:<\/strong><\/li>\n<\/ul>\n<p>Spanien selbst mit seinen vielen Inseln ist ein sehr beliebtes Urlaubsland der Deutschen. Neben Europa wird Spanisch aber auch in vielen L\u00e4ndern Lateinamerikas sowie in den Vereinigten Staaten von Amerika gesprochen. Spanisch \u2013 eine sehr facettenreiche und vielf\u00e4ltig einsetzbare Sprache f\u00fcr den Urlaub.<\/p>\n<p>&nbsp;<\/p>\n<ul>\n<li>Kennenlernen einer<strong> neuen Kultur und Lebensweise:<\/strong><\/li>\n<\/ul>\n<p>Die Sch\u00fcler:innen lernen eine ihnen bislang noch recht fremde Kultur mit ihren Eigenheiten kennen, bereichern somit ihren kulturellen Horizont und erweitern durch eine kritische Auseinandersetzung der Kulturen ihre eigene Lebensweise und ihr Kulturverst\u00e4ndnis. Neben spanischen Traditionen und Br\u00e4uchen r\u00fccken auch solche anderer spanischsprachiger L\u00e4nder in den Fokus. Dar\u00fcber hinaus werden die vielen Facetten der spanischen Sprache erkundet. Spanisch hat viele sogenannte Variet\u00e4ten, besser bekannt als Dialekte. Nicht nur innerhalb Spaniens gibt es sprachliche Unterschiede, auch in den L\u00e4ndern Lateinamerikas kann die Sprache von Land zu Land sehr variieren.<\/p>\n<p>&nbsp;<\/p>\n<ul>\n<li>Bessere <strong>berufliche Chancen:<\/strong><\/li>\n<\/ul>\n<p>In der globalisierten Welt werden im Besonderen gute bis sehr gute Fremdsprachenkenntnisse in mehreren Sprachen gefordert. Mit Spanisch als Fremdsprache k\u00f6nnen sich f\u00fcr unsere Sch\u00fcler:innen viele T\u00fcren in die ganze Welt \u00f6ffnen. Beispielsweise kann das DELE-Zertifikat (DELE = <strong>D<\/strong>iploma de <strong>E<\/strong>spa\u00f1ol como <strong>L<\/strong>engua <strong>E<\/strong>xtranjera) genutzt werden, um sich an Universit\u00e4ten in Deutschland und auch in vielen anderen L\u00e4ndern oder f\u00fcr Auslandsaufenthalte bspw. als Au-pair zu bewerben.<\/p>\n<p>&nbsp;<\/p>\n<ul>\n<li>Schnelle <strong>Fortschritte durch kompetenzorientierten Spanischunterricht<\/strong>:<\/li>\n<\/ul>\n<p>Im Vergleich zu anderen Fremdsprachen k\u00f6nnen Sch\u00fcler:innen relativ schnell gut auf Spanisch kommunizieren, da Spanisch eine der Sprachen ist, bei der die Schriftsprache und die Aussprache fast identisch sind. Dies hat u.a. zur Folge, dass die anf\u00e4ngliche Motivation erhalten bleibt. Die drei Grunds\u00e4tze f\u00fcr unseren Spanischunterricht sind Spa\u00df, Handlungsorientierung und Kompetenzerleben.<\/p>\n<p>Mit unserem kompetenz-, sch\u00fcler- und problemorientierten Spanischunterricht werden die Sch\u00fcler:innen mithilfe vielf\u00e4ltiger und herausfordernder, alltagsnaher Kommunikationssituationen sukzessive darin bef\u00e4higt, die spanische Sprache zu sprechen, zu lesen, zu h\u00f6ren und zu verstehen sowie zu schreiben. Der Schwerpunkt unseres Spanischunterrichts liegt damit vor allem auf der F\u00f6rderung kommunikativer aber auch trans- bzw. interkultureller Kompetenzen. Dabei richten wir uns im Bereich der kommunikativen F\u00e4higkeiten und Fertigkeiten stets nach den Vorgaben des Gemeinsamen Europ\u00e4ischen Referenzrahmen f\u00fcr Sprachen (GER).<\/p>\n<p>&nbsp;<\/p>\n<ul>\n<li>Neue sehr gute<strong> Lehrmittel:<\/strong><\/li>\n<\/ul>\n<p>Spanisch hat in den letzten Jahren einen gro\u00dfen Aufschwung im schulischen Bereich erfahren. Daher gibt es viele sehr gute Lehrmittel, basierend auf den neusten Erkenntnissen der Fremdsprachendidaktik, die das Erlernen der Sprache enorm erleichtern. So richten sich alle von uns verwendeten Lehrwerke an den sogenannten \u201eEnfoque por tarea\u201c. Am Ende einer jeden Einheit haben die Sch\u00fcler:innen eine Lernaufgabe, also eine finale Aufgabe (\u201ctarea final\u201c) zu bew\u00e4ltigen, in der sie alle aus der Einheit gewonnenen sprachlichen und (inter-)kulturellen Kenntnisse anwenden k\u00f6nnen.<\/p>\n<p><strong>\u00a0<\/strong><\/p>\n<ul>\n<li><strong>Studienreise\/Austausch:<\/strong><\/li>\n<\/ul>\n<p>An der Singbergschule hat bereits eine Studienreise nach Spanien stattgefunden. Dabei konnten die Sch\u00fcler:innen die im Unterricht erworbenen Sprachkenntnisse im Zielland mit Muttersprachler:innen anwenden und somit ihre Kompetenzen selbst \u00fcberpr\u00fcfen. In den n\u00e4chsten Jahren wird ein Sch\u00fcler:innenaustausch angestrebt.<\/p>\n<p>&nbsp;<\/p>\n<ul>\n<li><strong>Sympatische und kompetente Lehrer:innen<\/strong>:<\/li>\n<\/ul>\n<p>Wir, Frau Georg, Herr B\u00f6nicke, Frau Nebel und Frau Gerull (im Foto v.l.n.r.) sind die vier Spanischlehrer:innen, die euch bzw. Ihren Kindern mit Freude einen abwechslungsreichen Spanischunterricht mit der M\u00f6glichkeit zu schnellen sprachlichen Erfolgen erteilen.<\/p>\n<p>&nbsp;<\/p>\n<hr \/>\n<p><img loading=\"lazy\" decoding=\"async\" class=\"alignleft wp-image-8267985 size-full\" src=\"https:\/\/singbergschule-woelfersheim.de\/wp-content\/uploads\/Spanisch.jpg\" alt=\"\" width=\"640\" height=\"580\" srcset=\"https:\/\/singbergschule-woelfersheim.de\/wp-content\/uploads\/Spanisch.jpg 640w, https:\/\/singbergschule-woelfersheim.de\/wp-content\/uploads\/Spanisch-300x272.jpg 300w\" sizes=\"auto, (max-width: 640px) 100vw, 640px\" \/><\/p>\n<h2><\/h2>\n<h2><span style=\"color: #800000;\"><strong>Spanisch an der Singbergschule<\/strong><\/span><\/h2>\n<ul>\n<li><u><span style=\"color: #339966;\"><span style=\"color: #008000;\">Spanisch als zweite Fremdsprache<\/span>:<\/span> <\/u><\/li>\n<\/ul>\n<p>Spanisch kann bei uns als zweite Fremdsprache in der gymnasialen Oberstufe ab der Einf\u00fchrungsphase gew\u00e4hlt werden. F\u00fcr Sch\u00fcler:innen, die bis dahin noch keine zweite Fremdsprache hatten, ist die Wahl einer zweiten Fremdsprache verpflichtend. Verwendet wird hier das Lehrwerk \u201ea tope\u201c vom Cornelsen-Verlag.<\/p>\n<p>Spanisch wird seit dem Schuljahr 2021\/22 als zweite Fremdsprache bei uns angeboten. Die Sch\u00fcler:innen der siebten Jahrgangsstufe der Realschule sowie des Gymnasiums k\u00f6nnen Spanisch als zweite Fremdsprache w\u00e4hlen. Verwendet wird die Lehrwerksreihe \u201e\u00a1Vamos! \u00a1Adelante!\u201c vom Klett-Verlag.<\/p>\n<ul>\n<li><span style=\"color: #008000;\"><u>Spanisch als dritte Fremdsprache:<\/u><\/span><\/li>\n<\/ul>\n<p>Als dritte Fremdsprache kann Spanisch bei uns ab der 9. Klasse im gymnasialen Zweig gew\u00e4hlt werden. Die Sch\u00fcler:innen besuchen den Spanischunterricht dann verpflichtend f\u00fcr zwei Schuljahre. F\u00fcr Spanisch als dritte Fremdsprache verwenden wir das Lehrwerk \u201eEncuentros hoy\u201c vom Cornelsen-Verlag.<\/p>\n<p>Die Sch\u00fcler:innen haben dar\u00fcber hinaus die M\u00f6glichkeit, Spanisch als dritte Fremdsprache nach der 10. Klasse in der gymnasialen Oberstufe fortzuf\u00fchren. F\u00fcr diesen Unterricht wird ebenfalls das Lehrwerk \u201ea tope\u201c vom Cornelsen-Verlag verwendet. Der Unterricht wird au\u00dferdem durch die Themenarbeitshefte vom Klett-Verlag unterst\u00fctzt.<\/p>\n<p>&nbsp;<\/p>\n<ul>\n<li>Im Spanischunterricht aller Jahrgangsstufen wird dar\u00fcber hinaus zus\u00e4tzliches, teils von unseren Lehrer:innen eigens erstelltes und individuell zugeschnittenes Material verwendet.<\/li>\n<\/ul>\n<p>&nbsp;<\/p>\n<ul>\n<li><span style=\"color: #008000;\"><u>Aktueller Stand:<\/u><\/span><\/li>\n<\/ul>\n<p>Derzeit haben wir an der Singbergschule 14 Spanischkurse in allen Jahrgangsstufen ab Klasse 7 bis einschlie\u00dflich der Qualifikationsphase 3. Spanisch hat bei uns also einen gro\u00dfen Andrang gefunden, was unsere gute Arbeit im Spanischunterricht best\u00e4tigt und wor\u00fcber wir uns sehr freuen. Damit dies so bleibt, arbeitet die Spanischfachschaft an weiteren Projekten. Unsere Zukunftsvorhaben sind die Teilnahme am Vorlesewettbewerb \u201eLeo, leo \u2026 \u00bfQu\u00e9 lees?\u201c, die Vorbereitung auf das DELE-Zertifikat sowie die Durchf\u00fchrung eines Sch\u00fcler:innenaustauschs.<\/p>\n<p>&nbsp;<\/p>\n<p>Besuchen Sie uns auch auf unserer <span style=\"color: #800000;\">Instagram-Seite: @singbergschule_ele<\/span><\/p>\n<p>Finden Sie mit Ferdinando, unserem spanischen Freund, mehr \u00fcber unseren Spanischunterricht heraus und informieren Sie sich gerne \u00fcber alle Neuigkeiten.<\/p>\n<p><strong>\u00a0<\/strong><\/p>\n<h2 style=\"text-align: center;\"><strong>Es sind noch Fragen offen oder Sie wollen sich einfach selbst ein Bild machen?<\/strong><\/h2>\n<h2 style=\"text-align: center;\"><strong>Besuchen Sie uns am Tag der offenen T\u00fcr!<\/strong><\/h2>\n<h2 style=\"text-align: center;\"><strong>Kommen Sie mit uns ins Gespr\u00e4ch und werden Sie all ihre Fragen los. <\/strong><\/h2>\n<h2 style=\"text-align: center;\"><strong>Wir freuen uns auf Sie!<\/strong><\/h2>\n<p><strong>\u00a0<\/strong><\/p>\n<h2 style=\"text-align: center;\"><strong><span style=\"color: #800000;\">\u00a1Hasta pronto!<\/span> <\/strong><\/h2>\n<hr \/>\n<p>&nbsp;<\/p>\n<h3>3. Fremdsprache ab Klasse 9 im Gymnasium<\/h3>\n<h3><a href=\"https:\/\/singbergschule-woelfersheim.de\/wp-content\/uploads\/WU_Spanisch_dritte-Fremdsprache.pdf\">Wahlunterricht_Spanisch_dritte Fremdsprache<\/a><\/h3>\n<p><a href=\"https:\/\/singbergschule-woelfersheim.de\/wp-content\/uploads\/WU_3_FS_Anschreiben_Endfassung.pdf\"><img loading=\"lazy\" decoding=\"async\" class=\"alignleft wp-image-3887 size-full\" src=\"https:\/\/singbergschule-woelfersheim.de\/wp-content\/uploads\/hilfsgrafiken\/pdfxs-red.png\" alt=\"\" width=\"18\" height=\"18\" \/><\/a>Formular zur Anmeldung<\/p>\n<p>&nbsp;<\/p>\n","protected":false},"excerpt":{"rendered":"<p>Espa\u00f1ol: m\u00e1s que una lengua \u2026 Spanisch ist eine Weltsprache: Mit \u00fcber 400 Millionen Menschen, die Spanisch als Muttersprache sprechen, ist Spanisch eine \u00fcberaus weit verbreitete Muttersprache, nach Mandarin sogar die am zweitweitesten verbreitete Muttersprache der Welt. Sie ist in 21 L\u00e4ndern eine offiziell anerkannte Amtssprache und als Minderheitssprache in einigen anderen L\u00e4ndern ebenfalls anerkannt. Damit wird Spanisch auf vier Kontinenten der Welt aktiv gesprochen. Spanisch hat einen gro\u00dfen Stellenwert f\u00fcr die internationale Kommunikation. Sie ist eine der sechs offiziellen Sprachen der Vereinten Nationen, dient ebenfalls der Kommunikation sowie der Organisation in der EU und in den Vereinigten Staaten von Amerika und wird in vielen weiteren internationalen Einrichtungen und Gremien als Verkehrssprache verwendet. &nbsp; Spanisch ist eine wichtige Reisesprache: Spanien selbst mit seinen vielen Inseln ist ein sehr beliebtes Urlaubsland der Deutschen. Neben Europa wird Spanisch aber auch in vielen L\u00e4ndern Lateinamerikas sowie in den Vereinigten Staaten von Amerika gesprochen. Spanisch \u2013 eine sehr facettenreiche und vielf\u00e4ltig einsetzbare Sprache f\u00fcr den Urlaub. &nbsp; Kennenlernen einer neuen Kultur und Lebensweise: Die Sch\u00fcler:innen lernen eine ihnen bislang noch recht fremde Kultur mit ihren Eigenheiten kennen, bereichern somit ihren kulturellen Horizont und erweitern durch eine kritische Auseinandersetzung der Kulturen ihre eigene Lebensweise und ihr Kulturverst\u00e4ndnis. Neben spanischen Traditionen und Br\u00e4uchen r\u00fccken auch solche anderer spanischsprachiger L\u00e4nder in den Fokus. Dar\u00fcber hinaus werden die vielen Facetten der spanischen Sprache erkundet. Spanisch hat viele sogenannte Variet\u00e4ten, besser bekannt als Dialekte. Nicht nur innerhalb Spaniens gibt es sprachliche Unterschiede, auch in den L\u00e4ndern Lateinamerikas kann die Sprache von Land zu Land sehr variieren. &nbsp; Bessere berufliche Chancen: In der globalisierten Welt werden im Besonderen gute bis sehr gute Fremdsprachenkenntnisse in mehreren Sprachen gefordert. Mit Spanisch als Fremdsprache k\u00f6nnen sich f\u00fcr unsere Sch\u00fcler:innen viele T\u00fcren in die ganze Welt \u00f6ffnen. Beispielsweise kann das DELE-Zertifikat (DELE = Diploma de Espa\u00f1ol como Lengua Extranjera) genutzt werden, um sich an Universit\u00e4ten in Deutschland und auch in vielen anderen L\u00e4ndern oder f\u00fcr Auslandsaufenthalte bspw. als Au-pair zu bewerben. &nbsp; Schnelle Fortschritte durch kompetenzorientierten Spanischunterricht: Im Vergleich zu anderen Fremdsprachen k\u00f6nnen Sch\u00fcler:innen relativ schnell gut auf Spanisch kommunizieren, da Spanisch eine der Sprachen ist, bei der die Schriftsprache und die Aussprache fast identisch sind. Dies hat u.a. zur Folge, dass die anf\u00e4ngliche Motivation erhalten bleibt. Die drei Grunds\u00e4tze f\u00fcr unseren Spanischunterricht sind Spa\u00df, Handlungsorientierung und Kompetenzerleben. Mit unserem kompetenz-, sch\u00fcler- und problemorientierten Spanischunterricht werden die Sch\u00fcler:innen mithilfe vielf\u00e4ltiger und herausfordernder, alltagsnaher Kommunikationssituationen sukzessive darin bef\u00e4higt, die spanische Sprache zu sprechen, zu lesen, zu h\u00f6ren und zu verstehen sowie zu schreiben. Der Schwerpunkt unseres Spanischunterrichts liegt damit vor allem auf der F\u00f6rderung kommunikativer aber auch trans- bzw. interkultureller Kompetenzen. Dabei richten wir uns im Bereich der kommunikativen F\u00e4higkeiten und Fertigkeiten stets nach den Vorgaben des Gemeinsamen Europ\u00e4ischen Referenzrahmen f\u00fcr Sprachen (GER). &nbsp; Neue sehr gute Lehrmittel: Spanisch hat in den letzten Jahren einen gro\u00dfen Aufschwung im schulischen Bereich erfahren. Daher gibt es viele sehr gute Lehrmittel, basierend auf den neusten Erkenntnissen der Fremdsprachendidaktik, die das Erlernen der Sprache enorm erleichtern. So richten sich alle von uns verwendeten Lehrwerke an den sogenannten \u201eEnfoque por tarea\u201c. Am Ende einer jeden Einheit haben die Sch\u00fcler:innen eine Lernaufgabe, also eine finale Aufgabe (\u201ctarea final\u201c) zu bew\u00e4ltigen, in der sie alle aus der Einheit gewonnenen sprachlichen und (inter-)kulturellen Kenntnisse anwenden k\u00f6nnen. \u00a0 Studienreise\/Austausch: An der Singbergschule hat bereits eine Studienreise nach Spanien stattgefunden. Dabei konnten die Sch\u00fcler:innen die im Unterricht erworbenen Sprachkenntnisse im Zielland mit Muttersprachler:innen anwenden und somit ihre Kompetenzen selbst \u00fcberpr\u00fcfen. In den n\u00e4chsten Jahren wird ein Sch\u00fcler:innenaustausch angestrebt. &nbsp; Sympatische und kompetente Lehrer:innen: Wir, Frau Georg, Herr B\u00f6nicke, Frau Nebel und Frau Gerull (im Foto v.l.n.r.) sind die vier Spanischlehrer:innen, die euch bzw. Ihren Kindern mit Freude einen abwechslungsreichen Spanischunterricht mit der M\u00f6glichkeit zu schnellen sprachlichen Erfolgen erteilen. &nbsp; Spanisch an der Singbergschule Spanisch als zweite Fremdsprache: Spanisch kann bei uns als zweite Fremdsprache in der gymnasialen Oberstufe ab der Einf\u00fchrungsphase gew\u00e4hlt werden. F\u00fcr Sch\u00fcler:innen, die bis dahin noch keine zweite Fremdsprache hatten, ist die Wahl einer zweiten Fremdsprache verpflichtend. Verwendet wird hier das Lehrwerk \u201ea tope\u201c vom Cornelsen-Verlag. Spanisch wird seit dem Schuljahr 2021\/22 als zweite Fremdsprache bei uns angeboten. Die Sch\u00fcler:innen der siebten Jahrgangsstufe der Realschule sowie des Gymnasiums k\u00f6nnen Spanisch als zweite Fremdsprache w\u00e4hlen. Verwendet wird die Lehrwerksreihe \u201e\u00a1Vamos! \u00a1Adelante!\u201c vom Klett-Verlag. Spanisch als dritte Fremdsprache: Als dritte Fremdsprache kann Spanisch bei uns ab der 9. Klasse im gymnasialen Zweig gew\u00e4hlt werden. Die Sch\u00fcler:innen besuchen den Spanischunterricht dann verpflichtend f\u00fcr zwei Schuljahre. F\u00fcr Spanisch als dritte Fremdsprache verwenden wir das Lehrwerk \u201eEncuentros hoy\u201c vom Cornelsen-Verlag. Die Sch\u00fcler:innen haben dar\u00fcber hinaus die M\u00f6glichkeit, Spanisch als dritte Fremdsprache nach der 10. Klasse in der gymnasialen Oberstufe fortzuf\u00fchren. F\u00fcr diesen Unterricht wird ebenfalls das Lehrwerk \u201ea tope\u201c vom Cornelsen-Verlag verwendet. Der Unterricht wird au\u00dferdem durch die Themenarbeitshefte vom Klett-Verlag unterst\u00fctzt. &nbsp; Im Spanischunterricht aller Jahrgangsstufen wird dar\u00fcber hinaus zus\u00e4tzliches, teils von unseren Lehrer:innen eigens erstelltes und individuell zugeschnittenes Material verwendet. &nbsp; Aktueller Stand: Derzeit haben wir an der Singbergschule 14 Spanischkurse in allen Jahrgangsstufen ab Klasse 7 bis einschlie\u00dflich der Qualifikationsphase 3. Spanisch hat bei uns also einen gro\u00dfen Andrang gefunden, was unsere gute Arbeit im Spanischunterricht best\u00e4tigt und wor\u00fcber wir uns sehr freuen. Damit dies so bleibt, arbeitet die Spanischfachschaft an weiteren Projekten. Unsere Zukunftsvorhaben sind die Teilnahme am Vorlesewettbewerb \u201eLeo, leo \u2026 \u00bfQu\u00e9 lees?\u201c, die Vorbereitung auf das DELE-Zertifikat sowie die Durchf\u00fchrung eines Sch\u00fcler:innenaustauschs. &nbsp; Besuchen Sie uns auch auf unserer Instagram-Seite: @singbergschule_ele Finden Sie mit Ferdinando, unserem spanischen Freund, mehr \u00fcber unseren Spanischunterricht heraus und informieren Sie sich gerne \u00fcber alle Neuigkeiten. \u00a0 Es sind noch Fragen offen oder Sie wollen sich einfach selbst ein Bild machen? Besuchen Sie uns am Tag der offenen T\u00fcr! Kommen Sie mit uns ins Gespr\u00e4ch und werden Sie all ihre Fragen los. Wir freuen uns auf Sie! \u00a0 \u00a1Hasta pronto! &nbsp; 3. Fremdsprache ab Klasse 9 im Gymnasium Wahlunterricht_Spanisch_dritte Fremdsprache Formular zur Anmeldung &nbsp;<\/p>\n","protected":false},"author":2,"featured_media":8267985,"parent":0,"menu_order":0,"comment_status":"closed","ping_status":"open","template":"","meta":{"footnotes":""},"class_list":["post-157","page","type-page","status-publish","has-post-thumbnail","hentry"],"_links":{"self":[{"href":"https:\/\/singbergschule-woelfersheim.de\/index.php?rest_route=\/wp\/v2\/pages\/157","targetHints":{"allow":["GET"]}}],"collection":[{"href":"https:\/\/singbergschule-woelfersheim.de\/index.php?rest_route=\/wp\/v2\/pages"}],"about":[{"href":"https:\/\/singbergschule-woelfersheim.de\/index.php?rest_route=\/wp\/v2\/types\/page"}],"author":[{"embeddable":true,"href":"https:\/\/singbergschule-woelfersheim.de\/index.php?rest_route=\/wp\/v2\/users\/2"}],"replies":[{"embeddable":true,"href":"https:\/\/singbergschule-woelfersheim.de\/index.php?rest_route=%2Fwp%2Fv2%2Fcomments&post=157"}],"version-history":[{"count":22,"href":"https:\/\/singbergschule-woelfersheim.de\/index.php?rest_route=\/wp\/v2\/pages\/157\/revisions"}],"predecessor-version":[{"id":8301934,"href":"https:\/\/singbergschule-woelfersheim.de\/index.php?rest_route=\/wp\/v2\/pages\/157\/revisions\/8301934"}],"wp:featuredmedia":[{"embeddable":true,"href":"https:\/\/singbergschule-woelfersheim.de\/index.php?rest_route=\/wp\/v2\/media\/8267985"}],"wp:attachment":[{"href":"https:\/\/singbergschule-woelfersheim.de\/index.php?rest_route=%2Fwp%2Fv2%2Fmedia&parent=157"}],"curies":[{"name":"wp","href":"https:\/\/api.w.org\/{rel}","templated":true}]}}