{"id":148,"date":"2014-10-06T23:12:20","date_gmt":"2014-10-06T21:12:20","guid":{"rendered":"http:\/\/singbergschule-woelfersheim.de\/wordpress\/?page_id=148"},"modified":"2023-03-07T17:44:36","modified_gmt":"2023-03-07T16:44:36","slug":"latein","status":"publish","type":"page","link":"https:\/\/singbergschule-woelfersheim.de\/?page_id=148","title":{"rendered":"Latein"},"content":{"rendered":"<p>Sch\u00fclerinnen und Sch\u00fcler, die den Gymnasialzweig der Singbergschule besuchen, haben die M\u00f6glichkeit, Latein als 2. Fremdsprache ab Jahrgangsstufe 7 oder als 3. Fremdsprache ab Jahrgangsstufe 9 zu lernen.<\/p>\n<p><a href=\"http:\/\/singbergschule-woelfersheim.de\/wp-content\/uploads\/DSC02365-2.jpg\" rel=\"attachment wp-att-6739\"><img loading=\"lazy\" decoding=\"async\" class=\"alignleft wp-image-6739 size-large\" src=\"http:\/\/singbergschule-woelfersheim.de\/wp-content\/uploads\/DSC02365-2-1200x797.jpg\" alt=\"DSC02365 2\" width=\"960\" height=\"638\" srcset=\"https:\/\/singbergschule-woelfersheim.de\/wp-content\/uploads\/DSC02365-2-1200x797.jpg 1200w, https:\/\/singbergschule-woelfersheim.de\/wp-content\/uploads\/DSC02365-2-300x199.jpg 300w, https:\/\/singbergschule-woelfersheim.de\/wp-content\/uploads\/DSC02365-2-768x510.jpg 768w, https:\/\/singbergschule-woelfersheim.de\/wp-content\/uploads\/DSC02365-2.jpg 1964w\" sizes=\"auto, (max-width: 960px) 100vw, 960px\" \/><\/a><\/p>\n<h3><strong><span style=\"color: #800000;\">Warum sollte Latein auch heute noch gelernt werden?<\/span> <\/strong><\/h3>\n<p>Latein ist die Mutter der romanischen Sprachen wie zum Beispiel Italienisch, Franz\u00f6sisch und Spanisch, die aus dem Lateineinischen entstanden sind. <strong>Wer Latein kann, hat einen Vorteil beim Erlernen weiterer Fremdsprachen, da er sich beispielsweise neuen Wortschatz herleiten kann. <\/strong><\/p>\n<p>Latein lebt im Deutschen. Nicht nur in g\u00e4ngigen Fremdw\u00f6rtern wie beispielsweise <em>Abitur <\/em>oder <em>Globalisierung<\/em> steckt ein lateinischer Kern, er verbirgt sich auch in vielen weiteren deutschen W\u00f6rtern, die auf den ersten Blick vermeintlich \u201atypisch Deutsch\u2018 erscheinen, zum Beispiel Keller (von lat. <em>cella<\/em>) oder Kessel (von lat. <em>catillus<\/em>). Durch das \u00dcbersetzen von lateinischen Texten ins Deutsche wird das lexikalische und grammatikalische Verst\u00e4ndnis der Sch\u00fclerinnen und Sch\u00fcler f\u00fcr die deutsche Sprache geschult. <strong>Wer Latein kann, kann sich also nicht nur Fremdw\u00f6rter herleiten, sondern hat gleichzeitig auch ein besseres Verst\u00e4ndnis f\u00fcr die deutsche Grammatik, was f\u00fcr alle anderen Unterrichtsf\u00e4cher von Vorteil ist.<\/strong><\/p>\n<p>Unz\u00e4hlige Ideen und Konzepte unseres europ\u00e4ischen Kulturkreises gehen auf die Antike zur\u00fcck: Sei es unsere Demokratie, die ihren Ursprung im antiken Griechenland hat, die Texte antiker Autoren, die Einzug in die Weltliteratur gefunden haben, die Gedanken antiker Philosophen, die im Alltag ihre Anwendung finden k\u00f6nnen oder die Fu\u00dfbodenheizung, die bereits in Thermen im alten Rom betrieben wurde \u2026 Es lassen sich unz\u00e4hlige Ankn\u00fcpfungspunkte finden. <strong>Wer sich mit antiker Kultur besch\u00e4ftigt, lernt die Urspr\u00fcnge der eigenen, europ\u00e4ischen Kultur kennen. <\/strong><\/p>\n<p><strong>Wie wird Latein an der Singbergschule unterrichtet? <\/strong><\/p>\n<p><strong>Latein ist kein eingestaubtes Fach! <\/strong>Nach dieser Devise versuchen wir unseren Unterricht zu gestalten. Im Mittelpunkt der Lateinstunden steht die Arbeit mit lateinischen Texten, zun\u00e4chst mit Lehrbuchtexten, ab Jahrgangsstufe 10 zunehmend mit authentischen Texten aus unterschiedlichen Bereichen wie Philosophie, Rhetorik oder Lyrik. Die Texte werden ins Deutsche \u00fcbersetzt, gleichzeitig werden neuer Wortschatz und neue Grammatik erlernt. Zus\u00e4tzlich werden die Texte inhaltlich bearbeitet und Ankn\u00fcpfungspunkte zum Sch\u00fcleralltag aufgezeigt.<\/p>\n<p>Ein besonderer Schwerpunkt liegt auf der Vokabelarbeit: Im Lateinunterricht lernen die Sch\u00fclerinnen und Sch\u00fcler verschiedenen Mnemotechniken und Methoden kennen, um sich neuen Wortschatz besser anzueignen und zu merken.<\/p>\n<p>Wir verwenden wir ein modernes Lehrwerk, das mit vielen Zusatzmaterialien und M\u00f6glichkeiten zur Differenzierung bietet, damit die Sch\u00fclerinnen und Sch\u00fcler auf ihrem Niveau arbeiten k\u00f6nnen.<\/p>\n<p>Auch eine Fahrt gibt es: So fahren alle Lateinsch\u00fclerinnen und -sch\u00fcler in der 9. Klasse f\u00fcr mehrere Tage nach Trier, um dort auf den Spuren der R\u00f6mer zu wandeln.<\/p>\n<p>Nach f\u00fcnf Jahren (bei Latein als 2. Fremdsprache nach der Jgst. 11 und bei Latein als 3. Fremdsprache nach Jgst. 13) erhalten die Sch\u00fclerinnen und Sch\u00fcler ihr Latinum, wenn sie das Schuljahr mit 5 Punkten (Note 4) abschlie\u00dfen. Dieses ist an einigen Universit\u00e4ten weiterhin Zulassungsvoraussetzung f\u00fcr zahlreiche Studieng\u00e4nge wie Theologie, Arch\u00e4ologie oder Anglistik.<\/p>\n<p>Wenn Sie \u00fcberlegen, ob Latein das richtige Fach f\u00fcr Ihr Kind ist und Beratung w\u00fcnschen, wenden Sie sich gerne an die Fachschaft Latein, Ansprechpartner: Ch. Seyfert (Fachsprecher).<\/p>\n<p><a href=\"http:\/\/singbergschule-woelfersheim.de\/wp-content\/uploads\/DSC02366-2.jpg\" rel=\"attachment wp-att-6740\"><img loading=\"lazy\" decoding=\"async\" class=\"aligncenter wp-image-6740 size-large\" src=\"http:\/\/singbergschule-woelfersheim.de\/wp-content\/uploads\/DSC02366-2-1200x797.jpg\" alt=\"DSC02366 2\" width=\"960\" height=\"638\" srcset=\"https:\/\/singbergschule-woelfersheim.de\/wp-content\/uploads\/DSC02366-2-1200x797.jpg 1200w, https:\/\/singbergschule-woelfersheim.de\/wp-content\/uploads\/DSC02366-2-300x199.jpg 300w, https:\/\/singbergschule-woelfersheim.de\/wp-content\/uploads\/DSC02366-2-768x510.jpg 768w, https:\/\/singbergschule-woelfersheim.de\/wp-content\/uploads\/DSC02366-2.jpg 1964w\" sizes=\"auto, (max-width: 960px) 100vw, 960px\" \/><\/a><\/p>\n<p><a href=\"http:\/\/singbergschule-woelfersheim.de\/wp-content\/uploads\/DSC02364-2.jpg\" rel=\"attachment wp-att-6738\"><img loading=\"lazy\" decoding=\"async\" class=\"alignleft wp-image-6738 size-large\" src=\"http:\/\/singbergschule-woelfersheim.de\/wp-content\/uploads\/DSC02364-2-1200x797.jpg\" alt=\"DSC02364 2\" width=\"960\" height=\"638\" srcset=\"https:\/\/singbergschule-woelfersheim.de\/wp-content\/uploads\/DSC02364-2-1200x797.jpg 1200w, https:\/\/singbergschule-woelfersheim.de\/wp-content\/uploads\/DSC02364-2-300x199.jpg 300w, https:\/\/singbergschule-woelfersheim.de\/wp-content\/uploads\/DSC02364-2-768x510.jpg 768w, https:\/\/singbergschule-woelfersheim.de\/wp-content\/uploads\/DSC02364-2.jpg 1964w\" sizes=\"auto, (max-width: 960px) 100vw, 960px\" \/><\/a><\/p>\n<p>&nbsp;<\/p>\n<p>&nbsp;<\/p>\n<p>&nbsp;<\/p>\n<p><img loading=\"lazy\" decoding=\"async\" class=\"wp-image-11268 aligncenter\" src=\"http:\/\/singbergschule-woelfersheim.de\/wp-content\/uploads\/latein_1-300x199.jpg\" alt=\"\" width=\"508\" height=\"337\" srcset=\"https:\/\/singbergschule-woelfersheim.de\/wp-content\/uploads\/latein_1-300x199.jpg 300w, https:\/\/singbergschule-woelfersheim.de\/wp-content\/uploads\/latein_1-768x511.jpg 768w, https:\/\/singbergschule-woelfersheim.de\/wp-content\/uploads\/latein_1-1200x798.jpg 1200w, https:\/\/singbergschule-woelfersheim.de\/wp-content\/uploads\/latein_1.jpg 1712w\" sizes=\"auto, (max-width: 508px) 100vw, 508px\" \/><\/p>\n<p style=\"text-align: center;\"><img loading=\"lazy\" decoding=\"async\" class=\"aligncenter wp-image-8754447 size-full\" src=\"https:\/\/singbergschule-woelfersheim.de\/wp-content\/uploads\/FAchschaft-Latein-k.jpg\" alt=\"\" width=\"906\" height=\"680\" srcset=\"https:\/\/singbergschule-woelfersheim.de\/wp-content\/uploads\/FAchschaft-Latein-k.jpg 906w, https:\/\/singbergschule-woelfersheim.de\/wp-content\/uploads\/FAchschaft-Latein-k-300x225.jpg 300w, https:\/\/singbergschule-woelfersheim.de\/wp-content\/uploads\/FAchschaft-Latein-k-768x576.jpg 768w\" sizes=\"auto, (max-width: 906px) 100vw, 906px\" \/>Die Fachschaft Latein: B.Kl\u00fcber, Ch. Seyfert, B. Ditthardt, L. Georg, F. Ruppel, S. Mayer<\/p>\n","protected":false},"excerpt":{"rendered":"<p>Sch\u00fclerinnen und Sch\u00fcler, die den Gymnasialzweig der Singbergschule besuchen, haben die M\u00f6glichkeit, Latein als 2. Fremdsprache ab Jahrgangsstufe 7 oder als 3. Fremdsprache ab Jahrgangsstufe 9 zu lernen. Warum sollte Latein auch heute noch gelernt werden? Latein ist die Mutter der romanischen Sprachen wie zum Beispiel Italienisch, Franz\u00f6sisch und Spanisch, die aus dem Lateineinischen entstanden sind. Wer Latein kann, hat einen Vorteil beim Erlernen weiterer Fremdsprachen, da er sich beispielsweise neuen Wortschatz herleiten kann. Latein lebt im Deutschen. Nicht nur in g\u00e4ngigen Fremdw\u00f6rtern wie beispielsweise Abitur oder Globalisierung steckt ein lateinischer Kern, er verbirgt sich auch in vielen weiteren deutschen W\u00f6rtern, die auf den ersten Blick vermeintlich \u201atypisch Deutsch\u2018 erscheinen, zum Beispiel Keller (von lat. cella) oder Kessel (von lat. catillus). Durch das \u00dcbersetzen von lateinischen Texten ins Deutsche wird das lexikalische und grammatikalische Verst\u00e4ndnis der Sch\u00fclerinnen und Sch\u00fcler f\u00fcr die deutsche Sprache geschult. Wer Latein kann, kann sich also nicht nur Fremdw\u00f6rter herleiten, sondern hat gleichzeitig auch ein besseres Verst\u00e4ndnis f\u00fcr die deutsche Grammatik, was f\u00fcr alle anderen Unterrichtsf\u00e4cher von Vorteil ist. Unz\u00e4hlige Ideen und Konzepte unseres europ\u00e4ischen Kulturkreises gehen auf die Antike zur\u00fcck: Sei es unsere Demokratie, die ihren Ursprung im antiken Griechenland hat, die Texte antiker Autoren, die Einzug in die Weltliteratur gefunden haben, die Gedanken antiker Philosophen, die im Alltag ihre Anwendung finden k\u00f6nnen oder die Fu\u00dfbodenheizung, die bereits in Thermen im alten Rom betrieben wurde \u2026 Es lassen sich unz\u00e4hlige Ankn\u00fcpfungspunkte finden. Wer sich mit antiker Kultur besch\u00e4ftigt, lernt die Urspr\u00fcnge der eigenen, europ\u00e4ischen Kultur kennen. Wie wird Latein an der Singbergschule unterrichtet? Latein ist kein eingestaubtes Fach! Nach dieser Devise versuchen wir unseren Unterricht zu gestalten. Im Mittelpunkt der Lateinstunden steht die Arbeit mit lateinischen Texten, zun\u00e4chst mit Lehrbuchtexten, ab Jahrgangsstufe 10 zunehmend mit authentischen Texten aus unterschiedlichen Bereichen wie Philosophie, Rhetorik oder Lyrik. Die Texte werden ins Deutsche \u00fcbersetzt, gleichzeitig werden neuer Wortschatz und neue Grammatik erlernt. Zus\u00e4tzlich werden die Texte inhaltlich bearbeitet und Ankn\u00fcpfungspunkte zum Sch\u00fcleralltag aufgezeigt. Ein besonderer Schwerpunkt liegt auf der Vokabelarbeit: Im Lateinunterricht lernen die Sch\u00fclerinnen und Sch\u00fcler verschiedenen Mnemotechniken und Methoden kennen, um sich neuen Wortschatz besser anzueignen und zu merken. Wir verwenden wir ein modernes Lehrwerk, das mit vielen Zusatzmaterialien und M\u00f6glichkeiten zur Differenzierung bietet, damit die Sch\u00fclerinnen und Sch\u00fcler auf ihrem Niveau arbeiten k\u00f6nnen. Auch eine Fahrt gibt es: So fahren alle Lateinsch\u00fclerinnen und -sch\u00fcler in der 9. Klasse f\u00fcr mehrere Tage nach Trier, um dort auf den Spuren der R\u00f6mer zu wandeln. Nach f\u00fcnf Jahren (bei Latein als 2. Fremdsprache nach der Jgst. 11 und bei Latein als 3. Fremdsprache nach Jgst. 13) erhalten die Sch\u00fclerinnen und Sch\u00fcler ihr Latinum, wenn sie das Schuljahr mit 5 Punkten (Note 4) abschlie\u00dfen. Dieses ist an einigen Universit\u00e4ten weiterhin Zulassungsvoraussetzung f\u00fcr zahlreiche Studieng\u00e4nge wie Theologie, Arch\u00e4ologie oder Anglistik. Wenn Sie \u00fcberlegen, ob Latein das richtige Fach f\u00fcr Ihr Kind ist und Beratung w\u00fcnschen, wenden Sie sich gerne an die Fachschaft Latein, Ansprechpartner: Ch. Seyfert (Fachsprecher). &nbsp; &nbsp; &nbsp; Die Fachschaft Latein: B.Kl\u00fcber, Ch. Seyfert, B. Ditthardt, L. Georg, F. Ruppel, S. Mayer<\/p>\n","protected":false},"author":2,"featured_media":0,"parent":0,"menu_order":0,"comment_status":"closed","ping_status":"open","template":"","meta":{"footnotes":""},"class_list":["post-148","page","type-page","status-publish","hentry"],"_links":{"self":[{"href":"https:\/\/singbergschule-woelfersheim.de\/index.php?rest_route=\/wp\/v2\/pages\/148","targetHints":{"allow":["GET"]}}],"collection":[{"href":"https:\/\/singbergschule-woelfersheim.de\/index.php?rest_route=\/wp\/v2\/pages"}],"about":[{"href":"https:\/\/singbergschule-woelfersheim.de\/index.php?rest_route=\/wp\/v2\/types\/page"}],"author":[{"embeddable":true,"href":"https:\/\/singbergschule-woelfersheim.de\/index.php?rest_route=\/wp\/v2\/users\/2"}],"replies":[{"embeddable":true,"href":"https:\/\/singbergschule-woelfersheim.de\/index.php?rest_route=%2Fwp%2Fv2%2Fcomments&post=148"}],"version-history":[{"count":16,"href":"https:\/\/singbergschule-woelfersheim.de\/index.php?rest_route=\/wp\/v2\/pages\/148\/revisions"}],"predecessor-version":[{"id":8754450,"href":"https:\/\/singbergschule-woelfersheim.de\/index.php?rest_route=\/wp\/v2\/pages\/148\/revisions\/8754450"}],"wp:attachment":[{"href":"https:\/\/singbergschule-woelfersheim.de\/index.php?rest_route=%2Fwp%2Fv2%2Fmedia&parent=148"}],"curies":[{"name":"wp","href":"https:\/\/api.w.org\/{rel}","templated":true}]}}